{"id":105993,"date":"2023-10-27T07:20:52","date_gmt":"2023-10-27T07:20:52","guid":{"rendered":"https:\/\/focus.s.nomatter.dev\/es\/?page_id=105993"},"modified":"2023-09-08T21:27:47","modified_gmt":"2023-09-08T21:27:47","slug":"nuestros-clientes","status":"publish","type":"page","link":"https:\/\/focus.s.nomatter.dev\/es\/nuestros-clientes\/","title":{"rendered":"Nuestros Clientes"},"content":{"rendered":"<p>Durante m\u00e1s de una d\u00e9cada, FocusEconomics ha mantenido una s\u00f3lida reputaci\u00f3n entre las principales instituciones financieras, empresas multinacionales y organismos gubernamentales del mundo como fuente fiable de inteligencia empresarial. Empresas de todo el mundo conf\u00edan en FocusEconomics para acceder a inteligencia econ\u00f3mica oportuna y precisa. A continuaci\u00f3n figura una lista representativa:<\/p>\n<h2>C\u00f3mo ayuda FocusEconomics a los sectores industriales<\/h2>\n<ul>\n<li><a href=\"https:\/\/focus.s.nomatter.dev\/es\/auto-industry\" target=\"_blank\" rel=\"noopener\" data-loopstyle=\"link\">Industria del autom\u00f3vil<\/a><\/li>\n<li><a href=\"https:\/\/focus.s.nomatter.dev\/es\/chemicals-industry\" target=\"_blank\" rel=\"noopener\">Industria qu\u00edmica<\/a><\/li>\n<li><a href=\"https:\/\/focus.s.nomatter.dev\/es\/fast-moving-consumer-goods\" target=\"_blank\" rel=\"noopener\">Bienes de consumo de r\u00e1pida rotaci\u00f3n<\/a><\/li>\n<li><a href=\"https:\/\/focus.s.nomatter.dev\/es\/focuseconomics-data-for-financial-sector\/\">FocusEconomics Datos del sector financiero<\/a><\/li>\n<li><a href=\"https:\/\/focus.s.nomatter.dev\/es\/industrial-goods-services\" target=\"_blank\" rel=\"noopener\">Bienes y servicios industriales<\/a><\/li>\n<li><a href=\"https:\/\/focus.s.nomatter.dev\/es\/telecommunications-industry\" target=\"_blank\" rel=\"noopener\">Telecomunicaciones<\/a><\/li>\n<\/ul>\n<h2>Sectores Privados<\/h2>\n<table style=\"height: 1259px;\" border=\"0\" width=\"1256\">\n<tbody>\n<tr>\n<td><img loading=\"lazy\" decoding=\"async\" class=\"r48jcc pT0Scc iPVvYb aligncenter\" src=\"https:\/\/brandemia.org\/sites\/default\/files\/inline\/images\/american_express_logo_wordmark_detail.png\" alt=\"American Express redise\u00f1a su identidad corporativa \u2014 Brandemia\" width=\"209\" height=\"85\" \/><\/td>\n<td><img loading=\"lazy\" decoding=\"async\" class=\"r48jcc pT0Scc iPVvYb aligncenter\" src=\"https:\/\/logos-world.net\/wp-content\/uploads\/2022\/06\/BASF-Logo.jpg\" alt=\"BASF Logo, symbol, meaning, history, PNG, brand\" width=\"233\" height=\"131\" \/><\/td>\n<td><img loading=\"lazy\" decoding=\"async\" class=\"aligncenter\" src=\"https:\/\/focus-d7op8.kinsta.storage\/production\/uploads\/2022\/11\/bmw.png\" alt=\"BMW logo \" width=\"114\" height=\"114\" data-name=\"image\" \/><\/td>\n<td><img loading=\"lazy\" decoding=\"async\" class=\"r48jcc ag2Pqd pT0Scc aligncenter\" src=\"https:\/\/encrypted-tbn0.gstatic.com\/images?q=tbn:ANd9GcRRKG9cgVm9PuMC6jF9FwzkhZo7ZdApbSfH1QVJ-6or&amp;s\" alt=\"File:Chanel logo interlocking cs.svg \" width=\"147\" height=\"94\" \/><\/td>\n<td>&nbsp;<\/p>\n<p><img loading=\"lazy\" decoding=\"async\" class=\"aligncenter\" src=\"https:\/\/focus-d7op8.kinsta.storage\/production\/uploads\/2022\/09\/logo-cisco.svg\" alt=\"Cisco company logo\" width=\"190\" height=\"102\" data-name=\"image\" \/><\/td>\n<\/tr>\n<tr>\n<td><img loading=\"lazy\" decoding=\"async\" class=\"aligncenter\" src=\"https:\/\/focus-d7op8.kinsta.storage\/production\/uploads\/2022\/09\/logo-cocacola.svg\" alt=\"Coca Cola Company Logo\" width=\"189\" height=\"61\" data-name=\"image\" \/><\/td>\n<td><img loading=\"lazy\" decoding=\"async\" class=\"r48jcc pT0Scc aligncenter\" src=\"https:\/\/encrypted-tbn0.gstatic.com\/images?q=tbn:ANd9GcT2-VOB800-KtqwvFjJgHahJjH5kEyYJvbgdxBL7ChC&amp;s\" alt=\"Danone Logo - s\u00edmbolo, significado logotipo, historia, PNG\" width=\"182\" height=\"102\" \/><\/td>\n<td><img loading=\"lazy\" decoding=\"async\" class=\"r48jcc pT0Scc iPVvYb aligncenter\" src=\"https:\/\/1000marcas.net\/wp-content\/uploads\/2020\/02\/logo-Electrolux.png\" alt=\"Electrolux Logo - s\u00edmbolo, significado logotipo, historia, PNG\" width=\"191\" height=\"107\" aria-hidden=\"false\" \/><\/td>\n<td><img loading=\"lazy\" decoding=\"async\" class=\"r48jcc pT0Scc iPVvYb aligncenter\" src=\"https:\/\/upload.wikimedia.org\/wikipedia\/commons\/thumb\/f\/ff\/General_Electric_logo.svg\/1200px-General_Electric_logo.svg.png\" alt=\"General Electric - Wikipedia, la enciclopedia libre\" width=\"102\" height=\"102\" aria-hidden=\"false\" \/><\/td>\n<td>&nbsp;<\/p>\n<p><img loading=\"lazy\" decoding=\"async\" class=\"r48jcc pT0Scc iPVvYb aligncenter\" src=\"https:\/\/1000marcas.net\/wp-content\/uploads\/2020\/02\/logo-Google.png\" alt=\"Google Logo - s\u00edmbolo, significado logotipo, historia, PNG\" width=\"184\" height=\"104\" aria-hidden=\"false\" \/><\/td>\n<\/tr>\n<tr>\n<td><img loading=\"lazy\" decoding=\"async\" class=\"r48jcc pT0Scc iPVvYb aligncenter\" src=\"https:\/\/logodownload.org\/wp-content\/uploads\/2014\/09\/honda-carros-logo-1.png\" alt=\"Honda Autos Logo - PNG y Vector\" width=\"168\" height=\"119\" aria-hidden=\"false\" \/><\/td>\n<td><img loading=\"lazy\" decoding=\"async\" class=\"r48jcc pT0Scc iPVvYb aligncenter\" src=\"https:\/\/upload.wikimedia.org\/wikipedia\/commons\/5\/51\/IBM_logo.svg\" alt=\"IBM - Wikipedia, la enciclopedia libre\" width=\"150\" height=\"60\" aria-hidden=\"false\" \/><\/td>\n<td><img loading=\"lazy\" decoding=\"async\" class=\"r48jcc pT0Scc iPVvYb aligncenter\" src=\"https:\/\/logohistory.net\/wp-content\/uploads\/2023\/01\/Ford-Logo.svg\" alt=\"Ford Logo and sign, new logo meaning and history, PNG, SVG\" width=\"174\" height=\"98\" aria-hidden=\"false\" \/><\/td>\n<td><img loading=\"lazy\" decoding=\"async\" class=\"r48jcc pT0Scc iPVvYb aligncenter\" src=\"https:\/\/upload.wikimedia.org\/wikipedia\/commons\/thumb\/2\/2a\/Mastercard-logo.svg\/618px-Mastercard-logo.svg.png\" alt=\"Archivo:Mastercard-logo.svg - Wikipedia, la enciclopedia libre\" width=\"106\" height=\"82\" aria-hidden=\"false\" \/><\/td>\n<td>&nbsp;<\/p>\n<p><img loading=\"lazy\" decoding=\"async\" class=\"aligncenter\" src=\"https:\/\/focus-d7op8.kinsta.storage\/production\/uploads\/2022\/08\/mc-donalds-yellow-logo.svg\" alt=\"McDonalds Company logo\" width=\"138\" height=\"121\" data-name=\"image\" \/><\/td>\n<\/tr>\n<tr>\n<td>\n<h2><img loading=\"lazy\" decoding=\"async\" class=\"r48jcc pT0Scc iPVvYb aligncenter\" src=\"https:\/\/upload.wikimedia.org\/wikipedia\/commons\/thumb\/9\/90\/Mercedes-Logo.svg\/2048px-Mercedes-Logo.svg.png\" alt=\"File:Mercedes-Logo.svg - Wikimedia Commons\" width=\"80\" height=\"80\" \/><\/h2>\n<\/td>\n<td>\n<h2><\/h2>\n<h2><img loading=\"lazy\" decoding=\"async\" class=\"r48jcc pT0Scc iPVvYb aligncenter\" src=\"https:\/\/upload.wikimedia.org\/wikipedia\/commons\/a\/ab\/Meta-Logo.png\" alt=\"File:Meta-Logo.png - Wikimedia Commons\" width=\"218\" height=\"123\" \/><\/h2>\n<\/td>\n<td>\n<h2><img loading=\"lazy\" decoding=\"async\" class=\"r48jcc pT0Scc iPVvYb aligncenter\" src=\"https:\/\/upload.wikimedia.org\/wikipedia\/commons\/thumb\/5\/50\/Nestle_textlogo_blue.svg\/1200px-Nestle_textlogo_blue.svg.png\" alt=\"Archivo:Nestle textlogo blue.svg - Wikipedia, la enciclopedia libre\" width=\"191\" height=\"52\" aria-hidden=\"false\" \/><\/h2>\n<h2><\/h2>\n<\/td>\n<td>\n<h2><img loading=\"lazy\" decoding=\"async\" class=\"r48jcc pT0Scc iPVvYb aligncenter\" src=\"https:\/\/1000logos.net\/wp-content\/uploads\/2021\/11\/Nike-Logo.png\" alt=\"Nike Logo and symbol, meaning, history, PNG, brand\" width=\"150\" height=\"84\" aria-hidden=\"false\" \/><\/h2>\n<h2><\/h2>\n<\/td>\n<td><img loading=\"lazy\" decoding=\"async\" class=\"r48jcc pT0Scc iPVvYb aligncenter\" src=\"https:\/\/upload.wikimedia.org\/wikipedia\/commons\/thumb\/8\/8c\/Nissan_logo.png\/1196px-Nissan_logo.png\" alt=\"Archivo:Nissan logo.png - Wikipedia, la enciclopedia libre\" width=\"117\" height=\"100\" aria-hidden=\"false\" \/><\/p>\n<h2><\/h2>\n<h2><\/h2>\n<\/td>\n<\/tr>\n<tr>\n<td><img loading=\"lazy\" decoding=\"async\" class=\"r48jcc pT0Scc iPVvYb aligncenter\" src=\"https:\/\/upload.wikimedia.org\/wikipedia\/commons\/thumb\/5\/52\/Philips_logo_new.svg\/2560px-Philips_logo_new.svg.png\" alt=\"Archivo:Philips logo new.svg - Wikipedia, la enciclopedia libre\" width=\"217\" height=\"40\" aria-hidden=\"false\" \/><\/td>\n<td>\n<h2><img loading=\"lazy\" decoding=\"async\" class=\"r48jcc pT0Scc iPVvYb aligncenter\" src=\"https:\/\/1000marcas.net\/wp-content\/uploads\/2020\/01\/logo-Red-Bull.png\" alt=\"Red Bull Logo - s\u00edmbolo, significado logotipo, historia, PNG\" width=\"151\" height=\"85\" \/><\/h2>\n<\/td>\n<td>\n<h2><img loading=\"lazy\" decoding=\"async\" class=\"r48jcc pT0Scc iPVvYb aligncenter\" src=\"https:\/\/logodownload.org\/wp-content\/uploads\/2014\/01\/samsung-logo-5.png\" alt=\"Samsung Logo - PNG y Vector\" width=\"206\" height=\"32\" \/><\/h2>\n<\/td>\n<td>\n<h2><img loading=\"lazy\" decoding=\"async\" class=\"r48jcc pT0Scc iPVvYb aligncenter\" src=\"https:\/\/dwglogo.com\/wp-content\/uploads\/2016\/03\/3200px-siemens_logo.png\" alt=\"Siemens logo\" width=\"260\" height=\"180\" \/><\/h2>\n<\/td>\n<td>\n<h2><img loading=\"lazy\" decoding=\"async\" class=\"r48jcc pT0Scc iPVvYb aligncenter\" src=\"https:\/\/1000marcas.net\/wp-content\/uploads\/2020\/01\/logo-Sony.png\" alt=\"Sony Logo - s\u00edmbolo, significado logotipo, historia, PNG\" width=\"183\" height=\"103\" \/><\/h2>\n<h2><\/h2>\n<\/td>\n<\/tr>\n<tr>\n<td>\n<h2><img loading=\"lazy\" decoding=\"async\" class=\"r48jcc pT0Scc iPVvYb aligncenter\" src=\"https:\/\/upload.wikimedia.org\/wikipedia\/commons\/thumb\/f\/f9\/P%26G_logo.png\/640px-P%26G_logo.png\" alt=\"File:P&amp;G logo.png -\" width=\"149\" height=\"65\" aria-hidden=\"false\" \/><\/h2>\n<h2><\/h2>\n<\/td>\n<td>\n<h2><img loading=\"lazy\" decoding=\"async\" class=\"aligncenter\" src=\"https:\/\/focus-d7op8.kinsta.storage\/production\/uploads\/2022\/09\/Logo_Revolut-300x81.png\" alt=\"Revolut Company Logo\" width=\"182\" height=\"49\" data-name=\"image\" \/><\/h2>\n<\/td>\n<td><img loading=\"lazy\" decoding=\"async\" class=\"r48jcc pT0Scc iPVvYb aligncenter\" src=\"https:\/\/upload.wikimedia.org\/wikipedia\/commons\/thumb\/2\/26\/Spotify_logo_with_text.svg\/1200px-Spotify_logo_with_text.svg.png\" alt=\"Archivo:Spotify logo with text.svg - \" width=\"209\" height=\"63\" aria-hidden=\"false\" \/><\/td>\n<td><img loading=\"lazy\" decoding=\"async\" class=\"r48jcc pT0Scc iPVvYb aligncenter\" src=\"https:\/\/s7g10.scene7.com\/is\/image\/tetrapak\/tetra-pak-logotype?wid=384&amp;hei=216&amp;fmt=jpg&amp;resMode=sharp2&amp;qlt=85,0&amp;op_usm=1.75,0.3,2,0\" alt=\"Tetra Pak trademark, logotypes and housemark | Tetra Pak\" width=\"263\" height=\"148\" \/><\/td>\n<td><img loading=\"lazy\" decoding=\"async\" class=\"r48jcc pT0Scc iPVvYb aligncenter\" src=\"https:\/\/www.t-mobile.com\/news\/_admin\/uploads\/2020\/06\/T-Mobile_New_Logo_Primary_RGB_M-on-W.jpg\" alt=\"T\u2011Mobile Logo (magenta on white, CMYK, JPEG) \u2011 T\u2011Mobile Newsroom\" width=\"237\" height=\"106\" \/><\/td>\n<\/tr>\n<tr>\n<td>\n<h2><\/h2>\n<h2><img loading=\"lazy\" decoding=\"async\" class=\"r48jcc pT0Scc iPVvYb aligncenter\" src=\"https:\/\/global.toyota\/pages\/global_toyota\/mobility\/toyota-brand\/emblem_ogp_001.png\" alt=\"Emblem | Exclusive Product Stories | Toyota Brand | Mobility ...\" width=\"219\" height=\"115\" \/><\/h2>\n<\/td>\n<td><img loading=\"lazy\" decoding=\"async\" class=\"r48jcc pT0Scc iPVvYb aligncenter\" src=\"https:\/\/seeklogo.com\/images\/T\/Total-logo-EB3BAE27A4-seeklogo.com.png\" alt=\"Total Logo PNG Vector (AI) Free Download\" width=\"93\" height=\"116\" \/><\/p>\n<h2><\/h2>\n<\/td>\n<td><img loading=\"lazy\" decoding=\"async\" class=\"r48jcc pT0Scc iPVvYb aligncenter\" src=\"https:\/\/1000marcas.net\/wp-content\/uploads\/2020\/02\/Unilever-Logo-1.png\" alt=\"Unilever Logo - s\u00edmbolo, significado logotipo, historia, PNG\" width=\"194\" height=\"109\" \/><\/td>\n<td><img loading=\"lazy\" decoding=\"async\" class=\"r48jcc ag2Pqd pT0Scc aligncenter\" src=\"https:\/\/encrypted-tbn0.gstatic.com\/images?q=tbn:ANd9GcSFWl0TUZYy6S_HFyJmglVrnqE7OU-pYI3ozew0w83WrQ&amp;s\" alt=\"File:Volkswagen logo 2019.svg \" width=\"92\" height=\"92\" \/><\/td>\n<td><img loading=\"lazy\" decoding=\"async\" class=\"r48jcc pT0Scc aligncenter\" src=\"https:\/\/encrypted-tbn0.gstatic.com\/images?q=tbn:ANd9GcSlP3SVW9lNXz0dqCTHetPAf1F_KEDv3YFDvEjCn9sz&amp;s\" alt=\"Verizon Logo - s\u00edmbolo, significado logotipo, historia, PNG\" width=\"178\" height=\"100\" \/><\/td>\n<\/tr>\n<\/tbody>\n<\/table>\n","protected":false},"excerpt":{"rendered":"<p>Durante m\u00e1s de una d\u00e9cada, FocusEconomics ha mantenido una s\u00f3lida reputaci\u00f3n entre las principales instituciones financieras, empresas multinacionales y organismos gubernamentales del mundo como fuente fiable de inteligencia empresarial. Empresas de todo el mundo conf\u00edan en FocusEconomics para acceder a inteligencia econ\u00f3mica oportuna y precisa. A continuaci\u00f3n figura una lista representativa: C\u00f3mo ayuda FocusEconomics a<\/p>\n","protected":false},"author":7,"featured_media":0,"parent":0,"menu_order":0,"comment_status":"closed","ping_status":"closed","template":"template-flexible-content.blade.php","meta":{"_acf_changed":false,"editor_notices":[],"footnotes":""},"class_list":["post-105993","page","type-page","status-publish","hentry"],"acf":[],"yoast_head":"<!-- This site is optimized with the Yoast SEO Premium plugin v26.9 (Yoast SEO v26.9) - https:\/\/yoast.com\/product\/yoast-seo-premium-wordpress\/ -->\n<title>Nuestros Clientes - FocusEconomics [ES]<\/title>\n<meta name=\"robots\" content=\"noindex, follow, max-snippet:-1, max-image-preview:large, max-video-preview:-1\" \/>\n<meta property=\"og:locale\" content=\"es_ES\" class=\"yoast-seo-meta-tag\" \/>\n<meta property=\"og:type\" content=\"article\" class=\"yoast-seo-meta-tag\" \/>\n<meta property=\"og:title\" content=\"Nuestros Clientes\" class=\"yoast-seo-meta-tag\" \/>\n<meta property=\"og:description\" content=\"Durante m\u00e1s de una d\u00e9cada, FocusEconomics ha mantenido una s\u00f3lida reputaci\u00f3n entre las principales instituciones financieras, empresas multinacionales y organismos gubernamentales del mundo como fuente fiable de inteligencia empresarial. Empresas de todo el mundo conf\u00edan en FocusEconomics para acceder a inteligencia econ\u00f3mica oportuna y precisa. A continuaci\u00f3n figura una lista representativa: C\u00f3mo ayuda FocusEconomics a\" class=\"yoast-seo-meta-tag\" \/>\n<meta property=\"og:url\" content=\"https:\/\/focus.s.nomatter.dev\/es\/nuestros-clientes\/\" class=\"yoast-seo-meta-tag\" \/>\n<meta property=\"og:site_name\" content=\"FocusEconomics [ES]\" class=\"yoast-seo-meta-tag\" \/>\n<meta property=\"article:publisher\" content=\"https:\/\/www.facebook.com\/FocusEconomics\" class=\"yoast-seo-meta-tag\" \/>\n<meta property=\"og:image\" content=\"https:\/\/brandemia.org\/sites\/default\/files\/inline\/images\/american_express_logo_wordmark_detail.png\" class=\"yoast-seo-meta-tag\" \/>\n<meta name=\"twitter:card\" content=\"summary_large_image\" class=\"yoast-seo-meta-tag\" \/>\n<meta name=\"twitter:site\" content=\"@FocusEconomics\" class=\"yoast-seo-meta-tag\" \/>\n<meta name=\"twitter:label1\" content=\"Tiempo de lectura\" class=\"yoast-seo-meta-tag\" \/>\n\t<meta name=\"twitter:data1\" content=\"8 minutos\" class=\"yoast-seo-meta-tag\" \/>\n<script type=\"application\/ld+json\" class=\"yoast-schema-graph\">{\"@context\":\"https:\/\/schema.org\",\"@graph\":[{\"@type\":\"WebPage\",\"@id\":\"https:\/\/focus.s.nomatter.dev\/es\/nuestros-clientes\/\",\"url\":\"https:\/\/focus.s.nomatter.dev\/es\/nuestros-clientes\/\",\"name\":\"Nuestros Clientes - FocusEconomics [ES]\",\"isPartOf\":{\"@id\":\"https:\/\/focus.s.nomatter.dev\/es\/#website\"},\"primaryImageOfPage\":{\"@id\":\"https:\/\/focus.s.nomatter.dev\/es\/nuestros-clientes\/#primaryimage\"},\"image\":{\"@id\":\"https:\/\/focus.s.nomatter.dev\/es\/nuestros-clientes\/#primaryimage\"},\"thumbnailUrl\":\"https:\/\/brandemia.org\/sites\/default\/files\/inline\/images\/american_express_logo_wordmark_detail.png\",\"datePublished\":\"2023-10-27T07:20:52+00:00\",\"breadcrumb\":{\"@id\":\"https:\/\/focus.s.nomatter.dev\/es\/nuestros-clientes\/#breadcrumb\"},\"inLanguage\":\"es\",\"potentialAction\":[{\"@type\":\"ReadAction\",\"target\":[\"https:\/\/focus.s.nomatter.dev\/es\/nuestros-clientes\/\"]}]},{\"@type\":\"ImageObject\",\"inLanguage\":\"es\",\"@id\":\"https:\/\/focus.s.nomatter.dev\/es\/nuestros-clientes\/#primaryimage\",\"url\":\"https:\/\/brandemia.org\/sites\/default\/files\/inline\/images\/american_express_logo_wordmark_detail.png\",\"contentUrl\":\"https:\/\/brandemia.org\/sites\/default\/files\/inline\/images\/american_express_logo_wordmark_detail.png\"},{\"@type\":\"BreadcrumbList\",\"@id\":\"https:\/\/focus.s.nomatter.dev\/es\/nuestros-clientes\/#breadcrumb\",\"itemListElement\":[{\"@type\":\"ListItem\",\"position\":1,\"name\":\"Home\",\"item\":\"https:\/\/focus.s.nomatter.dev\/es\/\"},{\"@type\":\"ListItem\",\"position\":2,\"name\":\"Nuestros Clientes\"}]},{\"@type\":\"WebSite\",\"@id\":\"https:\/\/focus.s.nomatter.dev\/es\/#website\",\"url\":\"https:\/\/focus.s.nomatter.dev\/es\/\",\"name\":\"FocusEconomics\",\"description\":\"Economic Indicators, News and Forecasts\",\"publisher\":{\"@id\":\"https:\/\/focus.s.nomatter.dev\/es\/#organization\"},\"potentialAction\":[{\"@type\":\"SearchAction\",\"target\":{\"@type\":\"EntryPoint\",\"urlTemplate\":\"https:\/\/focus.s.nomatter.dev\/es\/search-results\/?global-search={search_term_string}\"},\"query-input\":{\"@type\":\"PropertyValueSpecification\",\"valueRequired\":true,\"valueName\":\"search_term_string\"}}],\"inLanguage\":\"es\"},{\"@type\":\"Organization\",\"@id\":\"https:\/\/focus.s.nomatter.dev\/es\/#organization\",\"name\":\"FocusEconomics\",\"url\":\"https:\/\/focus.s.nomatter.dev\/es\/\",\"logo\":{\"@type\":\"ImageObject\",\"inLanguage\":\"es\",\"@id\":\"https:\/\/focus.s.nomatter.dev\/es\/#\/schema\/logo\/image\/\",\"url\":\"https:\/\/focus-d7op8.kinsta.storage\/production\/uploads\/sites\/5\/2022\/08\/logo.svg\",\"contentUrl\":\"https:\/\/focus-d7op8.kinsta.storage\/production\/uploads\/sites\/5\/2022\/08\/logo.svg\",\"width\":277,\"height\":54,\"caption\":\"FocusEconomics\"},\"image\":{\"@id\":\"https:\/\/focus.s.nomatter.dev\/es\/#\/schema\/logo\/image\/\"},\"sameAs\":[\"https:\/\/www.facebook.com\/FocusEconomics\",\"https:\/\/x.com\/FocusEconomics\"]}]}<\/script>\n<!-- \/ Yoast SEO Premium plugin. -->","yoast_head_json":{"title":"Nuestros Clientes - FocusEconomics [ES]","robots":{"index":"noindex","follow":"follow","max-snippet":"max-snippet:-1","max-image-preview":"max-image-preview:large","max-video-preview":"max-video-preview:-1"},"og_locale":"es_ES","og_type":"article","og_title":"Nuestros Clientes","og_description":"Durante m\u00e1s de una d\u00e9cada, FocusEconomics ha mantenido una s\u00f3lida reputaci\u00f3n entre las principales instituciones financieras, empresas multinacionales y organismos gubernamentales del mundo como fuente fiable de inteligencia empresarial. Empresas de todo el mundo conf\u00edan en FocusEconomics para acceder a inteligencia econ\u00f3mica oportuna y precisa. A continuaci\u00f3n figura una lista representativa: C\u00f3mo ayuda FocusEconomics a","og_url":"https:\/\/focus.s.nomatter.dev\/es\/nuestros-clientes\/","og_site_name":"FocusEconomics [ES]","article_publisher":"https:\/\/www.facebook.com\/FocusEconomics","og_image":[{"url":"https:\/\/brandemia.org\/sites\/default\/files\/inline\/images\/american_express_logo_wordmark_detail.png","type":"","width":"","height":""}],"twitter_card":"summary_large_image","twitter_site":"@FocusEconomics","twitter_misc":{"Tiempo de lectura":"8 minutos"},"schema":{"@context":"https:\/\/schema.org","@graph":[{"@type":"WebPage","@id":"https:\/\/focus.s.nomatter.dev\/es\/nuestros-clientes\/","url":"https:\/\/focus.s.nomatter.dev\/es\/nuestros-clientes\/","name":"Nuestros Clientes - FocusEconomics [ES]","isPartOf":{"@id":"https:\/\/focus.s.nomatter.dev\/es\/#website"},"primaryImageOfPage":{"@id":"https:\/\/focus.s.nomatter.dev\/es\/nuestros-clientes\/#primaryimage"},"image":{"@id":"https:\/\/focus.s.nomatter.dev\/es\/nuestros-clientes\/#primaryimage"},"thumbnailUrl":"https:\/\/brandemia.org\/sites\/default\/files\/inline\/images\/american_express_logo_wordmark_detail.png","datePublished":"2023-10-27T07:20:52+00:00","breadcrumb":{"@id":"https:\/\/focus.s.nomatter.dev\/es\/nuestros-clientes\/#breadcrumb"},"inLanguage":"es","potentialAction":[{"@type":"ReadAction","target":["https:\/\/focus.s.nomatter.dev\/es\/nuestros-clientes\/"]}]},{"@type":"ImageObject","inLanguage":"es","@id":"https:\/\/focus.s.nomatter.dev\/es\/nuestros-clientes\/#primaryimage","url":"https:\/\/brandemia.org\/sites\/default\/files\/inline\/images\/american_express_logo_wordmark_detail.png","contentUrl":"https:\/\/brandemia.org\/sites\/default\/files\/inline\/images\/american_express_logo_wordmark_detail.png"},{"@type":"BreadcrumbList","@id":"https:\/\/focus.s.nomatter.dev\/es\/nuestros-clientes\/#breadcrumb","itemListElement":[{"@type":"ListItem","position":1,"name":"Home","item":"https:\/\/focus.s.nomatter.dev\/es\/"},{"@type":"ListItem","position":2,"name":"Nuestros Clientes"}]},{"@type":"WebSite","@id":"https:\/\/focus.s.nomatter.dev\/es\/#website","url":"https:\/\/focus.s.nomatter.dev\/es\/","name":"FocusEconomics","description":"Economic Indicators, News and Forecasts","publisher":{"@id":"https:\/\/focus.s.nomatter.dev\/es\/#organization"},"potentialAction":[{"@type":"SearchAction","target":{"@type":"EntryPoint","urlTemplate":"https:\/\/focus.s.nomatter.dev\/es\/search-results\/?global-search={search_term_string}"},"query-input":{"@type":"PropertyValueSpecification","valueRequired":true,"valueName":"search_term_string"}}],"inLanguage":"es"},{"@type":"Organization","@id":"https:\/\/focus.s.nomatter.dev\/es\/#organization","name":"FocusEconomics","url":"https:\/\/focus.s.nomatter.dev\/es\/","logo":{"@type":"ImageObject","inLanguage":"es","@id":"https:\/\/focus.s.nomatter.dev\/es\/#\/schema\/logo\/image\/","url":"https:\/\/focus-d7op8.kinsta.storage\/production\/uploads\/sites\/5\/2022\/08\/logo.svg","contentUrl":"https:\/\/focus-d7op8.kinsta.storage\/production\/uploads\/sites\/5\/2022\/08\/logo.svg","width":277,"height":54,"caption":"FocusEconomics"},"image":{"@id":"https:\/\/focus.s.nomatter.dev\/es\/#\/schema\/logo\/image\/"},"sameAs":["https:\/\/www.facebook.com\/FocusEconomics","https:\/\/x.com\/FocusEconomics"]}]}},"_links":{"self":[{"href":"https:\/\/focus.s.nomatter.dev\/es\/wp-json\/wp\/v2\/pages\/105993","targetHints":{"allow":["GET"]}}],"collection":[{"href":"https:\/\/focus.s.nomatter.dev\/es\/wp-json\/wp\/v2\/pages"}],"about":[{"href":"https:\/\/focus.s.nomatter.dev\/es\/wp-json\/wp\/v2\/types\/page"}],"author":[{"embeddable":true,"href":"https:\/\/focus.s.nomatter.dev\/es\/wp-json\/wp\/v2\/users\/7"}],"replies":[{"embeddable":true,"href":"https:\/\/focus.s.nomatter.dev\/es\/wp-json\/wp\/v2\/comments?post=105993"}],"version-history":[{"count":0,"href":"https:\/\/focus.s.nomatter.dev\/es\/wp-json\/wp\/v2\/pages\/105993\/revisions"}],"wp:attachment":[{"href":"https:\/\/focus.s.nomatter.dev\/es\/wp-json\/wp\/v2\/media?parent=105993"}],"curies":[{"name":"wp","href":"https:\/\/api.w.org\/{rel}","templated":true}]}}