{"id":146042,"date":"2023-09-08T18:56:46","date_gmt":"2023-09-08T18:56:46","guid":{"rendered":"https:\/\/focus.s.nomatter.dev\/es\/?page_id=146042"},"modified":"2023-09-08T19:34:26","modified_gmt":"2023-09-08T19:34:26","slug":"perspectivas-para-america-latina","status":"publish","type":"page","link":"https:\/\/focus.s.nomatter.dev\/es\/blog\/perspectivas-para-america-latina\/","title":{"rendered":"Informe especial: Perspectivas para Am\u00e9rica Latina"},"content":{"rendered":"<p>La econom\u00eda de Am\u00e9rica Latina ha atravesado una d\u00e9cada dif\u00edcil y se vislumbran varios riesgos en el horizonte de los pr\u00f3ximos a\u00f1os. Pero el continente tambi\u00e9n encierra un inmenso potencial econ\u00f3mico, sobre todo gracias a sus grandes reservas de minerales, clave para la transici\u00f3n ecol\u00f3gica.<\/p>\n<p>En nuestro \u00faltimo informe especial sobre la regi\u00f3n, examinamos:<\/p>\n<p>-Los recientes resultados econ\u00f3micos de Am\u00e9rica Latina<br \/>\n-Las perspectivas del PIB y la inflaci\u00f3n en los pr\u00f3ximos a\u00f1os<br \/>\n-El impacto de El Ni\u00f1o<br \/>\n-El futuro de las exportaciones de materias primas de la regi\u00f3n<br \/>\n-Perspectivas de las principales econom\u00edas<\/p>\n<p><strong>Acerca de FocusEconomics<\/strong><\/p>\n<p><em>FocusEconomics es un proveedor l\u00edder de an\u00e1lisis y previsiones econ\u00f3micas para 198 pa\u00edses de \u00c1frica, Asia, Am\u00e9rica, Europa y Oriente Medio, as\u00ed como de previsiones de precios para m\u00e1s de 30 materias primas clave. La empresa cuenta con el apoyo de una amplia red mundial de analistas.<\/em><\/p>\n<p><em>Desde su lanzamiento hace m\u00e1s de 20 a\u00f1os, FocusEconomics se ha labrado una s\u00f3lida reputaci\u00f3n como fuente fiable de inteligencia empresarial oportuna y precisa entre clientes de diversos sectores, incluidas las principales instituciones financieras, empresas multinacionales y organismos gubernamentales del mundo.<\/em><\/p>\n<p><em>Si desea saber m\u00e1s sobre FocusEconomics y qu\u00e9 hace que Consensus Forecast sea tan valioso, visite nuestra p\u00e1gina Qui\u00e9nes somos.<\/em><\/p>\n<p><strong><em>\u00bfPor qu\u00e9 le pedimos sus datos personales?<\/em><\/strong><\/p>\n<p><em>Toda la informaci\u00f3n que nos proporcione ser\u00e1 privada. Nunca facilitaremos sus datos personales a terceros ni le enviaremos spam. Se lo prometemos.<\/em><\/p>\n<p><em>Es posible que un miembro de nuestro equipo se ponga en contacto con usted en el futuro para saber qu\u00e9 le ha parecido el seminario web y conocer su opini\u00f3n.<\/em><\/p>\n","protected":false},"excerpt":{"rendered":"<p>La econom\u00eda de Am\u00e9rica Latina ha atravesado una d\u00e9cada dif\u00edcil y se vislumbran varios riesgos en el horizonte de los pr\u00f3ximos a\u00f1os. Pero el continente tambi\u00e9n encierra un inmenso potencial econ\u00f3mico, sobre todo gracias a sus grandes reservas de minerales, clave para la transici\u00f3n ecol\u00f3gica. En nuestro \u00faltimo informe especial sobre la regi\u00f3n, examinamos: -Los<\/p>\n","protected":false},"author":7,"featured_media":146043,"parent":177,"menu_order":0,"comment_status":"closed","ping_status":"closed","template":"template-simple.blade.php","meta":{"_acf_changed":false,"editor_notices":[],"footnotes":""},"class_list":["post-146042","page","type-page","status-publish","has-post-thumbnail","hentry"],"acf":[],"yoast_head":"<!-- This site is optimized with the Yoast SEO Premium plugin v26.9 (Yoast SEO v26.9) - https:\/\/yoast.com\/product\/yoast-seo-premium-wordpress\/ -->\n<title>Informe especial: Perspectivas para Am\u00e9rica Latina - FocusEconomics [ES]<\/title>\n<meta name=\"description\" content=\"La econom\u00eda de Am\u00e9rica Latina ha atravesado una d\u00e9cada dif\u00edcil y se vislumbran varios riesgos en el horizonte de los pr\u00f3ximos a\u00f1os. Pero el continente tambi\u00e9n encierra un inmenso potencial econ\u00f3mico, sobre todo gracias a sus grandes reservas de minerales, clave para la transici\u00f3n ecol\u00f3gica.\" class=\"yoast-seo-meta-tag\" \/>\n<meta name=\"robots\" content=\"noindex, nofollow\" \/>\n<meta property=\"og:locale\" content=\"es_ES\" class=\"yoast-seo-meta-tag\" \/>\n<meta property=\"og:type\" content=\"article\" class=\"yoast-seo-meta-tag\" \/>\n<meta property=\"og:title\" content=\"Informe especial: Perspectivas para Am\u00e9rica Latina\" class=\"yoast-seo-meta-tag\" \/>\n<meta property=\"og:description\" content=\"La econom\u00eda de Am\u00e9rica Latina ha atravesado una d\u00e9cada dif\u00edcil y se vislumbran varios riesgos en el horizonte de los pr\u00f3ximos a\u00f1os. Pero el continente tambi\u00e9n encierra un inmenso potencial econ\u00f3mico, sobre todo gracias a sus grandes reservas de minerales, clave para la transici\u00f3n ecol\u00f3gica.\" class=\"yoast-seo-meta-tag\" \/>\n<meta property=\"og:url\" content=\"https:\/\/focus.s.nomatter.dev\/es\/blog\/perspectivas-para-america-latina\/\" class=\"yoast-seo-meta-tag\" \/>\n<meta property=\"og:site_name\" content=\"FocusEconomics [ES]\" class=\"yoast-seo-meta-tag\" \/>\n<meta property=\"article:publisher\" content=\"https:\/\/www.facebook.com\/FocusEconomics\" class=\"yoast-seo-meta-tag\" \/>\n<meta property=\"article:modified_time\" content=\"2023-09-08T19:34:26+00:00\" class=\"yoast-seo-meta-tag\" \/>\n<meta property=\"og:image\" content=\"https:\/\/focus.nm-img.net\/uploads\/sites\/5\/2023\/09\/ltam.png\" class=\"yoast-seo-meta-tag\" \/>\n\t<meta property=\"og:image:width\" content=\"788\" class=\"yoast-seo-meta-tag\" \/>\n\t<meta property=\"og:image:height\" content=\"162\" class=\"yoast-seo-meta-tag\" \/>\n\t<meta property=\"og:image:type\" content=\"image\/png\" class=\"yoast-seo-meta-tag\" \/>\n<meta name=\"twitter:card\" content=\"summary_large_image\" class=\"yoast-seo-meta-tag\" \/>\n<meta name=\"twitter:site\" content=\"@FocusEconomics\" class=\"yoast-seo-meta-tag\" \/>\n<meta name=\"twitter:label1\" content=\"Tiempo de lectura\" class=\"yoast-seo-meta-tag\" \/>\n\t<meta name=\"twitter:data1\" content=\"2 minutos\" class=\"yoast-seo-meta-tag\" \/>\n<script type=\"application\/ld+json\" class=\"yoast-schema-graph\">{\"@context\":\"https:\/\/schema.org\",\"@graph\":[{\"@type\":\"WebPage\",\"@id\":\"https:\/\/focus.s.nomatter.dev\/es\/blog\/perspectivas-para-america-latina\/\",\"url\":\"https:\/\/focus.s.nomatter.dev\/es\/blog\/perspectivas-para-america-latina\/\",\"name\":\"Informe especial: Perspectivas para Am\u00e9rica Latina - FocusEconomics [ES]\",\"isPartOf\":{\"@id\":\"https:\/\/focus.s.nomatter.dev\/es\/#website\"},\"primaryImageOfPage\":{\"@id\":\"https:\/\/focus.s.nomatter.dev\/es\/blog\/perspectivas-para-america-latina\/#primaryimage\"},\"image\":{\"@id\":\"https:\/\/focus.s.nomatter.dev\/es\/blog\/perspectivas-para-america-latina\/#primaryimage\"},\"thumbnailUrl\":\"https:\/\/focus-stg.nm-img.net\/uploads\/sites\/5\/2023\/09\/ltam.png\",\"datePublished\":\"2023-09-08T18:56:46+00:00\",\"dateModified\":\"2023-09-08T19:34:26+00:00\",\"description\":\"La econom\u00eda de Am\u00e9rica Latina ha atravesado una d\u00e9cada dif\u00edcil y se vislumbran varios riesgos en el horizonte de los pr\u00f3ximos a\u00f1os. Pero el continente tambi\u00e9n encierra un inmenso potencial econ\u00f3mico, sobre todo gracias a sus grandes reservas de minerales, clave para la transici\u00f3n ecol\u00f3gica.\",\"breadcrumb\":{\"@id\":\"https:\/\/focus.s.nomatter.dev\/es\/blog\/perspectivas-para-america-latina\/#breadcrumb\"},\"inLanguage\":\"es\",\"potentialAction\":[{\"@type\":\"ReadAction\",\"target\":[\"https:\/\/focus.s.nomatter.dev\/es\/blog\/perspectivas-para-america-latina\/\"]}]},{\"@type\":\"ImageObject\",\"inLanguage\":\"es\",\"@id\":\"https:\/\/focus.s.nomatter.dev\/es\/blog\/perspectivas-para-america-latina\/#primaryimage\",\"url\":\"https:\/\/focus-stg.nm-img.net\/uploads\/sites\/5\/2023\/09\/ltam.png\",\"contentUrl\":\"https:\/\/focus-stg.nm-img.net\/uploads\/sites\/5\/2023\/09\/ltam.png\",\"width\":788,\"height\":162},{\"@type\":\"BreadcrumbList\",\"@id\":\"https:\/\/focus.s.nomatter.dev\/es\/blog\/perspectivas-para-america-latina\/#breadcrumb\",\"itemListElement\":[{\"@type\":\"ListItem\",\"position\":1,\"name\":\"Home\",\"item\":\"https:\/\/focus.s.nomatter.dev\/es\/\"},{\"@type\":\"ListItem\",\"position\":2,\"name\":\"An\u00e1lisis\",\"item\":\"https:\/\/focus.s.nomatter.dev\/es\/blog\/\"},{\"@type\":\"ListItem\",\"position\":3,\"name\":\"Informe especial: Perspectivas para Am\u00e9rica Latina\"}]},{\"@type\":\"WebSite\",\"@id\":\"https:\/\/focus.s.nomatter.dev\/es\/#website\",\"url\":\"https:\/\/focus.s.nomatter.dev\/es\/\",\"name\":\"FocusEconomics\",\"description\":\"Economic Indicators, News and Forecasts\",\"publisher\":{\"@id\":\"https:\/\/focus.s.nomatter.dev\/es\/#organization\"},\"potentialAction\":[{\"@type\":\"SearchAction\",\"target\":{\"@type\":\"EntryPoint\",\"urlTemplate\":\"https:\/\/focus.s.nomatter.dev\/es\/search-results\/?global-search={search_term_string}\"},\"query-input\":{\"@type\":\"PropertyValueSpecification\",\"valueRequired\":true,\"valueName\":\"search_term_string\"}}],\"inLanguage\":\"es\"},{\"@type\":\"Organization\",\"@id\":\"https:\/\/focus.s.nomatter.dev\/es\/#organization\",\"name\":\"FocusEconomics\",\"url\":\"https:\/\/focus.s.nomatter.dev\/es\/\",\"logo\":{\"@type\":\"ImageObject\",\"inLanguage\":\"es\",\"@id\":\"https:\/\/focus.s.nomatter.dev\/es\/#\/schema\/logo\/image\/\",\"url\":\"https:\/\/focus-d7op8.kinsta.storage\/production\/uploads\/sites\/5\/2022\/08\/logo.svg\",\"contentUrl\":\"https:\/\/focus-d7op8.kinsta.storage\/production\/uploads\/sites\/5\/2022\/08\/logo.svg\",\"width\":277,\"height\":54,\"caption\":\"FocusEconomics\"},\"image\":{\"@id\":\"https:\/\/focus.s.nomatter.dev\/es\/#\/schema\/logo\/image\/\"},\"sameAs\":[\"https:\/\/www.facebook.com\/FocusEconomics\",\"https:\/\/x.com\/FocusEconomics\"]}]}<\/script>\n<!-- \/ Yoast SEO Premium plugin. -->","yoast_head_json":{"title":"Informe especial: Perspectivas para Am\u00e9rica Latina - FocusEconomics [ES]","description":"La econom\u00eda de Am\u00e9rica Latina ha atravesado una d\u00e9cada dif\u00edcil y se vislumbran varios riesgos en el horizonte de los pr\u00f3ximos a\u00f1os. Pero el continente tambi\u00e9n encierra un inmenso potencial econ\u00f3mico, sobre todo gracias a sus grandes reservas de minerales, clave para la transici\u00f3n ecol\u00f3gica.","robots":{"index":"noindex","follow":"nofollow"},"og_locale":"es_ES","og_type":"article","og_title":"Informe especial: Perspectivas para Am\u00e9rica Latina","og_description":"La econom\u00eda de Am\u00e9rica Latina ha atravesado una d\u00e9cada dif\u00edcil y se vislumbran varios riesgos en el horizonte de los pr\u00f3ximos a\u00f1os. Pero el continente tambi\u00e9n encierra un inmenso potencial econ\u00f3mico, sobre todo gracias a sus grandes reservas de minerales, clave para la transici\u00f3n ecol\u00f3gica.","og_url":"https:\/\/focus.s.nomatter.dev\/es\/blog\/perspectivas-para-america-latina\/","og_site_name":"FocusEconomics [ES]","article_publisher":"https:\/\/www.facebook.com\/FocusEconomics","article_modified_time":"2023-09-08T19:34:26+00:00","og_image":[{"width":788,"height":162,"url":"https:\/\/focus.nm-img.net\/uploads\/sites\/5\/2023\/09\/ltam.png","type":"image\/png"}],"twitter_card":"summary_large_image","twitter_site":"@FocusEconomics","twitter_misc":{"Tiempo de lectura":"2 minutos"},"schema":{"@context":"https:\/\/schema.org","@graph":[{"@type":"WebPage","@id":"https:\/\/focus.s.nomatter.dev\/es\/blog\/perspectivas-para-america-latina\/","url":"https:\/\/focus.s.nomatter.dev\/es\/blog\/perspectivas-para-america-latina\/","name":"Informe especial: Perspectivas para Am\u00e9rica Latina - FocusEconomics [ES]","isPartOf":{"@id":"https:\/\/focus.s.nomatter.dev\/es\/#website"},"primaryImageOfPage":{"@id":"https:\/\/focus.s.nomatter.dev\/es\/blog\/perspectivas-para-america-latina\/#primaryimage"},"image":{"@id":"https:\/\/focus.s.nomatter.dev\/es\/blog\/perspectivas-para-america-latina\/#primaryimage"},"thumbnailUrl":"https:\/\/focus-stg.nm-img.net\/uploads\/sites\/5\/2023\/09\/ltam.png","datePublished":"2023-09-08T18:56:46+00:00","dateModified":"2023-09-08T19:34:26+00:00","description":"La econom\u00eda de Am\u00e9rica Latina ha atravesado una d\u00e9cada dif\u00edcil y se vislumbran varios riesgos en el horizonte de los pr\u00f3ximos a\u00f1os. Pero el continente tambi\u00e9n encierra un inmenso potencial econ\u00f3mico, sobre todo gracias a sus grandes reservas de minerales, clave para la transici\u00f3n ecol\u00f3gica.","breadcrumb":{"@id":"https:\/\/focus.s.nomatter.dev\/es\/blog\/perspectivas-para-america-latina\/#breadcrumb"},"inLanguage":"es","potentialAction":[{"@type":"ReadAction","target":["https:\/\/focus.s.nomatter.dev\/es\/blog\/perspectivas-para-america-latina\/"]}]},{"@type":"ImageObject","inLanguage":"es","@id":"https:\/\/focus.s.nomatter.dev\/es\/blog\/perspectivas-para-america-latina\/#primaryimage","url":"https:\/\/focus-stg.nm-img.net\/uploads\/sites\/5\/2023\/09\/ltam.png","contentUrl":"https:\/\/focus-stg.nm-img.net\/uploads\/sites\/5\/2023\/09\/ltam.png","width":788,"height":162},{"@type":"BreadcrumbList","@id":"https:\/\/focus.s.nomatter.dev\/es\/blog\/perspectivas-para-america-latina\/#breadcrumb","itemListElement":[{"@type":"ListItem","position":1,"name":"Home","item":"https:\/\/focus.s.nomatter.dev\/es\/"},{"@type":"ListItem","position":2,"name":"An\u00e1lisis","item":"https:\/\/focus.s.nomatter.dev\/es\/blog\/"},{"@type":"ListItem","position":3,"name":"Informe especial: Perspectivas para Am\u00e9rica Latina"}]},{"@type":"WebSite","@id":"https:\/\/focus.s.nomatter.dev\/es\/#website","url":"https:\/\/focus.s.nomatter.dev\/es\/","name":"FocusEconomics","description":"Economic Indicators, News and Forecasts","publisher":{"@id":"https:\/\/focus.s.nomatter.dev\/es\/#organization"},"potentialAction":[{"@type":"SearchAction","target":{"@type":"EntryPoint","urlTemplate":"https:\/\/focus.s.nomatter.dev\/es\/search-results\/?global-search={search_term_string}"},"query-input":{"@type":"PropertyValueSpecification","valueRequired":true,"valueName":"search_term_string"}}],"inLanguage":"es"},{"@type":"Organization","@id":"https:\/\/focus.s.nomatter.dev\/es\/#organization","name":"FocusEconomics","url":"https:\/\/focus.s.nomatter.dev\/es\/","logo":{"@type":"ImageObject","inLanguage":"es","@id":"https:\/\/focus.s.nomatter.dev\/es\/#\/schema\/logo\/image\/","url":"https:\/\/focus-d7op8.kinsta.storage\/production\/uploads\/sites\/5\/2022\/08\/logo.svg","contentUrl":"https:\/\/focus-d7op8.kinsta.storage\/production\/uploads\/sites\/5\/2022\/08\/logo.svg","width":277,"height":54,"caption":"FocusEconomics"},"image":{"@id":"https:\/\/focus.s.nomatter.dev\/es\/#\/schema\/logo\/image\/"},"sameAs":["https:\/\/www.facebook.com\/FocusEconomics","https:\/\/x.com\/FocusEconomics"]}]}},"_links":{"self":[{"href":"https:\/\/focus.s.nomatter.dev\/es\/wp-json\/wp\/v2\/pages\/146042","targetHints":{"allow":["GET"]}}],"collection":[{"href":"https:\/\/focus.s.nomatter.dev\/es\/wp-json\/wp\/v2\/pages"}],"about":[{"href":"https:\/\/focus.s.nomatter.dev\/es\/wp-json\/wp\/v2\/types\/page"}],"author":[{"embeddable":true,"href":"https:\/\/focus.s.nomatter.dev\/es\/wp-json\/wp\/v2\/users\/7"}],"replies":[{"embeddable":true,"href":"https:\/\/focus.s.nomatter.dev\/es\/wp-json\/wp\/v2\/comments?post=146042"}],"version-history":[{"count":0,"href":"https:\/\/focus.s.nomatter.dev\/es\/wp-json\/wp\/v2\/pages\/146042\/revisions"}],"up":[{"embeddable":true,"href":"https:\/\/focus.s.nomatter.dev\/es\/wp-json\/wp\/v2\/pages\/177"}],"wp:featuredmedia":[{"embeddable":true,"href":"https:\/\/focus.s.nomatter.dev\/es\/wp-json\/wp\/v2\/media\/146043"}],"wp:attachment":[{"href":"https:\/\/focus.s.nomatter.dev\/es\/wp-json\/wp\/v2\/media?parent=146042"}],"curies":[{"name":"wp","href":"https:\/\/api.w.org\/{rel}","templated":true}]}}