{"id":147770,"date":"2023-11-13T10:36:22","date_gmt":"2023-11-13T10:36:22","guid":{"rendered":"https:\/\/focus.s.nomatter.dev\/es\/?page_id=147770"},"modified":"2023-11-20T11:50:45","modified_gmt":"2023-11-20T11:50:45","slug":"las-economias-de-mercado-emergentes","status":"publish","type":"page","link":"https:\/\/focus.s.nomatter.dev\/es\/blog\/las-economias-de-mercado-emergentes\/","title":{"rendered":"Informe especial: El Ni\u00f1o"},"content":{"rendered":"<p>En nuestro \u00faltimo informe especial, profundizamos en las perspectivas de las econom\u00edas de mercado emergentes para los pr\u00f3ximos a\u00f1os.<\/p>\n<p><strong>El informe contiene:<\/strong><\/p>\n<ul>\n<li>Las perspectivas de las distintas regiones de mercados emergentes<\/li>\n<li>Perspectivas espec\u00edficas de China y la India<\/li>\n<li>Principales factores de riesgo<\/li>\n<li>Nuestras previsiones de PIB e inflaci\u00f3n para 2024 y 2025<\/li>\n<li>Opiniones de nuestros expertos<\/li>\n<\/ul>\n<p><strong>Acerca de FocusEconomics<\/strong><\/p>\n<p>FocusEconomics es un proveedor l\u00edder de an\u00e1lisis y previsiones econ\u00f3micas para 198 pa\u00edses de \u00c1frica, Asia, Am\u00e9rica, Europa y Oriente Medio, as\u00ed como de previsiones de precios para m\u00e1s de 30 materias primas clave. La empresa cuenta con el apoyo de una amplia red mundial de analistas.<\/p>\n<p>Desde su lanzamiento hace m\u00e1s de 20 a\u00f1os, FocusEconomics se ha labrado una s\u00f3lida reputaci\u00f3n como fuente fiable de inteligencia empresarial oportuna y precisa entre clientes de diversos sectores, incluidas las principales instituciones financieras, empresas multinacionales y organismos gubernamentales del mundo.<\/p>\n<p>Si desea saber m\u00e1s sobre FocusEconomics y qu\u00e9 hace que Consensus Forecast sea tan valioso, visite nuestra p\u00e1gina Qui\u00e9nes somos.<\/p>\n<p><strong>\u00bfPor qu\u00e9 le pedimos sus datos personales?<\/strong><\/p>\n<p>Toda la informaci\u00f3n que nos proporcione ser\u00e1 privada. Nunca comunicaremos sus datos personales a terceros ni le enviaremos spam. Se lo prometemos.<\/p>\n<p>Es posible que un miembro de nuestro equipo se ponga en contacto con usted en el futuro para saber qu\u00e9 le ha parecido el seminario web y conocer su opini\u00f3n.<\/p>\n","protected":false},"excerpt":{"rendered":"<p>En nuestro \u00faltimo informe especial, profundizamos en las perspectivas de las econom\u00edas de mercado emergentes para los pr\u00f3ximos a\u00f1os. El informe contiene: Las perspectivas de las distintas regiones de mercados emergentes Perspectivas espec\u00edficas de China y la India Principales factores de riesgo Nuestras previsiones de PIB e inflaci\u00f3n para 2024 y 2025 Opiniones de nuestros<\/p>\n","protected":false},"author":7,"featured_media":45808,"parent":177,"menu_order":0,"comment_status":"closed","ping_status":"closed","template":"template-simple.blade.php","meta":{"_acf_changed":false,"editor_notices":[],"footnotes":""},"class_list":["post-147770","page","type-page","status-publish","has-post-thumbnail","hentry"],"acf":[],"yoast_head":"<!-- This site is optimized with the Yoast SEO Premium plugin v26.9 (Yoast SEO v26.9) - https:\/\/yoast.com\/product\/yoast-seo-premium-wordpress\/ -->\n<title>Informe especial: El Ni\u00f1o - FocusEconomics [ES]<\/title>\n<meta name=\"description\" content=\"En nuestro \u00faltimo informe especial, analizamos las perspectivas de las econom\u00edas de mercado emergentes para los pr\u00f3ximos a\u00f1os, en un contexto de aumento de las tensiones geopol\u00edticas mundiales, deslocalizaci\u00f3n y cambio clim\u00e1tico.\" class=\"yoast-seo-meta-tag\" \/>\n<meta name=\"robots\" content=\"noindex, follow, max-snippet:-1, max-image-preview:large, max-video-preview:-1\" \/>\n<meta property=\"og:locale\" content=\"es_ES\" class=\"yoast-seo-meta-tag\" \/>\n<meta property=\"og:type\" content=\"article\" class=\"yoast-seo-meta-tag\" \/>\n<meta property=\"og:title\" content=\"Informe especial: El Ni\u00f1o\" class=\"yoast-seo-meta-tag\" \/>\n<meta property=\"og:description\" content=\"En nuestro \u00faltimo informe especial, analizamos las perspectivas de las econom\u00edas de mercado emergentes para los pr\u00f3ximos a\u00f1os, en un contexto de aumento de las tensiones geopol\u00edticas mundiales, deslocalizaci\u00f3n y cambio clim\u00e1tico.\" class=\"yoast-seo-meta-tag\" \/>\n<meta property=\"og:url\" content=\"https:\/\/focus.s.nomatter.dev\/es\/blog\/las-economias-de-mercado-emergentes\/\" class=\"yoast-seo-meta-tag\" \/>\n<meta property=\"og:site_name\" content=\"FocusEconomics [ES]\" class=\"yoast-seo-meta-tag\" \/>\n<meta property=\"article:publisher\" content=\"https:\/\/www.facebook.com\/FocusEconomics\" class=\"yoast-seo-meta-tag\" \/>\n<meta property=\"article:modified_time\" content=\"2023-11-20T11:50:45+00:00\" class=\"yoast-seo-meta-tag\" \/>\n<meta property=\"og:image\" content=\"https:\/\/focus.nm-img.net\/uploads\/sites\/5\/2022\/11\/Regions-category-image-scaled-e1674649217548.jpeg\" class=\"yoast-seo-meta-tag\" \/>\n\t<meta property=\"og:image:width\" content=\"190\" class=\"yoast-seo-meta-tag\" \/>\n\t<meta property=\"og:image:height\" content=\"190\" class=\"yoast-seo-meta-tag\" \/>\n\t<meta property=\"og:image:type\" content=\"image\/jpeg\" class=\"yoast-seo-meta-tag\" \/>\n<meta name=\"twitter:card\" content=\"summary_large_image\" class=\"yoast-seo-meta-tag\" \/>\n<meta name=\"twitter:site\" content=\"@FocusEconomics\" class=\"yoast-seo-meta-tag\" \/>\n<meta name=\"twitter:label1\" content=\"Tiempo de lectura\" class=\"yoast-seo-meta-tag\" \/>\n\t<meta name=\"twitter:data1\" content=\"2 minutos\" class=\"yoast-seo-meta-tag\" \/>\n<script type=\"application\/ld+json\" class=\"yoast-schema-graph\">{\"@context\":\"https:\/\/schema.org\",\"@graph\":[{\"@type\":\"WebPage\",\"@id\":\"https:\/\/focus.s.nomatter.dev\/es\/blog\/las-economias-de-mercado-emergentes\/\",\"url\":\"https:\/\/focus.s.nomatter.dev\/es\/blog\/las-economias-de-mercado-emergentes\/\",\"name\":\"Informe especial: El Ni\u00f1o - FocusEconomics [ES]\",\"isPartOf\":{\"@id\":\"https:\/\/focus.s.nomatter.dev\/es\/#website\"},\"primaryImageOfPage\":{\"@id\":\"https:\/\/focus.s.nomatter.dev\/es\/blog\/las-economias-de-mercado-emergentes\/#primaryimage\"},\"image\":{\"@id\":\"https:\/\/focus.s.nomatter.dev\/es\/blog\/las-economias-de-mercado-emergentes\/#primaryimage\"},\"thumbnailUrl\":\"https:\/\/focus-stg.nm-img.net\/uploads\/sites\/5\/2022\/11\/Regions-category-image-scaled-e1674649217548.jpeg\",\"datePublished\":\"2023-11-13T10:36:22+00:00\",\"dateModified\":\"2023-11-20T11:50:45+00:00\",\"description\":\"En nuestro \u00faltimo informe especial, analizamos las perspectivas de las econom\u00edas de mercado emergentes para los pr\u00f3ximos a\u00f1os, en un contexto de aumento de las tensiones geopol\u00edticas mundiales, deslocalizaci\u00f3n y cambio clim\u00e1tico.\",\"breadcrumb\":{\"@id\":\"https:\/\/focus.s.nomatter.dev\/es\/blog\/las-economias-de-mercado-emergentes\/#breadcrumb\"},\"inLanguage\":\"es\",\"potentialAction\":[{\"@type\":\"ReadAction\",\"target\":[\"https:\/\/focus.s.nomatter.dev\/es\/blog\/las-economias-de-mercado-emergentes\/\"]}]},{\"@type\":\"ImageObject\",\"inLanguage\":\"es\",\"@id\":\"https:\/\/focus.s.nomatter.dev\/es\/blog\/las-economias-de-mercado-emergentes\/#primaryimage\",\"url\":\"https:\/\/focus-stg.nm-img.net\/uploads\/sites\/5\/2022\/11\/Regions-category-image-scaled-e1674649217548.jpeg\",\"contentUrl\":\"https:\/\/focus-stg.nm-img.net\/uploads\/sites\/5\/2022\/11\/Regions-category-image-scaled-e1674649217548.jpeg\",\"width\":190,\"height\":190,\"caption\":\"World map on a technological background, bright lines and rays, symbols of the Internet, radio, television, mobile and satellite communications. Best Internet Concept of global business. Primary source and elements of this image furnished by NASA\"},{\"@type\":\"BreadcrumbList\",\"@id\":\"https:\/\/focus.s.nomatter.dev\/es\/blog\/las-economias-de-mercado-emergentes\/#breadcrumb\",\"itemListElement\":[{\"@type\":\"ListItem\",\"position\":1,\"name\":\"Home\",\"item\":\"https:\/\/focus.s.nomatter.dev\/es\/\"},{\"@type\":\"ListItem\",\"position\":2,\"name\":\"An\u00e1lisis\",\"item\":\"https:\/\/focus.s.nomatter.dev\/es\/blog\/\"},{\"@type\":\"ListItem\",\"position\":3,\"name\":\"Informe especial: El Ni\u00f1o\"}]},{\"@type\":\"WebSite\",\"@id\":\"https:\/\/focus.s.nomatter.dev\/es\/#website\",\"url\":\"https:\/\/focus.s.nomatter.dev\/es\/\",\"name\":\"FocusEconomics\",\"description\":\"Economic Indicators, News and Forecasts\",\"publisher\":{\"@id\":\"https:\/\/focus.s.nomatter.dev\/es\/#organization\"},\"potentialAction\":[{\"@type\":\"SearchAction\",\"target\":{\"@type\":\"EntryPoint\",\"urlTemplate\":\"https:\/\/focus.s.nomatter.dev\/es\/search-results\/?global-search={search_term_string}\"},\"query-input\":{\"@type\":\"PropertyValueSpecification\",\"valueRequired\":true,\"valueName\":\"search_term_string\"}}],\"inLanguage\":\"es\"},{\"@type\":\"Organization\",\"@id\":\"https:\/\/focus.s.nomatter.dev\/es\/#organization\",\"name\":\"FocusEconomics\",\"url\":\"https:\/\/focus.s.nomatter.dev\/es\/\",\"logo\":{\"@type\":\"ImageObject\",\"inLanguage\":\"es\",\"@id\":\"https:\/\/focus.s.nomatter.dev\/es\/#\/schema\/logo\/image\/\",\"url\":\"https:\/\/focus-d7op8.kinsta.storage\/production\/uploads\/sites\/5\/2022\/08\/logo.svg\",\"contentUrl\":\"https:\/\/focus-d7op8.kinsta.storage\/production\/uploads\/sites\/5\/2022\/08\/logo.svg\",\"width\":277,\"height\":54,\"caption\":\"FocusEconomics\"},\"image\":{\"@id\":\"https:\/\/focus.s.nomatter.dev\/es\/#\/schema\/logo\/image\/\"},\"sameAs\":[\"https:\/\/www.facebook.com\/FocusEconomics\",\"https:\/\/x.com\/FocusEconomics\"]}]}<\/script>\n<!-- \/ Yoast SEO Premium plugin. -->","yoast_head_json":{"title":"Informe especial: El Ni\u00f1o - FocusEconomics [ES]","description":"En nuestro \u00faltimo informe especial, analizamos las perspectivas de las econom\u00edas de mercado emergentes para los pr\u00f3ximos a\u00f1os, en un contexto de aumento de las tensiones geopol\u00edticas mundiales, deslocalizaci\u00f3n y cambio clim\u00e1tico.","robots":{"index":"noindex","follow":"follow","max-snippet":"max-snippet:-1","max-image-preview":"max-image-preview:large","max-video-preview":"max-video-preview:-1"},"og_locale":"es_ES","og_type":"article","og_title":"Informe especial: El Ni\u00f1o","og_description":"En nuestro \u00faltimo informe especial, analizamos las perspectivas de las econom\u00edas de mercado emergentes para los pr\u00f3ximos a\u00f1os, en un contexto de aumento de las tensiones geopol\u00edticas mundiales, deslocalizaci\u00f3n y cambio clim\u00e1tico.","og_url":"https:\/\/focus.s.nomatter.dev\/es\/blog\/las-economias-de-mercado-emergentes\/","og_site_name":"FocusEconomics [ES]","article_publisher":"https:\/\/www.facebook.com\/FocusEconomics","article_modified_time":"2023-11-20T11:50:45+00:00","og_image":[{"width":190,"height":190,"url":"https:\/\/focus.nm-img.net\/uploads\/sites\/5\/2022\/11\/Regions-category-image-scaled-e1674649217548.jpeg","type":"image\/jpeg"}],"twitter_card":"summary_large_image","twitter_site":"@FocusEconomics","twitter_misc":{"Tiempo de lectura":"2 minutos"},"schema":{"@context":"https:\/\/schema.org","@graph":[{"@type":"WebPage","@id":"https:\/\/focus.s.nomatter.dev\/es\/blog\/las-economias-de-mercado-emergentes\/","url":"https:\/\/focus.s.nomatter.dev\/es\/blog\/las-economias-de-mercado-emergentes\/","name":"Informe especial: El Ni\u00f1o - FocusEconomics [ES]","isPartOf":{"@id":"https:\/\/focus.s.nomatter.dev\/es\/#website"},"primaryImageOfPage":{"@id":"https:\/\/focus.s.nomatter.dev\/es\/blog\/las-economias-de-mercado-emergentes\/#primaryimage"},"image":{"@id":"https:\/\/focus.s.nomatter.dev\/es\/blog\/las-economias-de-mercado-emergentes\/#primaryimage"},"thumbnailUrl":"https:\/\/focus-stg.nm-img.net\/uploads\/sites\/5\/2022\/11\/Regions-category-image-scaled-e1674649217548.jpeg","datePublished":"2023-11-13T10:36:22+00:00","dateModified":"2023-11-20T11:50:45+00:00","description":"En nuestro \u00faltimo informe especial, analizamos las perspectivas de las econom\u00edas de mercado emergentes para los pr\u00f3ximos a\u00f1os, en un contexto de aumento de las tensiones geopol\u00edticas mundiales, deslocalizaci\u00f3n y cambio clim\u00e1tico.","breadcrumb":{"@id":"https:\/\/focus.s.nomatter.dev\/es\/blog\/las-economias-de-mercado-emergentes\/#breadcrumb"},"inLanguage":"es","potentialAction":[{"@type":"ReadAction","target":["https:\/\/focus.s.nomatter.dev\/es\/blog\/las-economias-de-mercado-emergentes\/"]}]},{"@type":"ImageObject","inLanguage":"es","@id":"https:\/\/focus.s.nomatter.dev\/es\/blog\/las-economias-de-mercado-emergentes\/#primaryimage","url":"https:\/\/focus-stg.nm-img.net\/uploads\/sites\/5\/2022\/11\/Regions-category-image-scaled-e1674649217548.jpeg","contentUrl":"https:\/\/focus-stg.nm-img.net\/uploads\/sites\/5\/2022\/11\/Regions-category-image-scaled-e1674649217548.jpeg","width":190,"height":190,"caption":"World map on a technological background, bright lines and rays, symbols of the Internet, radio, television, mobile and satellite communications. Best Internet Concept of global business. Primary source and elements of this image furnished by NASA"},{"@type":"BreadcrumbList","@id":"https:\/\/focus.s.nomatter.dev\/es\/blog\/las-economias-de-mercado-emergentes\/#breadcrumb","itemListElement":[{"@type":"ListItem","position":1,"name":"Home","item":"https:\/\/focus.s.nomatter.dev\/es\/"},{"@type":"ListItem","position":2,"name":"An\u00e1lisis","item":"https:\/\/focus.s.nomatter.dev\/es\/blog\/"},{"@type":"ListItem","position":3,"name":"Informe especial: El Ni\u00f1o"}]},{"@type":"WebSite","@id":"https:\/\/focus.s.nomatter.dev\/es\/#website","url":"https:\/\/focus.s.nomatter.dev\/es\/","name":"FocusEconomics","description":"Economic Indicators, News and Forecasts","publisher":{"@id":"https:\/\/focus.s.nomatter.dev\/es\/#organization"},"potentialAction":[{"@type":"SearchAction","target":{"@type":"EntryPoint","urlTemplate":"https:\/\/focus.s.nomatter.dev\/es\/search-results\/?global-search={search_term_string}"},"query-input":{"@type":"PropertyValueSpecification","valueRequired":true,"valueName":"search_term_string"}}],"inLanguage":"es"},{"@type":"Organization","@id":"https:\/\/focus.s.nomatter.dev\/es\/#organization","name":"FocusEconomics","url":"https:\/\/focus.s.nomatter.dev\/es\/","logo":{"@type":"ImageObject","inLanguage":"es","@id":"https:\/\/focus.s.nomatter.dev\/es\/#\/schema\/logo\/image\/","url":"https:\/\/focus-d7op8.kinsta.storage\/production\/uploads\/sites\/5\/2022\/08\/logo.svg","contentUrl":"https:\/\/focus-d7op8.kinsta.storage\/production\/uploads\/sites\/5\/2022\/08\/logo.svg","width":277,"height":54,"caption":"FocusEconomics"},"image":{"@id":"https:\/\/focus.s.nomatter.dev\/es\/#\/schema\/logo\/image\/"},"sameAs":["https:\/\/www.facebook.com\/FocusEconomics","https:\/\/x.com\/FocusEconomics"]}]}},"_links":{"self":[{"href":"https:\/\/focus.s.nomatter.dev\/es\/wp-json\/wp\/v2\/pages\/147770","targetHints":{"allow":["GET"]}}],"collection":[{"href":"https:\/\/focus.s.nomatter.dev\/es\/wp-json\/wp\/v2\/pages"}],"about":[{"href":"https:\/\/focus.s.nomatter.dev\/es\/wp-json\/wp\/v2\/types\/page"}],"author":[{"embeddable":true,"href":"https:\/\/focus.s.nomatter.dev\/es\/wp-json\/wp\/v2\/users\/7"}],"replies":[{"embeddable":true,"href":"https:\/\/focus.s.nomatter.dev\/es\/wp-json\/wp\/v2\/comments?post=147770"}],"version-history":[{"count":0,"href":"https:\/\/focus.s.nomatter.dev\/es\/wp-json\/wp\/v2\/pages\/147770\/revisions"}],"up":[{"embeddable":true,"href":"https:\/\/focus.s.nomatter.dev\/es\/wp-json\/wp\/v2\/pages\/177"}],"wp:featuredmedia":[{"embeddable":true,"href":"https:\/\/focus.s.nomatter.dev\/es\/wp-json\/wp\/v2\/media\/45808"}],"wp:attachment":[{"href":"https:\/\/focus.s.nomatter.dev\/es\/wp-json\/wp\/v2\/media?parent=147770"}],"curies":[{"name":"wp","href":"https:\/\/api.w.org\/{rel}","templated":true}]}}