{"id":149146,"date":"2025-04-28T09:50:11","date_gmt":"2025-04-28T09:50:11","guid":{"rendered":"https:\/\/focus.s.nomatter.dev\/es\/?page_id=149146"},"modified":"2024-07-30T08:47:22","modified_gmt":"2024-07-30T08:47:22","slug":"actualizaciones-diarias-de-focusanalytics","status":"publish","type":"page","link":"https:\/\/focus.s.nomatter.dev\/es\/solutions\/data-platform\/actualizaciones-diarias-de-focusanalytics\/","title":{"rendered":"Actualizaciones diarias de FocusAnalytics"},"content":{"rendered":"<p>Hist\u00f3ricamente, FocusEconomics ha recopilado y publicado previsiones mensualmente. <strong>Ahora, con las Actualizaciones Diarias, publicamos todos los d\u00edas, para que siempre tenga la informaci\u00f3n m\u00e1s reciente al alcance de la mano. \u00bfHa ocurrido un acontecimiento inesperado en su pa\u00eds objetivo?<\/strong> \u00bfTiene una reuni\u00f3n ma\u00f1ana? Puede presentar las \u00faltimas previsiones y Consensus Forecasts disponibles en el mercado. Ya no tendr\u00e1 que esperar a que se publique el siguiente informe. Reaccione r\u00e1pidamente a los cambios del mercado con m\u00faltiples fuentes de previsiones y datos en un solo producto cada d\u00eda, ahorrando tiempo y dinero.<\/p>\n<h2 class=\"fl-heading\"><span class=\"fl-heading-text\">Actualizaciones diarias Demo Dashboard<\/span><\/h2>\n<p><a href=\"https:\/\/info.focus-economics.com\/l\/871881\/2023-10-23\/ncdys5\/871881\/16980565210DYcZAQs\/FocusEconomics_Daily_Updates__2023_.pdf\"><img loading=\"lazy\" decoding=\"async\" class=\"alignnone size-large wp-image-56610\" role=\"img\" src=\"https:\/\/focus-d7op8.kinsta.storage\/production\/uploads\/2023\/10\/Platform-daily-3.svg\" alt=\"\" width=\"1024\" height=\"1024\" \/><\/a><\/p>\n<p><em><strong>Acerca de FocusEconomics<\/strong><\/em><br \/>\n<em>FocusEconomics es un proveedor l\u00edder de an\u00e1lisis y previsiones econ\u00f3micas para 198 pa\u00edses de \u00c1frica, Asia, Am\u00e9rica, Europa y Oriente Medio, as\u00ed como de previsiones de precios para m\u00e1s de 30 materias primas clave. La empresa cuenta con el apoyo de una amplia red mundial de analistas.<\/em><\/p>\n<p><em>Desde su lanzamiento hace m\u00e1s de 20 a\u00f1os, FocusEconomics se ha labrado una s\u00f3lida reputaci\u00f3n como fuente fiable de inteligencia empresarial oportuna y precisa entre clientes de diversos sectores, incluidas las principales instituciones financieras, empresas multinacionales y organismos gubernamentales del mundo.<\/em><\/p>\n<p><em><strong>\u00bfPor qu\u00e9 le pedimos sus datos personales?<\/strong><\/em><br \/>\n<em>Toda la informaci\u00f3n que nos proporcione ser\u00e1 privada. Nunca facilitaremos sus datos personales a terceros ni le enviaremos spam. Se lo prometemos.<\/em><\/p>\n<p><em>Es posible que un miembro de nuestro equipo se ponga en contacto con usted en el futuro para saber qu\u00e9 le ha parecido el seminario web y conocer su opini\u00f3n.<\/em><\/p>\n<p>&nbsp;<\/p>\n","protected":false},"excerpt":{"rendered":"<p>Hist\u00f3ricamente, FocusEconomics ha recopilado y publicado previsiones mensualmente. Ahora, con las Actualizaciones Diarias, publicamos todos los d\u00edas, para que siempre tenga la informaci\u00f3n m\u00e1s reciente al alcance de la mano. \u00bfHa ocurrido un acontecimiento inesperado en su pa\u00eds objetivo? \u00bfTiene una reuni\u00f3n ma\u00f1ana? Puede presentar las \u00faltimas previsiones y Consensus Forecasts disponibles en el mercado.<\/p>\n","protected":false},"author":7,"featured_media":113655,"parent":158,"menu_order":0,"comment_status":"closed","ping_status":"closed","template":"template-simple.blade.php","meta":{"_acf_changed":false,"editor_notices":[],"footnotes":""},"class_list":["post-149146","page","type-page","status-publish","has-post-thumbnail","hentry"],"acf":[],"yoast_head":"<!-- This site is optimized with the Yoast SEO Premium plugin v26.9 (Yoast SEO v26.9) - https:\/\/yoast.com\/product\/yoast-seo-premium-wordpress\/ -->\n<title>Actualizaciones diarias de FocusAnalytics - FocusEconomics [ES]<\/title>\n<meta name=\"description\" content=\"Actualizaciones diarias de FocusAnalytics\" class=\"yoast-seo-meta-tag\" \/>\n<meta name=\"robots\" content=\"noindex, follow, max-snippet:-1, max-image-preview:large, max-video-preview:-1\" \/>\n<meta property=\"og:locale\" content=\"es_ES\" class=\"yoast-seo-meta-tag\" \/>\n<meta property=\"og:type\" content=\"article\" class=\"yoast-seo-meta-tag\" \/>\n<meta property=\"og:title\" content=\"Actualizaciones diarias de FocusAnalytics\" class=\"yoast-seo-meta-tag\" \/>\n<meta property=\"og:description\" content=\"Actualizaciones diarias de FocusAnalytics\" class=\"yoast-seo-meta-tag\" \/>\n<meta property=\"og:url\" content=\"https:\/\/focus.s.nomatter.dev\/es\/solutions\/data-platform\/actualizaciones-diarias-de-focusanalytics\/\" class=\"yoast-seo-meta-tag\" \/>\n<meta property=\"og:site_name\" content=\"FocusEconomics [ES]\" class=\"yoast-seo-meta-tag\" \/>\n<meta property=\"article:publisher\" content=\"https:\/\/www.facebook.com\/FocusEconomics\" class=\"yoast-seo-meta-tag\" \/>\n<meta property=\"og:image\" content=\"https:\/\/focus.nm-img.net\/uploads\/sites\/5\/2023\/07\/focus50.png\" class=\"yoast-seo-meta-tag\" \/>\n\t<meta property=\"og:image:width\" content=\"1216\" class=\"yoast-seo-meta-tag\" \/>\n\t<meta property=\"og:image:height\" content=\"284\" class=\"yoast-seo-meta-tag\" \/>\n\t<meta property=\"og:image:type\" content=\"image\/png\" class=\"yoast-seo-meta-tag\" \/>\n<meta name=\"twitter:card\" content=\"summary_large_image\" class=\"yoast-seo-meta-tag\" \/>\n<meta name=\"twitter:site\" content=\"@FocusEconomics\" class=\"yoast-seo-meta-tag\" \/>\n<meta name=\"twitter:label1\" content=\"Tiempo de lectura\" class=\"yoast-seo-meta-tag\" \/>\n\t<meta name=\"twitter:data1\" content=\"2 minutos\" class=\"yoast-seo-meta-tag\" \/>\n<script type=\"application\/ld+json\" class=\"yoast-schema-graph\">{\"@context\":\"https:\/\/schema.org\",\"@graph\":[{\"@type\":\"WebPage\",\"@id\":\"https:\/\/focus.s.nomatter.dev\/es\/solutions\/data-platform\/actualizaciones-diarias-de-focusanalytics\/\",\"url\":\"https:\/\/focus.s.nomatter.dev\/es\/solutions\/data-platform\/actualizaciones-diarias-de-focusanalytics\/\",\"name\":\"Actualizaciones diarias de FocusAnalytics - FocusEconomics [ES]\",\"isPartOf\":{\"@id\":\"https:\/\/focus.s.nomatter.dev\/es\/#website\"},\"primaryImageOfPage\":{\"@id\":\"https:\/\/focus.s.nomatter.dev\/es\/solutions\/data-platform\/actualizaciones-diarias-de-focusanalytics\/#primaryimage\"},\"image\":{\"@id\":\"https:\/\/focus.s.nomatter.dev\/es\/solutions\/data-platform\/actualizaciones-diarias-de-focusanalytics\/#primaryimage\"},\"thumbnailUrl\":\"https:\/\/focus-stg.nm-img.net\/uploads\/sites\/5\/2023\/07\/focus50.png\",\"datePublished\":\"2025-04-28T09:50:11+00:00\",\"description\":\"Actualizaciones diarias de FocusAnalytics\",\"breadcrumb\":{\"@id\":\"https:\/\/focus.s.nomatter.dev\/es\/solutions\/data-platform\/actualizaciones-diarias-de-focusanalytics\/#breadcrumb\"},\"inLanguage\":\"es\",\"potentialAction\":[{\"@type\":\"ReadAction\",\"target\":[\"https:\/\/focus.s.nomatter.dev\/es\/solutions\/data-platform\/actualizaciones-diarias-de-focusanalytics\/\"]}]},{\"@type\":\"ImageObject\",\"inLanguage\":\"es\",\"@id\":\"https:\/\/focus.s.nomatter.dev\/es\/solutions\/data-platform\/actualizaciones-diarias-de-focusanalytics\/#primaryimage\",\"url\":\"https:\/\/focus-stg.nm-img.net\/uploads\/sites\/5\/2023\/07\/focus50.png\",\"contentUrl\":\"https:\/\/focus-stg.nm-img.net\/uploads\/sites\/5\/2023\/07\/focus50.png\",\"width\":1216,\"height\":284},{\"@type\":\"BreadcrumbList\",\"@id\":\"https:\/\/focus.s.nomatter.dev\/es\/solutions\/data-platform\/actualizaciones-diarias-de-focusanalytics\/#breadcrumb\",\"itemListElement\":[{\"@type\":\"ListItem\",\"position\":1,\"name\":\"Home\",\"item\":\"https:\/\/focus.s.nomatter.dev\/es\/\"},{\"@type\":\"ListItem\",\"position\":2,\"name\":\"Soluciones\",\"item\":\"https:\/\/focus.s.nomatter.dev\/es\/solutions\/\"},{\"@type\":\"ListItem\",\"position\":3,\"name\":\"Plataforma de datos\",\"item\":\"https:\/\/focus.s.nomatter.dev\/es\/solutions\/data-platform\/\"},{\"@type\":\"ListItem\",\"position\":4,\"name\":\"Actualizaciones diarias de FocusAnalytics\"}]},{\"@type\":\"WebSite\",\"@id\":\"https:\/\/focus.s.nomatter.dev\/es\/#website\",\"url\":\"https:\/\/focus.s.nomatter.dev\/es\/\",\"name\":\"FocusEconomics\",\"description\":\"Economic Indicators, News and Forecasts\",\"publisher\":{\"@id\":\"https:\/\/focus.s.nomatter.dev\/es\/#organization\"},\"potentialAction\":[{\"@type\":\"SearchAction\",\"target\":{\"@type\":\"EntryPoint\",\"urlTemplate\":\"https:\/\/focus.s.nomatter.dev\/es\/search-results\/?global-search={search_term_string}\"},\"query-input\":{\"@type\":\"PropertyValueSpecification\",\"valueRequired\":true,\"valueName\":\"search_term_string\"}}],\"inLanguage\":\"es\"},{\"@type\":\"Organization\",\"@id\":\"https:\/\/focus.s.nomatter.dev\/es\/#organization\",\"name\":\"FocusEconomics\",\"url\":\"https:\/\/focus.s.nomatter.dev\/es\/\",\"logo\":{\"@type\":\"ImageObject\",\"inLanguage\":\"es\",\"@id\":\"https:\/\/focus.s.nomatter.dev\/es\/#\/schema\/logo\/image\/\",\"url\":\"https:\/\/focus-d7op8.kinsta.storage\/production\/uploads\/sites\/5\/2022\/08\/logo.svg\",\"contentUrl\":\"https:\/\/focus-d7op8.kinsta.storage\/production\/uploads\/sites\/5\/2022\/08\/logo.svg\",\"width\":277,\"height\":54,\"caption\":\"FocusEconomics\"},\"image\":{\"@id\":\"https:\/\/focus.s.nomatter.dev\/es\/#\/schema\/logo\/image\/\"},\"sameAs\":[\"https:\/\/www.facebook.com\/FocusEconomics\",\"https:\/\/x.com\/FocusEconomics\"]}]}<\/script>\n<!-- \/ Yoast SEO Premium plugin. -->","yoast_head_json":{"title":"Actualizaciones diarias de FocusAnalytics - FocusEconomics [ES]","description":"Actualizaciones diarias de FocusAnalytics","robots":{"index":"noindex","follow":"follow","max-snippet":"max-snippet:-1","max-image-preview":"max-image-preview:large","max-video-preview":"max-video-preview:-1"},"og_locale":"es_ES","og_type":"article","og_title":"Actualizaciones diarias de FocusAnalytics","og_description":"Actualizaciones diarias de FocusAnalytics","og_url":"https:\/\/focus.s.nomatter.dev\/es\/solutions\/data-platform\/actualizaciones-diarias-de-focusanalytics\/","og_site_name":"FocusEconomics [ES]","article_publisher":"https:\/\/www.facebook.com\/FocusEconomics","og_image":[{"width":1216,"height":284,"url":"https:\/\/focus.nm-img.net\/uploads\/sites\/5\/2023\/07\/focus50.png","type":"image\/png"}],"twitter_card":"summary_large_image","twitter_site":"@FocusEconomics","twitter_misc":{"Tiempo de lectura":"2 minutos"},"schema":{"@context":"https:\/\/schema.org","@graph":[{"@type":"WebPage","@id":"https:\/\/focus.s.nomatter.dev\/es\/solutions\/data-platform\/actualizaciones-diarias-de-focusanalytics\/","url":"https:\/\/focus.s.nomatter.dev\/es\/solutions\/data-platform\/actualizaciones-diarias-de-focusanalytics\/","name":"Actualizaciones diarias de FocusAnalytics - FocusEconomics [ES]","isPartOf":{"@id":"https:\/\/focus.s.nomatter.dev\/es\/#website"},"primaryImageOfPage":{"@id":"https:\/\/focus.s.nomatter.dev\/es\/solutions\/data-platform\/actualizaciones-diarias-de-focusanalytics\/#primaryimage"},"image":{"@id":"https:\/\/focus.s.nomatter.dev\/es\/solutions\/data-platform\/actualizaciones-diarias-de-focusanalytics\/#primaryimage"},"thumbnailUrl":"https:\/\/focus-stg.nm-img.net\/uploads\/sites\/5\/2023\/07\/focus50.png","datePublished":"2025-04-28T09:50:11+00:00","description":"Actualizaciones diarias de FocusAnalytics","breadcrumb":{"@id":"https:\/\/focus.s.nomatter.dev\/es\/solutions\/data-platform\/actualizaciones-diarias-de-focusanalytics\/#breadcrumb"},"inLanguage":"es","potentialAction":[{"@type":"ReadAction","target":["https:\/\/focus.s.nomatter.dev\/es\/solutions\/data-platform\/actualizaciones-diarias-de-focusanalytics\/"]}]},{"@type":"ImageObject","inLanguage":"es","@id":"https:\/\/focus.s.nomatter.dev\/es\/solutions\/data-platform\/actualizaciones-diarias-de-focusanalytics\/#primaryimage","url":"https:\/\/focus-stg.nm-img.net\/uploads\/sites\/5\/2023\/07\/focus50.png","contentUrl":"https:\/\/focus-stg.nm-img.net\/uploads\/sites\/5\/2023\/07\/focus50.png","width":1216,"height":284},{"@type":"BreadcrumbList","@id":"https:\/\/focus.s.nomatter.dev\/es\/solutions\/data-platform\/actualizaciones-diarias-de-focusanalytics\/#breadcrumb","itemListElement":[{"@type":"ListItem","position":1,"name":"Home","item":"https:\/\/focus.s.nomatter.dev\/es\/"},{"@type":"ListItem","position":2,"name":"Soluciones","item":"https:\/\/focus.s.nomatter.dev\/es\/solutions\/"},{"@type":"ListItem","position":3,"name":"Plataforma de datos","item":"https:\/\/focus.s.nomatter.dev\/es\/solutions\/data-platform\/"},{"@type":"ListItem","position":4,"name":"Actualizaciones diarias de FocusAnalytics"}]},{"@type":"WebSite","@id":"https:\/\/focus.s.nomatter.dev\/es\/#website","url":"https:\/\/focus.s.nomatter.dev\/es\/","name":"FocusEconomics","description":"Economic Indicators, News and Forecasts","publisher":{"@id":"https:\/\/focus.s.nomatter.dev\/es\/#organization"},"potentialAction":[{"@type":"SearchAction","target":{"@type":"EntryPoint","urlTemplate":"https:\/\/focus.s.nomatter.dev\/es\/search-results\/?global-search={search_term_string}"},"query-input":{"@type":"PropertyValueSpecification","valueRequired":true,"valueName":"search_term_string"}}],"inLanguage":"es"},{"@type":"Organization","@id":"https:\/\/focus.s.nomatter.dev\/es\/#organization","name":"FocusEconomics","url":"https:\/\/focus.s.nomatter.dev\/es\/","logo":{"@type":"ImageObject","inLanguage":"es","@id":"https:\/\/focus.s.nomatter.dev\/es\/#\/schema\/logo\/image\/","url":"https:\/\/focus-d7op8.kinsta.storage\/production\/uploads\/sites\/5\/2022\/08\/logo.svg","contentUrl":"https:\/\/focus-d7op8.kinsta.storage\/production\/uploads\/sites\/5\/2022\/08\/logo.svg","width":277,"height":54,"caption":"FocusEconomics"},"image":{"@id":"https:\/\/focus.s.nomatter.dev\/es\/#\/schema\/logo\/image\/"},"sameAs":["https:\/\/www.facebook.com\/FocusEconomics","https:\/\/x.com\/FocusEconomics"]}]}},"_links":{"self":[{"href":"https:\/\/focus.s.nomatter.dev\/es\/wp-json\/wp\/v2\/pages\/149146","targetHints":{"allow":["GET"]}}],"collection":[{"href":"https:\/\/focus.s.nomatter.dev\/es\/wp-json\/wp\/v2\/pages"}],"about":[{"href":"https:\/\/focus.s.nomatter.dev\/es\/wp-json\/wp\/v2\/types\/page"}],"author":[{"embeddable":true,"href":"https:\/\/focus.s.nomatter.dev\/es\/wp-json\/wp\/v2\/users\/7"}],"replies":[{"embeddable":true,"href":"https:\/\/focus.s.nomatter.dev\/es\/wp-json\/wp\/v2\/comments?post=149146"}],"version-history":[{"count":1,"href":"https:\/\/focus.s.nomatter.dev\/es\/wp-json\/wp\/v2\/pages\/149146\/revisions"}],"predecessor-version":[{"id":155920,"href":"https:\/\/focus.s.nomatter.dev\/es\/wp-json\/wp\/v2\/pages\/149146\/revisions\/155920"}],"up":[{"embeddable":true,"href":"https:\/\/focus.s.nomatter.dev\/es\/wp-json\/wp\/v2\/pages\/158"}],"wp:featuredmedia":[{"embeddable":true,"href":"https:\/\/focus.s.nomatter.dev\/es\/wp-json\/wp\/v2\/media\/113655"}],"wp:attachment":[{"href":"https:\/\/focus.s.nomatter.dev\/es\/wp-json\/wp\/v2\/media?parent=149146"}],"curies":[{"name":"wp","href":"https:\/\/api.w.org\/{rel}","templated":true}]}}