{"id":150247,"date":"2024-03-19T09:53:55","date_gmt":"2024-03-19T09:53:55","guid":{"rendered":"https:\/\/focus.s.nomatter.dev\/es\/?page_id=150247"},"modified":"2024-03-20T11:26:31","modified_gmt":"2024-03-20T11:26:31","slug":"perspectivas-a-largo-plazo-de-las-materias-primas","status":"publish","type":"page","link":"https:\/\/focus.s.nomatter.dev\/es\/blog\/perspectivas-a-largo-plazo-de-las-materias-primas\/","title":{"rendered":"Perspectivas a largo plazo de las materias primas"},"content":{"rendered":"<p>En este informe especial, nos sumergimos en las perspectivas a largo plazo de los precios del crudo y de diversos metales. Examinamos el destacado papel de la transici\u00f3n a la energ\u00eda verde en la configuraci\u00f3n de la demanda y analizamos los riesgos m\u00e1s importantes de la demanda y la oferta.<\/p>\n<h2>Este informe incluye:<\/h2>\n<ul>\n<li>Nuestras <a href=\"https:\/\/focus.s.nomatter.dev\/es\/commodities\/\">previsiones de consenso<\/a> hasta 2033<\/li>\n<li>Las perspectivas a largo plazo de los precios del petr\u00f3leo y los principales metales<\/li>\n<li>Factores y riesgos de la oferta y la demanda<\/li>\n<li>Previsiones individuales de los panelistas<\/li>\n<li>Opiniones de nuestros expertos<\/li>\n<\/ul>\n<h2>Acerca de FocusEconomics<\/h2>\n<p><em>FocusEconomics es un proveedor l\u00edder de an\u00e1lisis y previsiones econ\u00f3micas para m\u00e1s de 200 pa\u00edses de \u00c1frica, Asia, Am\u00e9rica, Europa y Oriente Medio, as\u00ed como de previsiones de precios para m\u00e1s de 30 materias primas clave. La empresa cuenta con el apoyo de una amplia red mundial de analistas.<\/em><\/p>\n<p><em>Desde su lanzamiento hace m\u00e1s de 20 a\u00f1os, FocusEconomics se ha labrado una s\u00f3lida reputaci\u00f3n como fuente fiable de inteligencia empresarial oportuna y precisa entre clientes de diversos sectores, incluidas las principales instituciones financieras, empresas multinacionales y organismos gubernamentales del mundo.<\/em><\/p>\n<p><em>Si desea saber m\u00e1s sobre FocusEconomics y qu\u00e9 hace que Consensus Forecast sea tan valioso, visite nuestra p\u00e1gina <a href=\"https:\/\/focus.s.nomatter.dev\/es\/about-us\/\">Qui\u00e9nes somos<\/a>.<\/em><\/p>\n<h2><em>\u00bfPor qu\u00e9 le pedimos sus datos personales?<\/em><\/h2>\n<p><em>Toda la informaci\u00f3n que nos proporcione ser\u00e1 privada. Nunca facilitaremos sus datos personales a terceros ni le enviaremos spam. Se lo prometemos.<\/em><\/p>\n<p><em>Es posible que un miembro de nuestro equipo se ponga en contacto con usted en el futuro para ver qu\u00e9 le ha parecido el informe y conocer su opini\u00f3n.<\/em><\/p>\n","protected":false},"excerpt":{"rendered":"<p>En este informe especial, nos sumergimos en las perspectivas a largo plazo de los precios del crudo y de diversos metales. Examinamos el destacado papel de la transici\u00f3n a la energ\u00eda verde en la configuraci\u00f3n de la demanda y analizamos los riesgos m\u00e1s importantes de la demanda y la oferta. Este informe incluye: Nuestras previsiones<\/p>\n","protected":false},"author":7,"featured_media":45365,"parent":177,"menu_order":0,"comment_status":"closed","ping_status":"closed","template":"template-simple.blade.php","meta":{"_acf_changed":false,"editor_notices":[],"footnotes":""},"class_list":["post-150247","page","type-page","status-publish","has-post-thumbnail","hentry"],"acf":[],"yoast_head":"<!-- This site is optimized with the Yoast SEO Premium plugin v26.9 (Yoast SEO v26.9) - https:\/\/yoast.com\/product\/yoast-seo-premium-wordpress\/ -->\n<title>Perspectivas de la ASEAN<\/title>\n<meta name=\"description\" content=\"En este informe especial, nos sumergimos en las perspectivas a largo plazo de los precios del crudo y de diversos metales.\" class=\"yoast-seo-meta-tag\" \/>\n<meta name=\"robots\" content=\"noindex, follow, max-snippet:-1, max-image-preview:large, max-video-preview:-1\" \/>\n<meta property=\"og:locale\" content=\"es_ES\" class=\"yoast-seo-meta-tag\" \/>\n<meta property=\"og:type\" content=\"article\" class=\"yoast-seo-meta-tag\" \/>\n<meta property=\"og:title\" content=\"Perspectivas a largo plazo de las materias primas\" class=\"yoast-seo-meta-tag\" \/>\n<meta property=\"og:description\" content=\"En este informe especial, nos sumergimos en las perspectivas a largo plazo de los precios del crudo y de diversos metales.\" class=\"yoast-seo-meta-tag\" \/>\n<meta property=\"og:url\" content=\"https:\/\/focus.s.nomatter.dev\/es\/blog\/perspectivas-a-largo-plazo-de-las-materias-primas\/\" class=\"yoast-seo-meta-tag\" \/>\n<meta property=\"og:site_name\" content=\"FocusEconomics [ES]\" class=\"yoast-seo-meta-tag\" \/>\n<meta property=\"article:publisher\" content=\"https:\/\/www.facebook.com\/FocusEconomics\" class=\"yoast-seo-meta-tag\" \/>\n<meta property=\"article:modified_time\" content=\"2024-03-20T11:26:31+00:00\" class=\"yoast-seo-meta-tag\" \/>\n<meta property=\"og:image\" content=\"https:\/\/focus.nm-img.net\/uploads\/sites\/5\/2022\/11\/Oil_Refinery_FocusEconomics.jpg\" class=\"yoast-seo-meta-tag\" \/>\n\t<meta property=\"og:image:width\" content=\"940\" class=\"yoast-seo-meta-tag\" \/>\n\t<meta property=\"og:image:height\" content=\"260\" class=\"yoast-seo-meta-tag\" \/>\n\t<meta property=\"og:image:type\" content=\"image\/jpeg\" class=\"yoast-seo-meta-tag\" \/>\n<meta name=\"twitter:card\" content=\"summary_large_image\" class=\"yoast-seo-meta-tag\" \/>\n<meta name=\"twitter:site\" content=\"@FocusEconomics\" class=\"yoast-seo-meta-tag\" \/>\n<meta name=\"twitter:label1\" content=\"Tiempo de lectura\" class=\"yoast-seo-meta-tag\" \/>\n\t<meta name=\"twitter:data1\" content=\"2 minutos\" class=\"yoast-seo-meta-tag\" \/>\n<script type=\"application\/ld+json\" class=\"yoast-schema-graph\">{\"@context\":\"https:\/\/schema.org\",\"@graph\":[{\"@type\":\"WebPage\",\"@id\":\"https:\/\/focus.s.nomatter.dev\/es\/blog\/perspectivas-a-largo-plazo-de-las-materias-primas\/\",\"url\":\"https:\/\/focus.s.nomatter.dev\/es\/blog\/perspectivas-a-largo-plazo-de-las-materias-primas\/\",\"name\":\"Perspectivas de la ASEAN\",\"isPartOf\":{\"@id\":\"https:\/\/focus.s.nomatter.dev\/es\/#website\"},\"primaryImageOfPage\":{\"@id\":\"https:\/\/focus.s.nomatter.dev\/es\/blog\/perspectivas-a-largo-plazo-de-las-materias-primas\/#primaryimage\"},\"image\":{\"@id\":\"https:\/\/focus.s.nomatter.dev\/es\/blog\/perspectivas-a-largo-plazo-de-las-materias-primas\/#primaryimage\"},\"thumbnailUrl\":\"https:\/\/focus-stg.nm-img.net\/uploads\/sites\/5\/2022\/11\/Oil_Refinery_FocusEconomics.jpg\",\"datePublished\":\"2024-03-19T09:53:55+00:00\",\"dateModified\":\"2024-03-20T11:26:31+00:00\",\"description\":\"En este informe especial, nos sumergimos en las perspectivas a largo plazo de los precios del crudo y de diversos metales.\",\"breadcrumb\":{\"@id\":\"https:\/\/focus.s.nomatter.dev\/es\/blog\/perspectivas-a-largo-plazo-de-las-materias-primas\/#breadcrumb\"},\"inLanguage\":\"es\",\"potentialAction\":[{\"@type\":\"ReadAction\",\"target\":[\"https:\/\/focus.s.nomatter.dev\/es\/blog\/perspectivas-a-largo-plazo-de-las-materias-primas\/\"]}]},{\"@type\":\"ImageObject\",\"inLanguage\":\"es\",\"@id\":\"https:\/\/focus.s.nomatter.dev\/es\/blog\/perspectivas-a-largo-plazo-de-las-materias-primas\/#primaryimage\",\"url\":\"https:\/\/focus-stg.nm-img.net\/uploads\/sites\/5\/2022\/11\/Oil_Refinery_FocusEconomics.jpg\",\"contentUrl\":\"https:\/\/focus-stg.nm-img.net\/uploads\/sites\/5\/2022\/11\/Oil_Refinery_FocusEconomics.jpg\",\"width\":940,\"height\":260},{\"@type\":\"BreadcrumbList\",\"@id\":\"https:\/\/focus.s.nomatter.dev\/es\/blog\/perspectivas-a-largo-plazo-de-las-materias-primas\/#breadcrumb\",\"itemListElement\":[{\"@type\":\"ListItem\",\"position\":1,\"name\":\"Home\",\"item\":\"https:\/\/focus.s.nomatter.dev\/es\/\"},{\"@type\":\"ListItem\",\"position\":2,\"name\":\"An\u00e1lisis\",\"item\":\"https:\/\/focus.s.nomatter.dev\/es\/blog\/\"},{\"@type\":\"ListItem\",\"position\":3,\"name\":\"Perspectivas a largo plazo de las materias primas\"}]},{\"@type\":\"WebSite\",\"@id\":\"https:\/\/focus.s.nomatter.dev\/es\/#website\",\"url\":\"https:\/\/focus.s.nomatter.dev\/es\/\",\"name\":\"FocusEconomics\",\"description\":\"Economic Indicators, News and Forecasts\",\"publisher\":{\"@id\":\"https:\/\/focus.s.nomatter.dev\/es\/#organization\"},\"potentialAction\":[{\"@type\":\"SearchAction\",\"target\":{\"@type\":\"EntryPoint\",\"urlTemplate\":\"https:\/\/focus.s.nomatter.dev\/es\/search-results\/?global-search={search_term_string}\"},\"query-input\":{\"@type\":\"PropertyValueSpecification\",\"valueRequired\":true,\"valueName\":\"search_term_string\"}}],\"inLanguage\":\"es\"},{\"@type\":\"Organization\",\"@id\":\"https:\/\/focus.s.nomatter.dev\/es\/#organization\",\"name\":\"FocusEconomics\",\"url\":\"https:\/\/focus.s.nomatter.dev\/es\/\",\"logo\":{\"@type\":\"ImageObject\",\"inLanguage\":\"es\",\"@id\":\"https:\/\/focus.s.nomatter.dev\/es\/#\/schema\/logo\/image\/\",\"url\":\"https:\/\/focus-d7op8.kinsta.storage\/production\/uploads\/sites\/5\/2022\/08\/logo.svg\",\"contentUrl\":\"https:\/\/focus-d7op8.kinsta.storage\/production\/uploads\/sites\/5\/2022\/08\/logo.svg\",\"width\":277,\"height\":54,\"caption\":\"FocusEconomics\"},\"image\":{\"@id\":\"https:\/\/focus.s.nomatter.dev\/es\/#\/schema\/logo\/image\/\"},\"sameAs\":[\"https:\/\/www.facebook.com\/FocusEconomics\",\"https:\/\/x.com\/FocusEconomics\"]}]}<\/script>\n<!-- \/ Yoast SEO Premium plugin. -->","yoast_head_json":{"title":"Perspectivas de la ASEAN","description":"En este informe especial, nos sumergimos en las perspectivas a largo plazo de los precios del crudo y de diversos metales.","robots":{"index":"noindex","follow":"follow","max-snippet":"max-snippet:-1","max-image-preview":"max-image-preview:large","max-video-preview":"max-video-preview:-1"},"og_locale":"es_ES","og_type":"article","og_title":"Perspectivas a largo plazo de las materias primas","og_description":"En este informe especial, nos sumergimos en las perspectivas a largo plazo de los precios del crudo y de diversos metales.","og_url":"https:\/\/focus.s.nomatter.dev\/es\/blog\/perspectivas-a-largo-plazo-de-las-materias-primas\/","og_site_name":"FocusEconomics [ES]","article_publisher":"https:\/\/www.facebook.com\/FocusEconomics","article_modified_time":"2024-03-20T11:26:31+00:00","og_image":[{"width":940,"height":260,"url":"https:\/\/focus.nm-img.net\/uploads\/sites\/5\/2022\/11\/Oil_Refinery_FocusEconomics.jpg","type":"image\/jpeg"}],"twitter_card":"summary_large_image","twitter_site":"@FocusEconomics","twitter_misc":{"Tiempo de lectura":"2 minutos"},"schema":{"@context":"https:\/\/schema.org","@graph":[{"@type":"WebPage","@id":"https:\/\/focus.s.nomatter.dev\/es\/blog\/perspectivas-a-largo-plazo-de-las-materias-primas\/","url":"https:\/\/focus.s.nomatter.dev\/es\/blog\/perspectivas-a-largo-plazo-de-las-materias-primas\/","name":"Perspectivas de la ASEAN","isPartOf":{"@id":"https:\/\/focus.s.nomatter.dev\/es\/#website"},"primaryImageOfPage":{"@id":"https:\/\/focus.s.nomatter.dev\/es\/blog\/perspectivas-a-largo-plazo-de-las-materias-primas\/#primaryimage"},"image":{"@id":"https:\/\/focus.s.nomatter.dev\/es\/blog\/perspectivas-a-largo-plazo-de-las-materias-primas\/#primaryimage"},"thumbnailUrl":"https:\/\/focus-stg.nm-img.net\/uploads\/sites\/5\/2022\/11\/Oil_Refinery_FocusEconomics.jpg","datePublished":"2024-03-19T09:53:55+00:00","dateModified":"2024-03-20T11:26:31+00:00","description":"En este informe especial, nos sumergimos en las perspectivas a largo plazo de los precios del crudo y de diversos metales.","breadcrumb":{"@id":"https:\/\/focus.s.nomatter.dev\/es\/blog\/perspectivas-a-largo-plazo-de-las-materias-primas\/#breadcrumb"},"inLanguage":"es","potentialAction":[{"@type":"ReadAction","target":["https:\/\/focus.s.nomatter.dev\/es\/blog\/perspectivas-a-largo-plazo-de-las-materias-primas\/"]}]},{"@type":"ImageObject","inLanguage":"es","@id":"https:\/\/focus.s.nomatter.dev\/es\/blog\/perspectivas-a-largo-plazo-de-las-materias-primas\/#primaryimage","url":"https:\/\/focus-stg.nm-img.net\/uploads\/sites\/5\/2022\/11\/Oil_Refinery_FocusEconomics.jpg","contentUrl":"https:\/\/focus-stg.nm-img.net\/uploads\/sites\/5\/2022\/11\/Oil_Refinery_FocusEconomics.jpg","width":940,"height":260},{"@type":"BreadcrumbList","@id":"https:\/\/focus.s.nomatter.dev\/es\/blog\/perspectivas-a-largo-plazo-de-las-materias-primas\/#breadcrumb","itemListElement":[{"@type":"ListItem","position":1,"name":"Home","item":"https:\/\/focus.s.nomatter.dev\/es\/"},{"@type":"ListItem","position":2,"name":"An\u00e1lisis","item":"https:\/\/focus.s.nomatter.dev\/es\/blog\/"},{"@type":"ListItem","position":3,"name":"Perspectivas a largo plazo de las materias primas"}]},{"@type":"WebSite","@id":"https:\/\/focus.s.nomatter.dev\/es\/#website","url":"https:\/\/focus.s.nomatter.dev\/es\/","name":"FocusEconomics","description":"Economic Indicators, News and Forecasts","publisher":{"@id":"https:\/\/focus.s.nomatter.dev\/es\/#organization"},"potentialAction":[{"@type":"SearchAction","target":{"@type":"EntryPoint","urlTemplate":"https:\/\/focus.s.nomatter.dev\/es\/search-results\/?global-search={search_term_string}"},"query-input":{"@type":"PropertyValueSpecification","valueRequired":true,"valueName":"search_term_string"}}],"inLanguage":"es"},{"@type":"Organization","@id":"https:\/\/focus.s.nomatter.dev\/es\/#organization","name":"FocusEconomics","url":"https:\/\/focus.s.nomatter.dev\/es\/","logo":{"@type":"ImageObject","inLanguage":"es","@id":"https:\/\/focus.s.nomatter.dev\/es\/#\/schema\/logo\/image\/","url":"https:\/\/focus-d7op8.kinsta.storage\/production\/uploads\/sites\/5\/2022\/08\/logo.svg","contentUrl":"https:\/\/focus-d7op8.kinsta.storage\/production\/uploads\/sites\/5\/2022\/08\/logo.svg","width":277,"height":54,"caption":"FocusEconomics"},"image":{"@id":"https:\/\/focus.s.nomatter.dev\/es\/#\/schema\/logo\/image\/"},"sameAs":["https:\/\/www.facebook.com\/FocusEconomics","https:\/\/x.com\/FocusEconomics"]}]}},"_links":{"self":[{"href":"https:\/\/focus.s.nomatter.dev\/es\/wp-json\/wp\/v2\/pages\/150247","targetHints":{"allow":["GET"]}}],"collection":[{"href":"https:\/\/focus.s.nomatter.dev\/es\/wp-json\/wp\/v2\/pages"}],"about":[{"href":"https:\/\/focus.s.nomatter.dev\/es\/wp-json\/wp\/v2\/types\/page"}],"author":[{"embeddable":true,"href":"https:\/\/focus.s.nomatter.dev\/es\/wp-json\/wp\/v2\/users\/7"}],"replies":[{"embeddable":true,"href":"https:\/\/focus.s.nomatter.dev\/es\/wp-json\/wp\/v2\/comments?post=150247"}],"version-history":[{"count":0,"href":"https:\/\/focus.s.nomatter.dev\/es\/wp-json\/wp\/v2\/pages\/150247\/revisions"}],"up":[{"embeddable":true,"href":"https:\/\/focus.s.nomatter.dev\/es\/wp-json\/wp\/v2\/pages\/177"}],"wp:featuredmedia":[{"embeddable":true,"href":"https:\/\/focus.s.nomatter.dev\/es\/wp-json\/wp\/v2\/media\/45365"}],"wp:attachment":[{"href":"https:\/\/focus.s.nomatter.dev\/es\/wp-json\/wp\/v2\/media?parent=150247"}],"curies":[{"name":"wp","href":"https:\/\/api.w.org\/{rel}","templated":true}]}}