{"id":150942,"date":"2024-05-09T08:55:21","date_gmt":"2024-05-09T08:55:21","guid":{"rendered":"https:\/\/focus.s.nomatter.dev\/es\/?page_id=150942"},"modified":"2024-05-10T13:20:30","modified_gmt":"2024-05-10T13:20:30","slug":"informe-especial-cuales-son-las-perspectivas-economicas-de-oriente-medio-y-norte-de-africa","status":"publish","type":"page","link":"https:\/\/focus.s.nomatter.dev\/es\/blog\/informe-especial-cuales-son-las-perspectivas-economicas-de-oriente-medio-y-norte-de-africa\/","title":{"rendered":"Perspectivas para Oriente Medio y Norte de \u00c1frica: Una regi\u00f3n en la encrucijada"},"content":{"rendered":"<p>En 2022, la econom\u00eda de Oriente Medio y Norte de \u00c1frica creci\u00f3 al ritmo m\u00e1s r\u00e1pido desde principios de la d\u00e9cada de 2000. Los productores de petr\u00f3leo de la regi\u00f3n aumentaron la producci\u00f3n de crudo en respuesta a la subida de los precios de la energ\u00eda provocada por la invasi\u00f3n rusa de Ucrania, mientras que las empresas no petroleras de la regi\u00f3n prosperaron a medida que se recuperaban de la pandemia de Covid-19. Desde entonces, el impulso se ha ralentizado y han aumentado los riesgos para las perspectivas econ\u00f3micas de la regi\u00f3n. Sin embargo, la regi\u00f3n sigue siendo muy prometedora. Nuestros panelistas consideran que el crecimiento econ\u00f3mico en la regi\u00f3n MENA repuntar\u00e1 en 2024 y 2025 a medida que la OPEP+ reduzca sus recortes de producci\u00f3n, y los gobiernos de la regi\u00f3n -especialmente en el Golfo- sigan adelante con ambiciosos planes para diversificar la econom\u00eda m\u00e1s all\u00e1 del petr\u00f3leo.<\/p>\n<p>Este informe tambi\u00e9n muestra nuestra cobertura recientemente mejorada para Qatar y Kuwait, con nuestro equipo interno de economistas cubriendo ahora datos de alta frecuencia para ambos pa\u00edses.<\/p>\n<p><strong>Lea nuestro \u00faltimo informe especial sobre las perspectivas econ\u00f3micas de Oriente Medio y Norte de \u00c1frica:<\/strong><\/p>\n<ul>\n<li>PIB, petr\u00f3leo y previsiones no sectoriales, de inflaci\u00f3n y fiscales para las principales econom\u00edas de la regi\u00f3n.<\/li>\n<li>Desglose de nuestras previsiones de consenso por panelista<\/li>\n<li>Principales factores de riesgo<\/li>\n<li>Opiniones de nuestros analistas<\/li>\n<\/ul>\n<p><!--more--><br \/>\n<strong>Acerca de FocusEconomics<\/strong><\/p>\n<p><em>FocusEconomics es un proveedor l\u00edder de an\u00e1lisis y previsiones econ\u00f3micas para 198 pa\u00edses de \u00c1frica, Asia, Am\u00e9rica, Europa y Oriente Medio, as\u00ed como de previsiones de precios para m\u00e1s de 30 materias primas clave. La empresa cuenta con el apoyo de una amplia red mundial de analistas.<\/em><\/p>\n<p><em>Desde su lanzamiento hace m\u00e1s de 20 a\u00f1os, FocusEconomics se ha labrado una s\u00f3lida reputaci\u00f3n como fuente fiable de inteligencia empresarial oportuna y precisa entre clientes de diversos sectores, incluidas las principales instituciones financieras, empresas multinacionales y organismos gubernamentales del mundo.<\/em><\/p>\n<p><em>Si desea saber m\u00e1s sobre FocusEconomics y qu\u00e9 hace que Consensus Forecast sea tan valioso, visite nuestra p\u00e1gina Qui\u00e9nes somos.<\/em><\/p>\n<p><strong>\u00bfPor qu\u00e9 le pedimos sus datos personales?<\/strong><\/p>\n<p><em>Toda la informaci\u00f3n que nos proporcione ser\u00e1 privada. Nunca facilitaremos sus datos personales a terceros ni le enviaremos spam. Se lo prometemos.<\/em><\/p>\n<p><em>Es posible que un miembro de nuestro equipo se ponga en contacto con usted en el futuro para saber qu\u00e9 le ha parecido el seminario web y conocer su opini\u00f3n.<\/em><\/p>\n","protected":false},"excerpt":{"rendered":"<p>En 2022, la econom\u00eda de Oriente Medio y Norte de \u00c1frica creci\u00f3 al ritmo m\u00e1s r\u00e1pido desde principios de la d\u00e9cada de 2000. Los productores de petr\u00f3leo de la regi\u00f3n aumentaron la producci\u00f3n de crudo en respuesta a la subida de los precios de la energ\u00eda provocada por la invasi\u00f3n rusa de Ucrania, mientras que<\/p>\n","protected":false},"author":7,"featured_media":26665,"parent":177,"menu_order":0,"comment_status":"closed","ping_status":"closed","template":"template-simple.blade.php","meta":{"_acf_changed":false,"editor_notices":[],"footnotes":""},"class_list":["post-150942","page","type-page","status-publish","has-post-thumbnail","hentry"],"acf":[],"yoast_head":"<!-- This site is optimized with the Yoast SEO Premium plugin v26.9 (Yoast SEO v26.9) - https:\/\/yoast.com\/product\/yoast-seo-premium-wordpress\/ -->\n<title>Perspectivas para Oriente Medio y Norte de \u00c1frica: Una regi\u00f3n en la encrucijada - FocusEconomics [ES]<\/title>\n<meta name=\"description\" content=\"El crecimiento econ\u00f3mico en la regi\u00f3n de Oriente Medio y Norte de \u00c1frica aumentar\u00e1 en 2024 y 2025, a medida que la OPEP+ reduzca sus recortes de producci\u00f3n y que los gobiernos del Golfo sigan adelante con sus planes de diversificar la econom\u00eda m\u00e1s all\u00e1 del petr\u00f3leo.\" class=\"yoast-seo-meta-tag\" \/>\n<meta name=\"robots\" content=\"noindex, follow, max-snippet:-1, max-image-preview:large, max-video-preview:-1\" \/>\n<meta property=\"og:locale\" content=\"es_ES\" class=\"yoast-seo-meta-tag\" \/>\n<meta property=\"og:type\" content=\"article\" class=\"yoast-seo-meta-tag\" \/>\n<meta property=\"og:title\" content=\"Perspectivas para Oriente Medio y Norte de \u00c1frica: Una regi\u00f3n en la encrucijada\" class=\"yoast-seo-meta-tag\" \/>\n<meta property=\"og:description\" content=\"El crecimiento econ\u00f3mico en la regi\u00f3n de Oriente Medio y Norte de \u00c1frica aumentar\u00e1 en 2024 y 2025, a medida que la OPEP+ reduzca sus recortes de producci\u00f3n y que los gobiernos del Golfo sigan adelante con sus planes de diversificar la econom\u00eda m\u00e1s all\u00e1 del petr\u00f3leo.\" class=\"yoast-seo-meta-tag\" \/>\n<meta property=\"og:url\" content=\"https:\/\/focus.s.nomatter.dev\/es\/blog\/informe-especial-cuales-son-las-perspectivas-economicas-de-oriente-medio-y-norte-de-africa\/\" class=\"yoast-seo-meta-tag\" \/>\n<meta property=\"og:site_name\" content=\"FocusEconomics [ES]\" class=\"yoast-seo-meta-tag\" \/>\n<meta property=\"article:publisher\" content=\"https:\/\/www.facebook.com\/FocusEconomics\" class=\"yoast-seo-meta-tag\" \/>\n<meta property=\"article:modified_time\" content=\"2024-05-10T13:20:30+00:00\" class=\"yoast-seo-meta-tag\" \/>\n<meta property=\"og:image\" content=\"https:\/\/focus.nm-img.net\/uploads\/sites\/5\/2022\/11\/United-Arab-Emirates-scaled.jpg\" class=\"yoast-seo-meta-tag\" \/>\n\t<meta property=\"og:image:width\" content=\"2560\" class=\"yoast-seo-meta-tag\" \/>\n\t<meta property=\"og:image:height\" content=\"671\" class=\"yoast-seo-meta-tag\" \/>\n\t<meta property=\"og:image:type\" content=\"image\/jpeg\" class=\"yoast-seo-meta-tag\" \/>\n<meta name=\"twitter:card\" content=\"summary_large_image\" class=\"yoast-seo-meta-tag\" \/>\n<meta name=\"twitter:site\" content=\"@FocusEconomics\" class=\"yoast-seo-meta-tag\" \/>\n<meta name=\"twitter:label1\" content=\"Tiempo de lectura\" class=\"yoast-seo-meta-tag\" \/>\n\t<meta name=\"twitter:data1\" content=\"3 minutos\" class=\"yoast-seo-meta-tag\" \/>\n<script type=\"application\/ld+json\" class=\"yoast-schema-graph\">{\"@context\":\"https:\/\/schema.org\",\"@graph\":[{\"@type\":\"WebPage\",\"@id\":\"https:\/\/focus.s.nomatter.dev\/es\/blog\/informe-especial-cuales-son-las-perspectivas-economicas-de-oriente-medio-y-norte-de-africa\/\",\"url\":\"https:\/\/focus.s.nomatter.dev\/es\/blog\/informe-especial-cuales-son-las-perspectivas-economicas-de-oriente-medio-y-norte-de-africa\/\",\"name\":\"Perspectivas para Oriente Medio y Norte de \u00c1frica: Una regi\u00f3n en la encrucijada - FocusEconomics [ES]\",\"isPartOf\":{\"@id\":\"https:\/\/focus.s.nomatter.dev\/es\/#website\"},\"primaryImageOfPage\":{\"@id\":\"https:\/\/focus.s.nomatter.dev\/es\/blog\/informe-especial-cuales-son-las-perspectivas-economicas-de-oriente-medio-y-norte-de-africa\/#primaryimage\"},\"image\":{\"@id\":\"https:\/\/focus.s.nomatter.dev\/es\/blog\/informe-especial-cuales-son-las-perspectivas-economicas-de-oriente-medio-y-norte-de-africa\/#primaryimage\"},\"thumbnailUrl\":\"https:\/\/focus-stg.nm-img.net\/uploads\/sites\/5\/2022\/11\/United-Arab-Emirates-scaled.jpg\",\"datePublished\":\"2024-05-09T08:55:21+00:00\",\"dateModified\":\"2024-05-10T13:20:30+00:00\",\"description\":\"El crecimiento econ\u00f3mico en la regi\u00f3n de Oriente Medio y Norte de \u00c1frica aumentar\u00e1 en 2024 y 2025, a medida que la OPEP+ reduzca sus recortes de producci\u00f3n y que los gobiernos del Golfo sigan adelante con sus planes de diversificar la econom\u00eda m\u00e1s all\u00e1 del petr\u00f3leo.\",\"breadcrumb\":{\"@id\":\"https:\/\/focus.s.nomatter.dev\/es\/blog\/informe-especial-cuales-son-las-perspectivas-economicas-de-oriente-medio-y-norte-de-africa\/#breadcrumb\"},\"inLanguage\":\"es\",\"potentialAction\":[{\"@type\":\"ReadAction\",\"target\":[\"https:\/\/focus.s.nomatter.dev\/es\/blog\/informe-especial-cuales-son-las-perspectivas-economicas-de-oriente-medio-y-norte-de-africa\/\"]}]},{\"@type\":\"ImageObject\",\"inLanguage\":\"es\",\"@id\":\"https:\/\/focus.s.nomatter.dev\/es\/blog\/informe-especial-cuales-son-las-perspectivas-economicas-de-oriente-medio-y-norte-de-africa\/#primaryimage\",\"url\":\"https:\/\/focus-stg.nm-img.net\/uploads\/sites\/5\/2022\/11\/United-Arab-Emirates-scaled.jpg\",\"contentUrl\":\"https:\/\/focus-stg.nm-img.net\/uploads\/sites\/5\/2022\/11\/United-Arab-Emirates-scaled.jpg\",\"width\":2560,\"height\":671},{\"@type\":\"BreadcrumbList\",\"@id\":\"https:\/\/focus.s.nomatter.dev\/es\/blog\/informe-especial-cuales-son-las-perspectivas-economicas-de-oriente-medio-y-norte-de-africa\/#breadcrumb\",\"itemListElement\":[{\"@type\":\"ListItem\",\"position\":1,\"name\":\"Home\",\"item\":\"https:\/\/focus.s.nomatter.dev\/es\/\"},{\"@type\":\"ListItem\",\"position\":2,\"name\":\"An\u00e1lisis\",\"item\":\"https:\/\/focus.s.nomatter.dev\/es\/blog\/\"},{\"@type\":\"ListItem\",\"position\":3,\"name\":\"Perspectivas para Oriente Medio y Norte de \u00c1frica: Una regi\u00f3n en la encrucijada\"}]},{\"@type\":\"WebSite\",\"@id\":\"https:\/\/focus.s.nomatter.dev\/es\/#website\",\"url\":\"https:\/\/focus.s.nomatter.dev\/es\/\",\"name\":\"FocusEconomics\",\"description\":\"Economic Indicators, News and Forecasts\",\"publisher\":{\"@id\":\"https:\/\/focus.s.nomatter.dev\/es\/#organization\"},\"potentialAction\":[{\"@type\":\"SearchAction\",\"target\":{\"@type\":\"EntryPoint\",\"urlTemplate\":\"https:\/\/focus.s.nomatter.dev\/es\/search-results\/?global-search={search_term_string}\"},\"query-input\":{\"@type\":\"PropertyValueSpecification\",\"valueRequired\":true,\"valueName\":\"search_term_string\"}}],\"inLanguage\":\"es\"},{\"@type\":\"Organization\",\"@id\":\"https:\/\/focus.s.nomatter.dev\/es\/#organization\",\"name\":\"FocusEconomics\",\"url\":\"https:\/\/focus.s.nomatter.dev\/es\/\",\"logo\":{\"@type\":\"ImageObject\",\"inLanguage\":\"es\",\"@id\":\"https:\/\/focus.s.nomatter.dev\/es\/#\/schema\/logo\/image\/\",\"url\":\"https:\/\/focus-d7op8.kinsta.storage\/production\/uploads\/sites\/5\/2022\/08\/logo.svg\",\"contentUrl\":\"https:\/\/focus-d7op8.kinsta.storage\/production\/uploads\/sites\/5\/2022\/08\/logo.svg\",\"width\":277,\"height\":54,\"caption\":\"FocusEconomics\"},\"image\":{\"@id\":\"https:\/\/focus.s.nomatter.dev\/es\/#\/schema\/logo\/image\/\"},\"sameAs\":[\"https:\/\/www.facebook.com\/FocusEconomics\",\"https:\/\/x.com\/FocusEconomics\"]}]}<\/script>\n<!-- \/ Yoast SEO Premium plugin. -->","yoast_head_json":{"title":"Perspectivas para Oriente Medio y Norte de \u00c1frica: Una regi\u00f3n en la encrucijada - FocusEconomics [ES]","description":"El crecimiento econ\u00f3mico en la regi\u00f3n de Oriente Medio y Norte de \u00c1frica aumentar\u00e1 en 2024 y 2025, a medida que la OPEP+ reduzca sus recortes de producci\u00f3n y que los gobiernos del Golfo sigan adelante con sus planes de diversificar la econom\u00eda m\u00e1s all\u00e1 del petr\u00f3leo.","robots":{"index":"noindex","follow":"follow","max-snippet":"max-snippet:-1","max-image-preview":"max-image-preview:large","max-video-preview":"max-video-preview:-1"},"og_locale":"es_ES","og_type":"article","og_title":"Perspectivas para Oriente Medio y Norte de \u00c1frica: Una regi\u00f3n en la encrucijada","og_description":"El crecimiento econ\u00f3mico en la regi\u00f3n de Oriente Medio y Norte de \u00c1frica aumentar\u00e1 en 2024 y 2025, a medida que la OPEP+ reduzca sus recortes de producci\u00f3n y que los gobiernos del Golfo sigan adelante con sus planes de diversificar la econom\u00eda m\u00e1s all\u00e1 del petr\u00f3leo.","og_url":"https:\/\/focus.s.nomatter.dev\/es\/blog\/informe-especial-cuales-son-las-perspectivas-economicas-de-oriente-medio-y-norte-de-africa\/","og_site_name":"FocusEconomics [ES]","article_publisher":"https:\/\/www.facebook.com\/FocusEconomics","article_modified_time":"2024-05-10T13:20:30+00:00","og_image":[{"width":2560,"height":671,"url":"https:\/\/focus.nm-img.net\/uploads\/sites\/5\/2022\/11\/United-Arab-Emirates-scaled.jpg","type":"image\/jpeg"}],"twitter_card":"summary_large_image","twitter_site":"@FocusEconomics","twitter_misc":{"Tiempo de lectura":"3 minutos"},"schema":{"@context":"https:\/\/schema.org","@graph":[{"@type":"WebPage","@id":"https:\/\/focus.s.nomatter.dev\/es\/blog\/informe-especial-cuales-son-las-perspectivas-economicas-de-oriente-medio-y-norte-de-africa\/","url":"https:\/\/focus.s.nomatter.dev\/es\/blog\/informe-especial-cuales-son-las-perspectivas-economicas-de-oriente-medio-y-norte-de-africa\/","name":"Perspectivas para Oriente Medio y Norte de \u00c1frica: Una regi\u00f3n en la encrucijada - FocusEconomics [ES]","isPartOf":{"@id":"https:\/\/focus.s.nomatter.dev\/es\/#website"},"primaryImageOfPage":{"@id":"https:\/\/focus.s.nomatter.dev\/es\/blog\/informe-especial-cuales-son-las-perspectivas-economicas-de-oriente-medio-y-norte-de-africa\/#primaryimage"},"image":{"@id":"https:\/\/focus.s.nomatter.dev\/es\/blog\/informe-especial-cuales-son-las-perspectivas-economicas-de-oriente-medio-y-norte-de-africa\/#primaryimage"},"thumbnailUrl":"https:\/\/focus-stg.nm-img.net\/uploads\/sites\/5\/2022\/11\/United-Arab-Emirates-scaled.jpg","datePublished":"2024-05-09T08:55:21+00:00","dateModified":"2024-05-10T13:20:30+00:00","description":"El crecimiento econ\u00f3mico en la regi\u00f3n de Oriente Medio y Norte de \u00c1frica aumentar\u00e1 en 2024 y 2025, a medida que la OPEP+ reduzca sus recortes de producci\u00f3n y que los gobiernos del Golfo sigan adelante con sus planes de diversificar la econom\u00eda m\u00e1s all\u00e1 del petr\u00f3leo.","breadcrumb":{"@id":"https:\/\/focus.s.nomatter.dev\/es\/blog\/informe-especial-cuales-son-las-perspectivas-economicas-de-oriente-medio-y-norte-de-africa\/#breadcrumb"},"inLanguage":"es","potentialAction":[{"@type":"ReadAction","target":["https:\/\/focus.s.nomatter.dev\/es\/blog\/informe-especial-cuales-son-las-perspectivas-economicas-de-oriente-medio-y-norte-de-africa\/"]}]},{"@type":"ImageObject","inLanguage":"es","@id":"https:\/\/focus.s.nomatter.dev\/es\/blog\/informe-especial-cuales-son-las-perspectivas-economicas-de-oriente-medio-y-norte-de-africa\/#primaryimage","url":"https:\/\/focus-stg.nm-img.net\/uploads\/sites\/5\/2022\/11\/United-Arab-Emirates-scaled.jpg","contentUrl":"https:\/\/focus-stg.nm-img.net\/uploads\/sites\/5\/2022\/11\/United-Arab-Emirates-scaled.jpg","width":2560,"height":671},{"@type":"BreadcrumbList","@id":"https:\/\/focus.s.nomatter.dev\/es\/blog\/informe-especial-cuales-son-las-perspectivas-economicas-de-oriente-medio-y-norte-de-africa\/#breadcrumb","itemListElement":[{"@type":"ListItem","position":1,"name":"Home","item":"https:\/\/focus.s.nomatter.dev\/es\/"},{"@type":"ListItem","position":2,"name":"An\u00e1lisis","item":"https:\/\/focus.s.nomatter.dev\/es\/blog\/"},{"@type":"ListItem","position":3,"name":"Perspectivas para Oriente Medio y Norte de \u00c1frica: Una regi\u00f3n en la encrucijada"}]},{"@type":"WebSite","@id":"https:\/\/focus.s.nomatter.dev\/es\/#website","url":"https:\/\/focus.s.nomatter.dev\/es\/","name":"FocusEconomics","description":"Economic Indicators, News and Forecasts","publisher":{"@id":"https:\/\/focus.s.nomatter.dev\/es\/#organization"},"potentialAction":[{"@type":"SearchAction","target":{"@type":"EntryPoint","urlTemplate":"https:\/\/focus.s.nomatter.dev\/es\/search-results\/?global-search={search_term_string}"},"query-input":{"@type":"PropertyValueSpecification","valueRequired":true,"valueName":"search_term_string"}}],"inLanguage":"es"},{"@type":"Organization","@id":"https:\/\/focus.s.nomatter.dev\/es\/#organization","name":"FocusEconomics","url":"https:\/\/focus.s.nomatter.dev\/es\/","logo":{"@type":"ImageObject","inLanguage":"es","@id":"https:\/\/focus.s.nomatter.dev\/es\/#\/schema\/logo\/image\/","url":"https:\/\/focus-d7op8.kinsta.storage\/production\/uploads\/sites\/5\/2022\/08\/logo.svg","contentUrl":"https:\/\/focus-d7op8.kinsta.storage\/production\/uploads\/sites\/5\/2022\/08\/logo.svg","width":277,"height":54,"caption":"FocusEconomics"},"image":{"@id":"https:\/\/focus.s.nomatter.dev\/es\/#\/schema\/logo\/image\/"},"sameAs":["https:\/\/www.facebook.com\/FocusEconomics","https:\/\/x.com\/FocusEconomics"]}]}},"_links":{"self":[{"href":"https:\/\/focus.s.nomatter.dev\/es\/wp-json\/wp\/v2\/pages\/150942","targetHints":{"allow":["GET"]}}],"collection":[{"href":"https:\/\/focus.s.nomatter.dev\/es\/wp-json\/wp\/v2\/pages"}],"about":[{"href":"https:\/\/focus.s.nomatter.dev\/es\/wp-json\/wp\/v2\/types\/page"}],"author":[{"embeddable":true,"href":"https:\/\/focus.s.nomatter.dev\/es\/wp-json\/wp\/v2\/users\/7"}],"replies":[{"embeddable":true,"href":"https:\/\/focus.s.nomatter.dev\/es\/wp-json\/wp\/v2\/comments?post=150942"}],"version-history":[{"count":0,"href":"https:\/\/focus.s.nomatter.dev\/es\/wp-json\/wp\/v2\/pages\/150942\/revisions"}],"up":[{"embeddable":true,"href":"https:\/\/focus.s.nomatter.dev\/es\/wp-json\/wp\/v2\/pages\/177"}],"wp:featuredmedia":[{"embeddable":true,"href":"https:\/\/focus.s.nomatter.dev\/es\/wp-json\/wp\/v2\/media\/26665"}],"wp:attachment":[{"href":"https:\/\/focus.s.nomatter.dev\/es\/wp-json\/wp\/v2\/media?parent=150942"}],"curies":[{"name":"wp","href":"https:\/\/api.w.org\/{rel}","templated":true}]}}