{"id":152829,"date":"2024-07-30T08:53:18","date_gmt":"2024-07-30T08:53:18","guid":{"rendered":"https:\/\/focus.s.nomatter.dev\/es\/?page_id=152829"},"modified":"2024-07-30T08:55:52","modified_gmt":"2024-07-30T08:55:52","slug":"previsiones-a-largo-plazo-de-focusanalytics","status":"publish","type":"page","link":"https:\/\/focus.s.nomatter.dev\/es\/solutions\/data-solutions\/previsiones-a-largo-plazo-de-focusanalytics\/","title":{"rendered":"Previsiones a largo plazo de FocusAnalytics"},"content":{"rendered":"<p>Nuestra cobertura es ahora m\u00e1s amplia que nunca. En el pasado, recopil\u00e1bamos las previsiones de los panelistas para los pr\u00f3ximos 5 a\u00f1os. Ahora, publicamos previsiones actualizadas hasta 2050 a trav\u00e9s de nuestra API y archivos planos. En FocusAnalytics, nuestras previsiones cubren los pr\u00f3ximos 10 a\u00f1os.<\/p>\n<p><a href=\"https:\/\/info.focus-economics.com\/l\/871881\/2023-11-16\/ncghnv\/871881\/17023755950zVq7oZQ\/FocusEconomics_Long_Term_Forecasts.pdf\"><img loading=\"lazy\" decoding=\"async\" class=\"alignnone wp-image-56608 size-large\" role=\"img\" src=\"https:\/\/focus-d7op8.kinsta.storage\/production\/uploads\/2023\/10\/Platform-LY.svg\" alt=\"\" width=\"1024\" height=\"1024\" \/><\/a><\/p>\n<p><em><strong>Acerca de FocusEconomics<\/strong><\/em><br \/>\n<em>FocusEconomics es un proveedor l\u00edder de an\u00e1lisis y previsiones econ\u00f3micas para 198 pa\u00edses de \u00c1frica, Asia, Am\u00e9rica, Europa y Oriente Medio, as\u00ed como de previsiones de precios para m\u00e1s de 30 materias primas clave. La empresa cuenta con el apoyo de una amplia red mundial de analistas.<\/em><\/p>\n<p><em>Desde su lanzamiento hace m\u00e1s de 20 a\u00f1os, FocusEconomics se ha labrado una s\u00f3lida reputaci\u00f3n como fuente fiable de inteligencia empresarial oportuna y precisa entre clientes de diversos sectores, incluidas las principales instituciones financieras, empresas multinacionales y organismos gubernamentales del mundo.<\/em><\/p>\n<p><em><strong>\u00bfPor qu\u00e9 le pedimos sus datos personales?<\/strong><\/em><br \/>\n<em>Toda la informaci\u00f3n que nos proporcione ser\u00e1 privada. Nunca facilitaremos sus datos personales a terceros ni le enviaremos spam. Se lo prometemos.<\/em><\/p>\n<p><em>Es posible que un miembro de nuestro equipo se ponga en contacto con usted en el futuro para saber qu\u00e9 le ha parecido el seminario web y conocer su opini\u00f3n.<\/em><\/p>\n<p>&nbsp;<\/p>\n","protected":false},"excerpt":{"rendered":"<p>Nuestra cobertura es ahora m\u00e1s amplia que nunca. En el pasado, recopil\u00e1bamos las previsiones de los panelistas para los pr\u00f3ximos 5 a\u00f1os. Ahora, publicamos previsiones actualizadas hasta 2050 a trav\u00e9s de nuestra API y archivos planos. En FocusAnalytics, nuestras previsiones cubren los pr\u00f3ximos 10 a\u00f1os. Acerca de FocusEconomics FocusEconomics es un proveedor l\u00edder de an\u00e1lisis<\/p>\n","protected":false},"author":7,"featured_media":113655,"parent":160,"menu_order":0,"comment_status":"closed","ping_status":"closed","template":"template-simple.blade.php","meta":{"_acf_changed":false,"editor_notices":[],"footnotes":""},"class_list":["post-152829","page","type-page","status-publish","has-post-thumbnail","hentry"],"acf":[],"yoast_head":"<!-- This site is optimized with the Yoast SEO Premium plugin v26.9 (Yoast SEO v26.9) - https:\/\/yoast.com\/product\/yoast-seo-premium-wordpress\/ -->\n<title>Previsiones a largo plazo de FocusAnalytics - FocusEconomics [ES]<\/title>\n<meta name=\"description\" content=\"Previsiones a largo plazo de FocusAnalytics\" class=\"yoast-seo-meta-tag\" \/>\n<meta name=\"robots\" content=\"noindex, follow, max-snippet:-1, max-image-preview:large, max-video-preview:-1\" \/>\n<meta property=\"og:locale\" content=\"es_ES\" class=\"yoast-seo-meta-tag\" \/>\n<meta property=\"og:type\" content=\"article\" class=\"yoast-seo-meta-tag\" \/>\n<meta property=\"og:title\" content=\"Previsiones a largo plazo de FocusAnalytics\" class=\"yoast-seo-meta-tag\" \/>\n<meta property=\"og:description\" content=\"Previsiones a largo plazo de FocusAnalytics\" class=\"yoast-seo-meta-tag\" \/>\n<meta property=\"og:url\" content=\"https:\/\/focus.s.nomatter.dev\/es\/solutions\/data-solutions\/previsiones-a-largo-plazo-de-focusanalytics\/\" class=\"yoast-seo-meta-tag\" \/>\n<meta property=\"og:site_name\" content=\"FocusEconomics [ES]\" class=\"yoast-seo-meta-tag\" \/>\n<meta property=\"article:publisher\" content=\"https:\/\/www.facebook.com\/FocusEconomics\" class=\"yoast-seo-meta-tag\" \/>\n<meta property=\"article:modified_time\" content=\"2024-07-30T08:55:52+00:00\" class=\"yoast-seo-meta-tag\" \/>\n<meta property=\"og:image\" content=\"https:\/\/focus.nm-img.net\/uploads\/sites\/5\/2023\/07\/focus50.png\" class=\"yoast-seo-meta-tag\" \/>\n\t<meta property=\"og:image:width\" content=\"1216\" class=\"yoast-seo-meta-tag\" \/>\n\t<meta property=\"og:image:height\" content=\"284\" class=\"yoast-seo-meta-tag\" \/>\n\t<meta property=\"og:image:type\" content=\"image\/png\" class=\"yoast-seo-meta-tag\" \/>\n<meta name=\"twitter:card\" content=\"summary_large_image\" class=\"yoast-seo-meta-tag\" \/>\n<meta name=\"twitter:site\" content=\"@FocusEconomics\" class=\"yoast-seo-meta-tag\" \/>\n<meta name=\"twitter:label1\" content=\"Tiempo de lectura\" class=\"yoast-seo-meta-tag\" \/>\n\t<meta name=\"twitter:data1\" content=\"2 minutos\" class=\"yoast-seo-meta-tag\" \/>\n<script type=\"application\/ld+json\" class=\"yoast-schema-graph\">{\"@context\":\"https:\/\/schema.org\",\"@graph\":[{\"@type\":\"WebPage\",\"@id\":\"https:\/\/focus.s.nomatter.dev\/es\/solutions\/data-solutions\/previsiones-a-largo-plazo-de-focusanalytics\/\",\"url\":\"https:\/\/focus.s.nomatter.dev\/es\/solutions\/data-solutions\/previsiones-a-largo-plazo-de-focusanalytics\/\",\"name\":\"Previsiones a largo plazo de FocusAnalytics - FocusEconomics [ES]\",\"isPartOf\":{\"@id\":\"https:\/\/focus.s.nomatter.dev\/es\/#website\"},\"primaryImageOfPage\":{\"@id\":\"https:\/\/focus.s.nomatter.dev\/es\/solutions\/data-solutions\/previsiones-a-largo-plazo-de-focusanalytics\/#primaryimage\"},\"image\":{\"@id\":\"https:\/\/focus.s.nomatter.dev\/es\/solutions\/data-solutions\/previsiones-a-largo-plazo-de-focusanalytics\/#primaryimage\"},\"thumbnailUrl\":\"https:\/\/focus-stg.nm-img.net\/uploads\/sites\/5\/2023\/07\/focus50.png\",\"datePublished\":\"2024-07-30T08:53:18+00:00\",\"dateModified\":\"2024-07-30T08:55:52+00:00\",\"description\":\"Previsiones a largo plazo de FocusAnalytics\",\"breadcrumb\":{\"@id\":\"https:\/\/focus.s.nomatter.dev\/es\/solutions\/data-solutions\/previsiones-a-largo-plazo-de-focusanalytics\/#breadcrumb\"},\"inLanguage\":\"es\",\"potentialAction\":[{\"@type\":\"ReadAction\",\"target\":[\"https:\/\/focus.s.nomatter.dev\/es\/solutions\/data-solutions\/previsiones-a-largo-plazo-de-focusanalytics\/\"]}]},{\"@type\":\"ImageObject\",\"inLanguage\":\"es\",\"@id\":\"https:\/\/focus.s.nomatter.dev\/es\/solutions\/data-solutions\/previsiones-a-largo-plazo-de-focusanalytics\/#primaryimage\",\"url\":\"https:\/\/focus-stg.nm-img.net\/uploads\/sites\/5\/2023\/07\/focus50.png\",\"contentUrl\":\"https:\/\/focus-stg.nm-img.net\/uploads\/sites\/5\/2023\/07\/focus50.png\",\"width\":1216,\"height\":284},{\"@type\":\"BreadcrumbList\",\"@id\":\"https:\/\/focus.s.nomatter.dev\/es\/solutions\/data-solutions\/previsiones-a-largo-plazo-de-focusanalytics\/#breadcrumb\",\"itemListElement\":[{\"@type\":\"ListItem\",\"position\":1,\"name\":\"Home\",\"item\":\"https:\/\/focus.s.nomatter.dev\/es\/\"},{\"@type\":\"ListItem\",\"position\":2,\"name\":\"Soluciones\",\"item\":\"https:\/\/focus.s.nomatter.dev\/es\/solutions\/\"},{\"@type\":\"ListItem\",\"position\":3,\"name\":\"Soluciones de datos\",\"item\":\"https:\/\/focus.s.nomatter.dev\/es\/solutions\/data-solutions\/\"},{\"@type\":\"ListItem\",\"position\":4,\"name\":\"Previsiones a largo plazo de FocusAnalytics\"}]},{\"@type\":\"WebSite\",\"@id\":\"https:\/\/focus.s.nomatter.dev\/es\/#website\",\"url\":\"https:\/\/focus.s.nomatter.dev\/es\/\",\"name\":\"FocusEconomics\",\"description\":\"Economic Indicators, News and Forecasts\",\"publisher\":{\"@id\":\"https:\/\/focus.s.nomatter.dev\/es\/#organization\"},\"potentialAction\":[{\"@type\":\"SearchAction\",\"target\":{\"@type\":\"EntryPoint\",\"urlTemplate\":\"https:\/\/focus.s.nomatter.dev\/es\/search-results\/?global-search={search_term_string}\"},\"query-input\":{\"@type\":\"PropertyValueSpecification\",\"valueRequired\":true,\"valueName\":\"search_term_string\"}}],\"inLanguage\":\"es\"},{\"@type\":\"Organization\",\"@id\":\"https:\/\/focus.s.nomatter.dev\/es\/#organization\",\"name\":\"FocusEconomics\",\"url\":\"https:\/\/focus.s.nomatter.dev\/es\/\",\"logo\":{\"@type\":\"ImageObject\",\"inLanguage\":\"es\",\"@id\":\"https:\/\/focus.s.nomatter.dev\/es\/#\/schema\/logo\/image\/\",\"url\":\"https:\/\/focus-d7op8.kinsta.storage\/production\/uploads\/sites\/5\/2022\/08\/logo.svg\",\"contentUrl\":\"https:\/\/focus-d7op8.kinsta.storage\/production\/uploads\/sites\/5\/2022\/08\/logo.svg\",\"width\":277,\"height\":54,\"caption\":\"FocusEconomics\"},\"image\":{\"@id\":\"https:\/\/focus.s.nomatter.dev\/es\/#\/schema\/logo\/image\/\"},\"sameAs\":[\"https:\/\/www.facebook.com\/FocusEconomics\",\"https:\/\/x.com\/FocusEconomics\"]}]}<\/script>\n<!-- \/ Yoast SEO Premium plugin. -->","yoast_head_json":{"title":"Previsiones a largo plazo de FocusAnalytics - FocusEconomics [ES]","description":"Previsiones a largo plazo de FocusAnalytics","robots":{"index":"noindex","follow":"follow","max-snippet":"max-snippet:-1","max-image-preview":"max-image-preview:large","max-video-preview":"max-video-preview:-1"},"og_locale":"es_ES","og_type":"article","og_title":"Previsiones a largo plazo de FocusAnalytics","og_description":"Previsiones a largo plazo de FocusAnalytics","og_url":"https:\/\/focus.s.nomatter.dev\/es\/solutions\/data-solutions\/previsiones-a-largo-plazo-de-focusanalytics\/","og_site_name":"FocusEconomics [ES]","article_publisher":"https:\/\/www.facebook.com\/FocusEconomics","article_modified_time":"2024-07-30T08:55:52+00:00","og_image":[{"width":1216,"height":284,"url":"https:\/\/focus.nm-img.net\/uploads\/sites\/5\/2023\/07\/focus50.png","type":"image\/png"}],"twitter_card":"summary_large_image","twitter_site":"@FocusEconomics","twitter_misc":{"Tiempo de lectura":"2 minutos"},"schema":{"@context":"https:\/\/schema.org","@graph":[{"@type":"WebPage","@id":"https:\/\/focus.s.nomatter.dev\/es\/solutions\/data-solutions\/previsiones-a-largo-plazo-de-focusanalytics\/","url":"https:\/\/focus.s.nomatter.dev\/es\/solutions\/data-solutions\/previsiones-a-largo-plazo-de-focusanalytics\/","name":"Previsiones a largo plazo de FocusAnalytics - FocusEconomics [ES]","isPartOf":{"@id":"https:\/\/focus.s.nomatter.dev\/es\/#website"},"primaryImageOfPage":{"@id":"https:\/\/focus.s.nomatter.dev\/es\/solutions\/data-solutions\/previsiones-a-largo-plazo-de-focusanalytics\/#primaryimage"},"image":{"@id":"https:\/\/focus.s.nomatter.dev\/es\/solutions\/data-solutions\/previsiones-a-largo-plazo-de-focusanalytics\/#primaryimage"},"thumbnailUrl":"https:\/\/focus-stg.nm-img.net\/uploads\/sites\/5\/2023\/07\/focus50.png","datePublished":"2024-07-30T08:53:18+00:00","dateModified":"2024-07-30T08:55:52+00:00","description":"Previsiones a largo plazo de FocusAnalytics","breadcrumb":{"@id":"https:\/\/focus.s.nomatter.dev\/es\/solutions\/data-solutions\/previsiones-a-largo-plazo-de-focusanalytics\/#breadcrumb"},"inLanguage":"es","potentialAction":[{"@type":"ReadAction","target":["https:\/\/focus.s.nomatter.dev\/es\/solutions\/data-solutions\/previsiones-a-largo-plazo-de-focusanalytics\/"]}]},{"@type":"ImageObject","inLanguage":"es","@id":"https:\/\/focus.s.nomatter.dev\/es\/solutions\/data-solutions\/previsiones-a-largo-plazo-de-focusanalytics\/#primaryimage","url":"https:\/\/focus-stg.nm-img.net\/uploads\/sites\/5\/2023\/07\/focus50.png","contentUrl":"https:\/\/focus-stg.nm-img.net\/uploads\/sites\/5\/2023\/07\/focus50.png","width":1216,"height":284},{"@type":"BreadcrumbList","@id":"https:\/\/focus.s.nomatter.dev\/es\/solutions\/data-solutions\/previsiones-a-largo-plazo-de-focusanalytics\/#breadcrumb","itemListElement":[{"@type":"ListItem","position":1,"name":"Home","item":"https:\/\/focus.s.nomatter.dev\/es\/"},{"@type":"ListItem","position":2,"name":"Soluciones","item":"https:\/\/focus.s.nomatter.dev\/es\/solutions\/"},{"@type":"ListItem","position":3,"name":"Soluciones de datos","item":"https:\/\/focus.s.nomatter.dev\/es\/solutions\/data-solutions\/"},{"@type":"ListItem","position":4,"name":"Previsiones a largo plazo de FocusAnalytics"}]},{"@type":"WebSite","@id":"https:\/\/focus.s.nomatter.dev\/es\/#website","url":"https:\/\/focus.s.nomatter.dev\/es\/","name":"FocusEconomics","description":"Economic Indicators, News and Forecasts","publisher":{"@id":"https:\/\/focus.s.nomatter.dev\/es\/#organization"},"potentialAction":[{"@type":"SearchAction","target":{"@type":"EntryPoint","urlTemplate":"https:\/\/focus.s.nomatter.dev\/es\/search-results\/?global-search={search_term_string}"},"query-input":{"@type":"PropertyValueSpecification","valueRequired":true,"valueName":"search_term_string"}}],"inLanguage":"es"},{"@type":"Organization","@id":"https:\/\/focus.s.nomatter.dev\/es\/#organization","name":"FocusEconomics","url":"https:\/\/focus.s.nomatter.dev\/es\/","logo":{"@type":"ImageObject","inLanguage":"es","@id":"https:\/\/focus.s.nomatter.dev\/es\/#\/schema\/logo\/image\/","url":"https:\/\/focus-d7op8.kinsta.storage\/production\/uploads\/sites\/5\/2022\/08\/logo.svg","contentUrl":"https:\/\/focus-d7op8.kinsta.storage\/production\/uploads\/sites\/5\/2022\/08\/logo.svg","width":277,"height":54,"caption":"FocusEconomics"},"image":{"@id":"https:\/\/focus.s.nomatter.dev\/es\/#\/schema\/logo\/image\/"},"sameAs":["https:\/\/www.facebook.com\/FocusEconomics","https:\/\/x.com\/FocusEconomics"]}]}},"_links":{"self":[{"href":"https:\/\/focus.s.nomatter.dev\/es\/wp-json\/wp\/v2\/pages\/152829","targetHints":{"allow":["GET"]}}],"collection":[{"href":"https:\/\/focus.s.nomatter.dev\/es\/wp-json\/wp\/v2\/pages"}],"about":[{"href":"https:\/\/focus.s.nomatter.dev\/es\/wp-json\/wp\/v2\/types\/page"}],"author":[{"embeddable":true,"href":"https:\/\/focus.s.nomatter.dev\/es\/wp-json\/wp\/v2\/users\/7"}],"replies":[{"embeddable":true,"href":"https:\/\/focus.s.nomatter.dev\/es\/wp-json\/wp\/v2\/comments?post=152829"}],"version-history":[{"count":0,"href":"https:\/\/focus.s.nomatter.dev\/es\/wp-json\/wp\/v2\/pages\/152829\/revisions"}],"up":[{"embeddable":true,"href":"https:\/\/focus.s.nomatter.dev\/es\/wp-json\/wp\/v2\/pages\/160"}],"wp:featuredmedia":[{"embeddable":true,"href":"https:\/\/focus.s.nomatter.dev\/es\/wp-json\/wp\/v2\/media\/113655"}],"wp:attachment":[{"href":"https:\/\/focus.s.nomatter.dev\/es\/wp-json\/wp\/v2\/media?parent=152829"}],"curies":[{"name":"wp","href":"https:\/\/api.w.org\/{rel}","templated":true}]}}