{"id":157014,"date":"2025-08-05T08:11:39","date_gmt":"2025-08-05T08:11:39","guid":{"rendered":"https:\/\/focus.s.nomatter.dev\/es\/?page_id=157014"},"modified":"2025-08-05T08:14:43","modified_gmt":"2025-08-05T08:14:43","slug":"special-report-the-us-fiscal-outlook","status":"publish","type":"page","link":"https:\/\/focus.s.nomatter.dev\/es\/blog\/special-report-the-us-fiscal-outlook\/","title":{"rendered":"Informe especial: Perspectivas fiscales de Estados Unidos"},"content":{"rendered":"<p>La situaci\u00f3n fiscal de Estados Unidos ha suscitado un creciente inter\u00e9s medi\u00e1tico en los \u00faltimos meses, ya que Trump ha redoblado sus esfuerzos por reducir los impuestos, mientras que la confianza en el d\u00f3lar se ha visto sacudida por una pol\u00edtica err\u00e1tica. En vista de ello, nuestro \u00faltimo informe especial analiza las perspectivas del saldo presupuestario y la deuda p\u00fablica de Estados Unidos en los pr\u00f3ximos a\u00f1os.<\/p>\n<p><strong>Lea nuestro \u00faltimo informe especial para conocer:<\/strong><\/p>\n<ul>\n<li>La evoluci\u00f3n hist\u00f3rica del saldo presupuestario y la deuda p\u00fablica de Estados Unidos.<\/li>\n<li>Las previsiones de nuestros expertos sobre el saldo presupuestario y la deuda p\u00fablica de Estados Unidos para los pr\u00f3ximos a\u00f1os.<\/li>\n<li>La evoluci\u00f3n diaria de las previsiones fiscales.<\/li>\n<li>An\u00e1lisis del impacto fiscal de DOGE y la Ley One, Big Beautiful Bill.<\/li>\n<li>Opiniones de nuestros analistas.<\/li>\n<\/ul>\n<p><strong>Acerca de FocusEconomics<\/strong><\/p>\n<p><em>FocusEconomics es un proveedor l\u00edder de an\u00e1lisis y previsiones econ\u00f3micas para 198 pa\u00edses de \u00c1frica, Asia, Am\u00e9rica, Europa y Oriente Medio, as\u00ed como de previsiones de precios para m\u00e1s de 30 materias primas clave. La empresa cuenta con el apoyo de una amplia red mundial de analistas.<\/em><\/p>\n<p><em>Desde su lanzamiento hace m\u00e1s de 20 a\u00f1os, FocusEconomics se ha labrado una s\u00f3lida reputaci\u00f3n como fuente fiable de inteligencia empresarial oportuna y precisa entre clientes de diversos sectores, incluidas las principales instituciones financieras, empresas multinacionales y organismos gubernamentales del mundo.<\/em><\/p>\n<p><em>Si desea saber m\u00e1s sobre FocusEconomics y qu\u00e9 hace que Consensus Forecast sea tan valioso, visite nuestra p\u00e1gina Qui\u00e9nes somos.<\/em><\/p>\n<p><em>\u00bfPor qu\u00e9 le pedimos sus datos personales?<\/em><\/p>\n<p><em>Toda la informaci\u00f3n que nos proporcione ser\u00e1 privada. Nunca facilitaremos sus datos personales a terceros ni le enviaremos spam. Se lo prometemos.<\/em><\/p>\n<p><em>Es posible que un miembro de nuestro equipo se ponga en contacto con usted en el futuro para saber qu\u00e9 le ha parecido el seminario web y conocer su opini\u00f3n.<\/em><\/p>\n<p>&nbsp;<\/p>\n","protected":false},"excerpt":{"rendered":"<p>La situaci\u00f3n fiscal de Estados Unidos ha suscitado un creciente inter\u00e9s medi\u00e1tico en los \u00faltimos meses, ya que Trump ha redoblado sus esfuerzos por reducir los impuestos, mientras que la confianza en el d\u00f3lar se ha visto sacudida por una pol\u00edtica err\u00e1tica. En vista de ello, nuestro \u00faltimo informe especial analiza las perspectivas del saldo<\/p>\n","protected":false},"author":7,"featured_media":157015,"parent":177,"menu_order":0,"comment_status":"closed","ping_status":"closed","template":"template-simple.blade.php","meta":{"_acf_changed":false,"editor_notices":[],"footnotes":""},"class_list":["post-157014","page","type-page","status-publish","has-post-thumbnail","hentry"],"acf":[],"yoast_head":"<!-- This site is optimized with the Yoast SEO Premium plugin v26.9 (Yoast SEO v26.9) - https:\/\/yoast.com\/product\/yoast-seo-premium-wordpress\/ -->\n<title>Informe especial: Perspectivas fiscales de Estados Unidos - FocusEconomics [ES]<\/title>\n<meta name=\"description\" content=\"La situaci\u00f3n fiscal de Estados Unidos ha suscitado un creciente inter\u00e9s medi\u00e1tico en los \u00faltimos meses, ya que Trump ha redoblado sus esfuerzos por reducir los impuestos, mientras que la confianza en el d\u00f3lar se ha visto sacudida por una pol\u00edtica err\u00e1tica. En vista de ello, nuestro \u00faltimo informe especial analiza las perspectivas del saldo presupuestario y la deuda p\u00fablica de Estados Unidos en los pr\u00f3ximos a\u00f1os.\" class=\"yoast-seo-meta-tag\" \/>\n<meta name=\"robots\" content=\"noindex, follow, max-snippet:-1, max-image-preview:large, max-video-preview:-1\" \/>\n<meta property=\"og:locale\" content=\"es_ES\" class=\"yoast-seo-meta-tag\" \/>\n<meta property=\"og:type\" content=\"article\" class=\"yoast-seo-meta-tag\" \/>\n<meta property=\"og:title\" content=\"Informe especial: Perspectivas fiscales de Estados Unidos\" class=\"yoast-seo-meta-tag\" \/>\n<meta property=\"og:description\" content=\"La situaci\u00f3n fiscal de Estados Unidos ha suscitado un creciente inter\u00e9s medi\u00e1tico en los \u00faltimos meses, ya que Trump ha redoblado sus esfuerzos por reducir los impuestos, mientras que la confianza en el d\u00f3lar se ha visto sacudida por una pol\u00edtica err\u00e1tica. En vista de ello, nuestro \u00faltimo informe especial analiza las perspectivas del saldo presupuestario y la deuda p\u00fablica de Estados Unidos en los pr\u00f3ximos a\u00f1os.\" class=\"yoast-seo-meta-tag\" \/>\n<meta property=\"og:url\" content=\"https:\/\/focus.s.nomatter.dev\/es\/blog\/special-report-the-us-fiscal-outlook\/\" class=\"yoast-seo-meta-tag\" \/>\n<meta property=\"og:site_name\" content=\"FocusEconomics [ES]\" class=\"yoast-seo-meta-tag\" \/>\n<meta property=\"article:publisher\" content=\"https:\/\/www.facebook.com\/FocusEconomics\" class=\"yoast-seo-meta-tag\" \/>\n<meta property=\"article:modified_time\" content=\"2025-08-05T08:14:43+00:00\" class=\"yoast-seo-meta-tag\" \/>\n<meta property=\"og:image\" content=\"https:\/\/focus.nm-img.net\/uploads\/sites\/5\/2025\/08\/image-2.jpg\" class=\"yoast-seo-meta-tag\" \/>\n\t<meta property=\"og:image:width\" content=\"2048\" class=\"yoast-seo-meta-tag\" \/>\n\t<meta property=\"og:image:height\" content=\"1365\" class=\"yoast-seo-meta-tag\" \/>\n\t<meta property=\"og:image:type\" content=\"image\/jpeg\" class=\"yoast-seo-meta-tag\" \/>\n<meta name=\"twitter:card\" content=\"summary_large_image\" class=\"yoast-seo-meta-tag\" \/>\n<meta name=\"twitter:site\" content=\"@FocusEconomics\" class=\"yoast-seo-meta-tag\" \/>\n<meta name=\"twitter:label1\" content=\"Tiempo de lectura\" class=\"yoast-seo-meta-tag\" \/>\n\t<meta name=\"twitter:data1\" content=\"2 minutos\" class=\"yoast-seo-meta-tag\" \/>\n<script type=\"application\/ld+json\" class=\"yoast-schema-graph\">{\"@context\":\"https:\/\/schema.org\",\"@graph\":[{\"@type\":\"WebPage\",\"@id\":\"https:\/\/focus.s.nomatter.dev\/es\/blog\/special-report-the-us-fiscal-outlook\/\",\"url\":\"https:\/\/focus.s.nomatter.dev\/es\/blog\/special-report-the-us-fiscal-outlook\/\",\"name\":\"Informe especial: Perspectivas fiscales de Estados Unidos - FocusEconomics [ES]\",\"isPartOf\":{\"@id\":\"https:\/\/focus.s.nomatter.dev\/es\/#website\"},\"primaryImageOfPage\":{\"@id\":\"https:\/\/focus.s.nomatter.dev\/es\/blog\/special-report-the-us-fiscal-outlook\/#primaryimage\"},\"image\":{\"@id\":\"https:\/\/focus.s.nomatter.dev\/es\/blog\/special-report-the-us-fiscal-outlook\/#primaryimage\"},\"thumbnailUrl\":\"https:\/\/focus-stg.nm-img.net\/uploads\/sites\/5\/2025\/08\/image-2.jpg\",\"datePublished\":\"2025-08-05T08:11:39+00:00\",\"dateModified\":\"2025-08-05T08:14:43+00:00\",\"description\":\"La situaci\u00f3n fiscal de Estados Unidos ha suscitado un creciente inter\u00e9s medi\u00e1tico en los \u00faltimos meses, ya que Trump ha redoblado sus esfuerzos por reducir los impuestos, mientras que la confianza en el d\u00f3lar se ha visto sacudida por una pol\u00edtica err\u00e1tica. En vista de ello, nuestro \u00faltimo informe especial analiza las perspectivas del saldo presupuestario y la deuda p\u00fablica de Estados Unidos en los pr\u00f3ximos a\u00f1os.\",\"breadcrumb\":{\"@id\":\"https:\/\/focus.s.nomatter.dev\/es\/blog\/special-report-the-us-fiscal-outlook\/#breadcrumb\"},\"inLanguage\":\"es\",\"potentialAction\":[{\"@type\":\"ReadAction\",\"target\":[\"https:\/\/focus.s.nomatter.dev\/es\/blog\/special-report-the-us-fiscal-outlook\/\"]}]},{\"@type\":\"ImageObject\",\"inLanguage\":\"es\",\"@id\":\"https:\/\/focus.s.nomatter.dev\/es\/blog\/special-report-the-us-fiscal-outlook\/#primaryimage\",\"url\":\"https:\/\/focus-stg.nm-img.net\/uploads\/sites\/5\/2025\/08\/image-2.jpg\",\"contentUrl\":\"https:\/\/focus-stg.nm-img.net\/uploads\/sites\/5\/2025\/08\/image-2.jpg\",\"width\":2048,\"height\":1365},{\"@type\":\"BreadcrumbList\",\"@id\":\"https:\/\/focus.s.nomatter.dev\/es\/blog\/special-report-the-us-fiscal-outlook\/#breadcrumb\",\"itemListElement\":[{\"@type\":\"ListItem\",\"position\":1,\"name\":\"Home\",\"item\":\"https:\/\/focus.s.nomatter.dev\/es\/\"},{\"@type\":\"ListItem\",\"position\":2,\"name\":\"An\u00e1lisis\",\"item\":\"https:\/\/focus.s.nomatter.dev\/es\/blog\/\"},{\"@type\":\"ListItem\",\"position\":3,\"name\":\"Informe especial: Perspectivas fiscales de Estados Unidos\"}]},{\"@type\":\"WebSite\",\"@id\":\"https:\/\/focus.s.nomatter.dev\/es\/#website\",\"url\":\"https:\/\/focus.s.nomatter.dev\/es\/\",\"name\":\"FocusEconomics\",\"description\":\"Economic Indicators, News and Forecasts\",\"publisher\":{\"@id\":\"https:\/\/focus.s.nomatter.dev\/es\/#organization\"},\"potentialAction\":[{\"@type\":\"SearchAction\",\"target\":{\"@type\":\"EntryPoint\",\"urlTemplate\":\"https:\/\/focus.s.nomatter.dev\/es\/search-results\/?global-search={search_term_string}\"},\"query-input\":{\"@type\":\"PropertyValueSpecification\",\"valueRequired\":true,\"valueName\":\"search_term_string\"}}],\"inLanguage\":\"es\"},{\"@type\":\"Organization\",\"@id\":\"https:\/\/focus.s.nomatter.dev\/es\/#organization\",\"name\":\"FocusEconomics\",\"url\":\"https:\/\/focus.s.nomatter.dev\/es\/\",\"logo\":{\"@type\":\"ImageObject\",\"inLanguage\":\"es\",\"@id\":\"https:\/\/focus.s.nomatter.dev\/es\/#\/schema\/logo\/image\/\",\"url\":\"https:\/\/focus-d7op8.kinsta.storage\/production\/uploads\/sites\/5\/2022\/08\/logo.svg\",\"contentUrl\":\"https:\/\/focus-d7op8.kinsta.storage\/production\/uploads\/sites\/5\/2022\/08\/logo.svg\",\"width\":277,\"height\":54,\"caption\":\"FocusEconomics\"},\"image\":{\"@id\":\"https:\/\/focus.s.nomatter.dev\/es\/#\/schema\/logo\/image\/\"},\"sameAs\":[\"https:\/\/www.facebook.com\/FocusEconomics\",\"https:\/\/x.com\/FocusEconomics\"]}]}<\/script>\n<!-- \/ Yoast SEO Premium plugin. -->","yoast_head_json":{"title":"Informe especial: Perspectivas fiscales de Estados Unidos - FocusEconomics [ES]","description":"La situaci\u00f3n fiscal de Estados Unidos ha suscitado un creciente inter\u00e9s medi\u00e1tico en los \u00faltimos meses, ya que Trump ha redoblado sus esfuerzos por reducir los impuestos, mientras que la confianza en el d\u00f3lar se ha visto sacudida por una pol\u00edtica err\u00e1tica. En vista de ello, nuestro \u00faltimo informe especial analiza las perspectivas del saldo presupuestario y la deuda p\u00fablica de Estados Unidos en los pr\u00f3ximos a\u00f1os.","robots":{"index":"noindex","follow":"follow","max-snippet":"max-snippet:-1","max-image-preview":"max-image-preview:large","max-video-preview":"max-video-preview:-1"},"og_locale":"es_ES","og_type":"article","og_title":"Informe especial: Perspectivas fiscales de Estados Unidos","og_description":"La situaci\u00f3n fiscal de Estados Unidos ha suscitado un creciente inter\u00e9s medi\u00e1tico en los \u00faltimos meses, ya que Trump ha redoblado sus esfuerzos por reducir los impuestos, mientras que la confianza en el d\u00f3lar se ha visto sacudida por una pol\u00edtica err\u00e1tica. En vista de ello, nuestro \u00faltimo informe especial analiza las perspectivas del saldo presupuestario y la deuda p\u00fablica de Estados Unidos en los pr\u00f3ximos a\u00f1os.","og_url":"https:\/\/focus.s.nomatter.dev\/es\/blog\/special-report-the-us-fiscal-outlook\/","og_site_name":"FocusEconomics [ES]","article_publisher":"https:\/\/www.facebook.com\/FocusEconomics","article_modified_time":"2025-08-05T08:14:43+00:00","og_image":[{"width":2048,"height":1365,"url":"https:\/\/focus.nm-img.net\/uploads\/sites\/5\/2025\/08\/image-2.jpg","type":"image\/jpeg"}],"twitter_card":"summary_large_image","twitter_site":"@FocusEconomics","twitter_misc":{"Tiempo de lectura":"2 minutos"},"schema":{"@context":"https:\/\/schema.org","@graph":[{"@type":"WebPage","@id":"https:\/\/focus.s.nomatter.dev\/es\/blog\/special-report-the-us-fiscal-outlook\/","url":"https:\/\/focus.s.nomatter.dev\/es\/blog\/special-report-the-us-fiscal-outlook\/","name":"Informe especial: Perspectivas fiscales de Estados Unidos - FocusEconomics [ES]","isPartOf":{"@id":"https:\/\/focus.s.nomatter.dev\/es\/#website"},"primaryImageOfPage":{"@id":"https:\/\/focus.s.nomatter.dev\/es\/blog\/special-report-the-us-fiscal-outlook\/#primaryimage"},"image":{"@id":"https:\/\/focus.s.nomatter.dev\/es\/blog\/special-report-the-us-fiscal-outlook\/#primaryimage"},"thumbnailUrl":"https:\/\/focus-stg.nm-img.net\/uploads\/sites\/5\/2025\/08\/image-2.jpg","datePublished":"2025-08-05T08:11:39+00:00","dateModified":"2025-08-05T08:14:43+00:00","description":"La situaci\u00f3n fiscal de Estados Unidos ha suscitado un creciente inter\u00e9s medi\u00e1tico en los \u00faltimos meses, ya que Trump ha redoblado sus esfuerzos por reducir los impuestos, mientras que la confianza en el d\u00f3lar se ha visto sacudida por una pol\u00edtica err\u00e1tica. En vista de ello, nuestro \u00faltimo informe especial analiza las perspectivas del saldo presupuestario y la deuda p\u00fablica de Estados Unidos en los pr\u00f3ximos a\u00f1os.","breadcrumb":{"@id":"https:\/\/focus.s.nomatter.dev\/es\/blog\/special-report-the-us-fiscal-outlook\/#breadcrumb"},"inLanguage":"es","potentialAction":[{"@type":"ReadAction","target":["https:\/\/focus.s.nomatter.dev\/es\/blog\/special-report-the-us-fiscal-outlook\/"]}]},{"@type":"ImageObject","inLanguage":"es","@id":"https:\/\/focus.s.nomatter.dev\/es\/blog\/special-report-the-us-fiscal-outlook\/#primaryimage","url":"https:\/\/focus-stg.nm-img.net\/uploads\/sites\/5\/2025\/08\/image-2.jpg","contentUrl":"https:\/\/focus-stg.nm-img.net\/uploads\/sites\/5\/2025\/08\/image-2.jpg","width":2048,"height":1365},{"@type":"BreadcrumbList","@id":"https:\/\/focus.s.nomatter.dev\/es\/blog\/special-report-the-us-fiscal-outlook\/#breadcrumb","itemListElement":[{"@type":"ListItem","position":1,"name":"Home","item":"https:\/\/focus.s.nomatter.dev\/es\/"},{"@type":"ListItem","position":2,"name":"An\u00e1lisis","item":"https:\/\/focus.s.nomatter.dev\/es\/blog\/"},{"@type":"ListItem","position":3,"name":"Informe especial: Perspectivas fiscales de Estados Unidos"}]},{"@type":"WebSite","@id":"https:\/\/focus.s.nomatter.dev\/es\/#website","url":"https:\/\/focus.s.nomatter.dev\/es\/","name":"FocusEconomics","description":"Economic Indicators, News and Forecasts","publisher":{"@id":"https:\/\/focus.s.nomatter.dev\/es\/#organization"},"potentialAction":[{"@type":"SearchAction","target":{"@type":"EntryPoint","urlTemplate":"https:\/\/focus.s.nomatter.dev\/es\/search-results\/?global-search={search_term_string}"},"query-input":{"@type":"PropertyValueSpecification","valueRequired":true,"valueName":"search_term_string"}}],"inLanguage":"es"},{"@type":"Organization","@id":"https:\/\/focus.s.nomatter.dev\/es\/#organization","name":"FocusEconomics","url":"https:\/\/focus.s.nomatter.dev\/es\/","logo":{"@type":"ImageObject","inLanguage":"es","@id":"https:\/\/focus.s.nomatter.dev\/es\/#\/schema\/logo\/image\/","url":"https:\/\/focus-d7op8.kinsta.storage\/production\/uploads\/sites\/5\/2022\/08\/logo.svg","contentUrl":"https:\/\/focus-d7op8.kinsta.storage\/production\/uploads\/sites\/5\/2022\/08\/logo.svg","width":277,"height":54,"caption":"FocusEconomics"},"image":{"@id":"https:\/\/focus.s.nomatter.dev\/es\/#\/schema\/logo\/image\/"},"sameAs":["https:\/\/www.facebook.com\/FocusEconomics","https:\/\/x.com\/FocusEconomics"]}]}},"_links":{"self":[{"href":"https:\/\/focus.s.nomatter.dev\/es\/wp-json\/wp\/v2\/pages\/157014","targetHints":{"allow":["GET"]}}],"collection":[{"href":"https:\/\/focus.s.nomatter.dev\/es\/wp-json\/wp\/v2\/pages"}],"about":[{"href":"https:\/\/focus.s.nomatter.dev\/es\/wp-json\/wp\/v2\/types\/page"}],"author":[{"embeddable":true,"href":"https:\/\/focus.s.nomatter.dev\/es\/wp-json\/wp\/v2\/users\/7"}],"replies":[{"embeddable":true,"href":"https:\/\/focus.s.nomatter.dev\/es\/wp-json\/wp\/v2\/comments?post=157014"}],"version-history":[{"count":5,"href":"https:\/\/focus.s.nomatter.dev\/es\/wp-json\/wp\/v2\/pages\/157014\/revisions"}],"predecessor-version":[{"id":157081,"href":"https:\/\/focus.s.nomatter.dev\/es\/wp-json\/wp\/v2\/pages\/157014\/revisions\/157081"}],"up":[{"embeddable":true,"href":"https:\/\/focus.s.nomatter.dev\/es\/wp-json\/wp\/v2\/pages\/177"}],"wp:featuredmedia":[{"embeddable":true,"href":"https:\/\/focus.s.nomatter.dev\/es\/wp-json\/wp\/v2\/media\/157015"}],"wp:attachment":[{"href":"https:\/\/focus.s.nomatter.dev\/es\/wp-json\/wp\/v2\/media?parent=157014"}],"curies":[{"name":"wp","href":"https:\/\/api.w.org\/{rel}","templated":true}]}}