{"id":157734,"date":"2025-10-07T10:02:02","date_gmt":"2025-10-07T10:02:02","guid":{"rendered":"https:\/\/focus.s.nomatter.dev\/es\/?page_id=157734"},"modified":"2025-10-27T09:25:16","modified_gmt":"2025-10-27T09:25:16","slug":"latin-america-economic-outlook-2026","status":"publish","type":"page","link":"https:\/\/focus.s.nomatter.dev\/es\/blog\/latin-america-economic-outlook-2026\/","title":{"rendered":"Perspectivas econ\u00f3micas de Am\u00e9rica Latina para 2026"},"content":{"rendered":"<h2><strong>Navegue con confianza por los retos econ\u00f3micos de Am\u00e9rica Latina<\/strong><\/h2>\n<p>Am\u00e9rica Latina sigue siendo la econom\u00eda regional con menor crecimiento, pero bajo la superficie se esconde una compleja mezcla de riesgos, oportunidades y din\u00e1micas cambiantes. Desde los aranceles y la pol\u00edtica migratoria de Estados Unidos hasta la creciente influencia de China y el tan esperado acuerdo comercial entre Mercosur y la UE, la trayectoria econ\u00f3mica de la regi\u00f3n se est\u00e1 redefiniendo en tiempo real.<\/p>\n<p>Nuestro informe \u00abPerspectivas econ\u00f3micas de Latinoam\u00e9rica\u00bb le proporciona la claridad y la previsi\u00f3n que necesita para anticiparse a los cambios y tomar decisiones m\u00e1s inteligentes en materia de negocios, inversiones y pol\u00edticas.<\/p>\n<h3>En el informe encontrar\u00e1 esto y mucho m\u00e1s:<\/h3>\n<ul>\n<li><strong>Situaci\u00f3n actual<\/strong><br \/>\nPor qu\u00e9 el crecimiento de Latinoam\u00e9rica sigue estando por detr\u00e1s del de otras regiones y d\u00f3nde se pueden encontrar a\u00fan focos de resiliencia.<\/li>\n<li><strong>Cambios en la pol\u00edtica estadounidense<\/strong><br \/>\nEl impacto de los aranceles y la pol\u00edtica migratoria en el comercio, las remesas y la estabilidad regional.<\/li>\n<li><strong>El papel cada vez m\u00e1s importante de China<\/strong><br \/>\nC\u00f3mo la riqueza en recursos de Latinoam\u00e9rica est\u00e1 impulsando la profundizaci\u00f3n de los lazos comerciales y de inversi\u00f3n con Pek\u00edn.<\/li>\n<li><strong>Acuerdo comercial entre Mercosur y la UE<\/strong><br \/>\nQu\u00e9 podr\u00eda significar el acuerdo para la agricultura, la industria manufacturera y los flujos de inversi\u00f3n extranjera.<\/li>\n<li><strong>Econom\u00eda regional<br \/>\n<\/strong>Previsiones consensuadas sobre el PIB, las divisas y la inflaci\u00f3n hasta 2029, adem\u00e1s de informaci\u00f3n sobre elecciones clave y tendencias en pol\u00edtica monetaria.<\/li>\n<li><strong>Pa\u00edses destacados<br \/>\n<\/strong>An\u00e1lisis detallado de Argentina, Brasil, M\u00e9xico y otros pa\u00edses.<\/li>\n<\/ul>\n<h2><strong>\u00bfPor qu\u00e9 elegir FocusEconomics?<\/strong><\/h2>\n<p>* Previsiones consensuadas: basadas en las proyecciones de m\u00e1s de 1200 analistas l\u00edderes de todo el mundo.<\/p>\n<p>* Cobertura inigualable: datos y previsiones para 198 pa\u00edses y 40 materias primas clave.<\/p>\n<p>* Actualizaciones diarias: no espere al pr\u00f3ximo informe, obtenga las \u00faltimas previsiones cada d\u00eda.<\/p>\n<p>* La confianza de los l\u00edderes mundiales: entre nuestros clientes se encuentran el FMI, el Banco Mundial y empresas de la lista Fortune 500.<\/p>\n<p>&nbsp;<\/p>\n<p>&nbsp;<\/p>\n","protected":false},"excerpt":{"rendered":"<p>Navegue con confianza por los retos econ\u00f3micos de Am\u00e9rica Latina Am\u00e9rica Latina sigue siendo la econom\u00eda regional con menor crecimiento, pero bajo la superficie se esconde una compleja mezcla de riesgos, oportunidades y din\u00e1micas cambiantes. Desde los aranceles y la pol\u00edtica migratoria de Estados Unidos hasta la creciente influencia de China y el tan esperado<\/p>\n","protected":false},"author":7,"featured_media":157732,"parent":177,"menu_order":0,"comment_status":"closed","ping_status":"closed","template":"template-simple.blade.php","meta":{"_acf_changed":false,"editor_notices":[],"footnotes":""},"class_list":["post-157734","page","type-page","status-publish","has-post-thumbnail","hentry"],"acf":[],"yoast_head":"<!-- This site is optimized with the Yoast SEO Premium plugin v26.9 (Yoast SEO v26.9) - https:\/\/yoast.com\/product\/yoast-seo-premium-wordpress\/ -->\n<title>Perspectivas econ\u00f3micas de Am\u00e9rica Latina para 2026 - FocusEconomics [ES]<\/title>\n<meta name=\"description\" content=\"Am\u00e9rica Latina sigue siendo la econom\u00eda regional con menor crecimiento, pero bajo la superficie se esconde una compleja mezcla de riesgos, oportunidades y din\u00e1micas cambiantes. Desde los aranceles y la pol\u00edtica migratoria de Estados Unidos hasta la creciente influencia de China y el tan esperado acuerdo comercial entre Mercosur y la UE, la trayectoria econ\u00f3mica de la regi\u00f3n se est\u00e1 redefiniendo en tiempo real.\" class=\"yoast-seo-meta-tag\" \/>\n<meta name=\"robots\" content=\"noindex, follow, max-snippet:-1, max-image-preview:large, max-video-preview:-1\" \/>\n<meta property=\"og:locale\" content=\"es_ES\" class=\"yoast-seo-meta-tag\" \/>\n<meta property=\"og:type\" content=\"article\" class=\"yoast-seo-meta-tag\" \/>\n<meta property=\"og:title\" content=\"Perspectivas econ\u00f3micas de Am\u00e9rica Latina para 2026\" class=\"yoast-seo-meta-tag\" \/>\n<meta property=\"og:description\" content=\"Am\u00e9rica Latina sigue siendo la econom\u00eda regional con menor crecimiento, pero bajo la superficie se esconde una compleja mezcla de riesgos, oportunidades y din\u00e1micas cambiantes. Desde los aranceles y la pol\u00edtica migratoria de Estados Unidos hasta la creciente influencia de China y el tan esperado acuerdo comercial entre Mercosur y la UE, la trayectoria econ\u00f3mica de la regi\u00f3n se est\u00e1 redefiniendo en tiempo real.\" class=\"yoast-seo-meta-tag\" \/>\n<meta property=\"og:url\" content=\"https:\/\/focus.s.nomatter.dev\/es\/blog\/latin-america-economic-outlook-2026\/\" class=\"yoast-seo-meta-tag\" \/>\n<meta property=\"og:site_name\" content=\"FocusEconomics [ES]\" class=\"yoast-seo-meta-tag\" \/>\n<meta property=\"article:publisher\" content=\"https:\/\/www.facebook.com\/FocusEconomics\" class=\"yoast-seo-meta-tag\" \/>\n<meta property=\"article:modified_time\" content=\"2025-10-27T09:25:16+00:00\" class=\"yoast-seo-meta-tag\" \/>\n<meta property=\"og:image\" content=\"https:\/\/focus-d7op8.kinsta.storage\/production\/uploads\/sites\/5\/2025\/10\/image-for-newsletter-article-linkdein_07-Oct-2025.jpg\" class=\"yoast-seo-meta-tag\" \/>\n\t<meta property=\"og:image:width\" content=\"1024\" class=\"yoast-seo-meta-tag\" \/>\n\t<meta property=\"og:image:height\" content=\"683\" class=\"yoast-seo-meta-tag\" \/>\n\t<meta property=\"og:image:type\" content=\"image\/jpeg\" class=\"yoast-seo-meta-tag\" \/>\n<meta name=\"twitter:card\" content=\"summary_large_image\" class=\"yoast-seo-meta-tag\" \/>\n<meta name=\"twitter:site\" content=\"@FocusEconomics\" class=\"yoast-seo-meta-tag\" \/>\n<meta name=\"twitter:label1\" content=\"Tiempo de lectura\" class=\"yoast-seo-meta-tag\" \/>\n\t<meta name=\"twitter:data1\" content=\"2 minutos\" class=\"yoast-seo-meta-tag\" \/>\n<script type=\"application\/ld+json\" class=\"yoast-schema-graph\">{\"@context\":\"https:\/\/schema.org\",\"@graph\":[{\"@type\":\"WebPage\",\"@id\":\"https:\/\/focus.s.nomatter.dev\/es\/blog\/latin-america-economic-outlook-2026\/\",\"url\":\"https:\/\/focus.s.nomatter.dev\/es\/blog\/latin-america-economic-outlook-2026\/\",\"name\":\"Perspectivas econ\u00f3micas de Am\u00e9rica Latina para 2026 - FocusEconomics [ES]\",\"isPartOf\":{\"@id\":\"https:\/\/focus.s.nomatter.dev\/es\/#website\"},\"primaryImageOfPage\":{\"@id\":\"https:\/\/focus.s.nomatter.dev\/es\/blog\/latin-america-economic-outlook-2026\/#primaryimage\"},\"image\":{\"@id\":\"https:\/\/focus.s.nomatter.dev\/es\/blog\/latin-america-economic-outlook-2026\/#primaryimage\"},\"thumbnailUrl\":\"https:\/\/focus-stg.nm-img.net\/uploads\/sites\/5\/2025\/10\/image-for-newsletter-article-linkdein_07-Oct-2025.jpg\",\"datePublished\":\"2025-10-07T10:02:02+00:00\",\"dateModified\":\"2025-10-27T09:25:16+00:00\",\"description\":\"Am\u00e9rica Latina sigue siendo la econom\u00eda regional con menor crecimiento, pero bajo la superficie se esconde una compleja mezcla de riesgos, oportunidades y din\u00e1micas cambiantes. Desde los aranceles y la pol\u00edtica migratoria de Estados Unidos hasta la creciente influencia de China y el tan esperado acuerdo comercial entre Mercosur y la UE, la trayectoria econ\u00f3mica de la regi\u00f3n se est\u00e1 redefiniendo en tiempo real.\",\"breadcrumb\":{\"@id\":\"https:\/\/focus.s.nomatter.dev\/es\/blog\/latin-america-economic-outlook-2026\/#breadcrumb\"},\"inLanguage\":\"es\",\"potentialAction\":[{\"@type\":\"ReadAction\",\"target\":[\"https:\/\/focus.s.nomatter.dev\/es\/blog\/latin-america-economic-outlook-2026\/\"]}]},{\"@type\":\"ImageObject\",\"inLanguage\":\"es\",\"@id\":\"https:\/\/focus.s.nomatter.dev\/es\/blog\/latin-america-economic-outlook-2026\/#primaryimage\",\"url\":\"https:\/\/focus-stg.nm-img.net\/uploads\/sites\/5\/2025\/10\/image-for-newsletter-article-linkdein_07-Oct-2025.jpg\",\"contentUrl\":\"https:\/\/focus-stg.nm-img.net\/uploads\/sites\/5\/2025\/10\/image-for-newsletter-article-linkdein_07-Oct-2025.jpg\",\"width\":1024,\"height\":683},{\"@type\":\"BreadcrumbList\",\"@id\":\"https:\/\/focus.s.nomatter.dev\/es\/blog\/latin-america-economic-outlook-2026\/#breadcrumb\",\"itemListElement\":[{\"@type\":\"ListItem\",\"position\":1,\"name\":\"Home\",\"item\":\"https:\/\/focus.s.nomatter.dev\/es\/\"},{\"@type\":\"ListItem\",\"position\":2,\"name\":\"An\u00e1lisis\",\"item\":\"https:\/\/focus.s.nomatter.dev\/es\/blog\/\"},{\"@type\":\"ListItem\",\"position\":3,\"name\":\"Perspectivas econ\u00f3micas de Am\u00e9rica Latina para 2026\"}]},{\"@type\":\"WebSite\",\"@id\":\"https:\/\/focus.s.nomatter.dev\/es\/#website\",\"url\":\"https:\/\/focus.s.nomatter.dev\/es\/\",\"name\":\"FocusEconomics\",\"description\":\"Economic Indicators, News and Forecasts\",\"publisher\":{\"@id\":\"https:\/\/focus.s.nomatter.dev\/es\/#organization\"},\"potentialAction\":[{\"@type\":\"SearchAction\",\"target\":{\"@type\":\"EntryPoint\",\"urlTemplate\":\"https:\/\/focus.s.nomatter.dev\/es\/search-results\/?global-search={search_term_string}\"},\"query-input\":{\"@type\":\"PropertyValueSpecification\",\"valueRequired\":true,\"valueName\":\"search_term_string\"}}],\"inLanguage\":\"es\"},{\"@type\":\"Organization\",\"@id\":\"https:\/\/focus.s.nomatter.dev\/es\/#organization\",\"name\":\"FocusEconomics\",\"url\":\"https:\/\/focus.s.nomatter.dev\/es\/\",\"logo\":{\"@type\":\"ImageObject\",\"inLanguage\":\"es\",\"@id\":\"https:\/\/focus.s.nomatter.dev\/es\/#\/schema\/logo\/image\/\",\"url\":\"https:\/\/focus-d7op8.kinsta.storage\/production\/uploads\/sites\/5\/2022\/08\/logo.svg\",\"contentUrl\":\"https:\/\/focus-d7op8.kinsta.storage\/production\/uploads\/sites\/5\/2022\/08\/logo.svg\",\"width\":277,\"height\":54,\"caption\":\"FocusEconomics\"},\"image\":{\"@id\":\"https:\/\/focus.s.nomatter.dev\/es\/#\/schema\/logo\/image\/\"},\"sameAs\":[\"https:\/\/www.facebook.com\/FocusEconomics\",\"https:\/\/x.com\/FocusEconomics\"]}]}<\/script>\n<!-- \/ Yoast SEO Premium plugin. -->","yoast_head_json":{"title":"Perspectivas econ\u00f3micas de Am\u00e9rica Latina para 2026 - FocusEconomics [ES]","description":"Am\u00e9rica Latina sigue siendo la econom\u00eda regional con menor crecimiento, pero bajo la superficie se esconde una compleja mezcla de riesgos, oportunidades y din\u00e1micas cambiantes. Desde los aranceles y la pol\u00edtica migratoria de Estados Unidos hasta la creciente influencia de China y el tan esperado acuerdo comercial entre Mercosur y la UE, la trayectoria econ\u00f3mica de la regi\u00f3n se est\u00e1 redefiniendo en tiempo real.","robots":{"index":"noindex","follow":"follow","max-snippet":"max-snippet:-1","max-image-preview":"max-image-preview:large","max-video-preview":"max-video-preview:-1"},"og_locale":"es_ES","og_type":"article","og_title":"Perspectivas econ\u00f3micas de Am\u00e9rica Latina para 2026","og_description":"Am\u00e9rica Latina sigue siendo la econom\u00eda regional con menor crecimiento, pero bajo la superficie se esconde una compleja mezcla de riesgos, oportunidades y din\u00e1micas cambiantes. Desde los aranceles y la pol\u00edtica migratoria de Estados Unidos hasta la creciente influencia de China y el tan esperado acuerdo comercial entre Mercosur y la UE, la trayectoria econ\u00f3mica de la regi\u00f3n se est\u00e1 redefiniendo en tiempo real.","og_url":"https:\/\/focus.s.nomatter.dev\/es\/blog\/latin-america-economic-outlook-2026\/","og_site_name":"FocusEconomics [ES]","article_publisher":"https:\/\/www.facebook.com\/FocusEconomics","article_modified_time":"2025-10-27T09:25:16+00:00","og_image":[{"width":1024,"height":683,"url":"https:\/\/focus-d7op8.kinsta.storage\/production\/uploads\/sites\/5\/2025\/10\/image-for-newsletter-article-linkdein_07-Oct-2025.jpg","type":"image\/jpeg"}],"twitter_card":"summary_large_image","twitter_site":"@FocusEconomics","twitter_misc":{"Tiempo de lectura":"2 minutos"},"schema":{"@context":"https:\/\/schema.org","@graph":[{"@type":"WebPage","@id":"https:\/\/focus.s.nomatter.dev\/es\/blog\/latin-america-economic-outlook-2026\/","url":"https:\/\/focus.s.nomatter.dev\/es\/blog\/latin-america-economic-outlook-2026\/","name":"Perspectivas econ\u00f3micas de Am\u00e9rica Latina para 2026 - FocusEconomics [ES]","isPartOf":{"@id":"https:\/\/focus.s.nomatter.dev\/es\/#website"},"primaryImageOfPage":{"@id":"https:\/\/focus.s.nomatter.dev\/es\/blog\/latin-america-economic-outlook-2026\/#primaryimage"},"image":{"@id":"https:\/\/focus.s.nomatter.dev\/es\/blog\/latin-america-economic-outlook-2026\/#primaryimage"},"thumbnailUrl":"https:\/\/focus-stg.nm-img.net\/uploads\/sites\/5\/2025\/10\/image-for-newsletter-article-linkdein_07-Oct-2025.jpg","datePublished":"2025-10-07T10:02:02+00:00","dateModified":"2025-10-27T09:25:16+00:00","description":"Am\u00e9rica Latina sigue siendo la econom\u00eda regional con menor crecimiento, pero bajo la superficie se esconde una compleja mezcla de riesgos, oportunidades y din\u00e1micas cambiantes. Desde los aranceles y la pol\u00edtica migratoria de Estados Unidos hasta la creciente influencia de China y el tan esperado acuerdo comercial entre Mercosur y la UE, la trayectoria econ\u00f3mica de la regi\u00f3n se est\u00e1 redefiniendo en tiempo real.","breadcrumb":{"@id":"https:\/\/focus.s.nomatter.dev\/es\/blog\/latin-america-economic-outlook-2026\/#breadcrumb"},"inLanguage":"es","potentialAction":[{"@type":"ReadAction","target":["https:\/\/focus.s.nomatter.dev\/es\/blog\/latin-america-economic-outlook-2026\/"]}]},{"@type":"ImageObject","inLanguage":"es","@id":"https:\/\/focus.s.nomatter.dev\/es\/blog\/latin-america-economic-outlook-2026\/#primaryimage","url":"https:\/\/focus-stg.nm-img.net\/uploads\/sites\/5\/2025\/10\/image-for-newsletter-article-linkdein_07-Oct-2025.jpg","contentUrl":"https:\/\/focus-stg.nm-img.net\/uploads\/sites\/5\/2025\/10\/image-for-newsletter-article-linkdein_07-Oct-2025.jpg","width":1024,"height":683},{"@type":"BreadcrumbList","@id":"https:\/\/focus.s.nomatter.dev\/es\/blog\/latin-america-economic-outlook-2026\/#breadcrumb","itemListElement":[{"@type":"ListItem","position":1,"name":"Home","item":"https:\/\/focus.s.nomatter.dev\/es\/"},{"@type":"ListItem","position":2,"name":"An\u00e1lisis","item":"https:\/\/focus.s.nomatter.dev\/es\/blog\/"},{"@type":"ListItem","position":3,"name":"Perspectivas econ\u00f3micas de Am\u00e9rica Latina para 2026"}]},{"@type":"WebSite","@id":"https:\/\/focus.s.nomatter.dev\/es\/#website","url":"https:\/\/focus.s.nomatter.dev\/es\/","name":"FocusEconomics","description":"Economic Indicators, News and Forecasts","publisher":{"@id":"https:\/\/focus.s.nomatter.dev\/es\/#organization"},"potentialAction":[{"@type":"SearchAction","target":{"@type":"EntryPoint","urlTemplate":"https:\/\/focus.s.nomatter.dev\/es\/search-results\/?global-search={search_term_string}"},"query-input":{"@type":"PropertyValueSpecification","valueRequired":true,"valueName":"search_term_string"}}],"inLanguage":"es"},{"@type":"Organization","@id":"https:\/\/focus.s.nomatter.dev\/es\/#organization","name":"FocusEconomics","url":"https:\/\/focus.s.nomatter.dev\/es\/","logo":{"@type":"ImageObject","inLanguage":"es","@id":"https:\/\/focus.s.nomatter.dev\/es\/#\/schema\/logo\/image\/","url":"https:\/\/focus-d7op8.kinsta.storage\/production\/uploads\/sites\/5\/2022\/08\/logo.svg","contentUrl":"https:\/\/focus-d7op8.kinsta.storage\/production\/uploads\/sites\/5\/2022\/08\/logo.svg","width":277,"height":54,"caption":"FocusEconomics"},"image":{"@id":"https:\/\/focus.s.nomatter.dev\/es\/#\/schema\/logo\/image\/"},"sameAs":["https:\/\/www.facebook.com\/FocusEconomics","https:\/\/x.com\/FocusEconomics"]}]}},"_links":{"self":[{"href":"https:\/\/focus.s.nomatter.dev\/es\/wp-json\/wp\/v2\/pages\/157734","targetHints":{"allow":["GET"]}}],"collection":[{"href":"https:\/\/focus.s.nomatter.dev\/es\/wp-json\/wp\/v2\/pages"}],"about":[{"href":"https:\/\/focus.s.nomatter.dev\/es\/wp-json\/wp\/v2\/types\/page"}],"author":[{"embeddable":true,"href":"https:\/\/focus.s.nomatter.dev\/es\/wp-json\/wp\/v2\/users\/7"}],"replies":[{"embeddable":true,"href":"https:\/\/focus.s.nomatter.dev\/es\/wp-json\/wp\/v2\/comments?post=157734"}],"version-history":[{"count":7,"href":"https:\/\/focus.s.nomatter.dev\/es\/wp-json\/wp\/v2\/pages\/157734\/revisions"}],"predecessor-version":[{"id":157952,"href":"https:\/\/focus.s.nomatter.dev\/es\/wp-json\/wp\/v2\/pages\/157734\/revisions\/157952"}],"up":[{"embeddable":true,"href":"https:\/\/focus.s.nomatter.dev\/es\/wp-json\/wp\/v2\/pages\/177"}],"wp:featuredmedia":[{"embeddable":true,"href":"https:\/\/focus.s.nomatter.dev\/es\/wp-json\/wp\/v2\/media\/157732"}],"wp:attachment":[{"href":"https:\/\/focus.s.nomatter.dev\/es\/wp-json\/wp\/v2\/media?parent=157734"}],"curies":[{"name":"wp","href":"https:\/\/api.w.org\/{rel}","templated":true}]}}