{"id":239,"date":"2022-08-26T17:10:51","date_gmt":"2022-08-26T17:10:51","guid":{"rendered":"https:\/\/focus.s.nomatter.dev\/?page_id=239"},"modified":"2023-05-31T12:22:07","modified_gmt":"2023-05-31T12:22:07","slug":"cookies","status":"publish","type":"page","link":"https:\/\/focus.s.nomatter.dev\/es\/cookies\/","title":{"rendered":"Pol\u00edtica de Cookies"},"content":{"rendered":"<p>Las cookies son peque\u00f1os archivos inform\u00e1ticos almacenados en el ordenador del usuario que nos ayudan a reconocerlo. Ayudan al sitio web a recordar informaci\u00f3n sobre su visita, como su idioma preferido y otros ajustes. Esto puede facilitar su pr\u00f3xima visita y hacer que el sitio le resulte m\u00e1s \u00fatil.<\/p>\n<p>Las cookies son esenciales para que Internet funcione correctamente, ya que proporcionan varias ventajas para mejorar los servicios interactivos, facilitando la navegaci\u00f3n por la web. Las cookies no da\u00f1an el hardware, sino que nos ayudan a identificar y resolver errores.<\/p>\n<p>La siguiente informaci\u00f3n le ayudar\u00e1 a comprender los diferentes tipos de cookies utilizados:<\/p>\n<ul>\n<li><strong>Cookies de sesi\u00f3n<\/strong>: son cookies temporales que se almacenan en el archivo de cookies del navegador hasta que el usuario abandona la p\u00e1gina web, sin dejar rastro en el disco duro. La informaci\u00f3n obtenida por medio de estas cookies se utiliza para analizar c\u00f3mo interact\u00faan los usuarios con el sitio web. Esto nos ayuda a mejorar el contenido y la experiencia de la web, haci\u00e9ndola m\u00e1s f\u00e1cil de usar.<\/li>\n<li><strong>Cookies permanentes<\/strong>: Son almacenadas en el disco duro y nuestra web las lee cada vez que el usuario realiza una nueva visita. Una cookie permanente posee una fecha de caducidad. La cookie dejar\u00e1 de funcionar despu\u00e9s de esa fecha.<\/li>\n<\/ul>\n<p>A continuaci\u00f3n se enumeran las principales cookies utilizadas en nuestra web, a saber:<\/p>\n<ul>\n<li><strong>Cookies estrictamente<\/strong> necesarias son por ejemplo, aquellas que sirven para una correcta navegaci\u00f3n por la web o las que permiten realizar servicios al usuario o cookies que sirven para asegurar que el contenido de la p\u00e1gina web se carga correctamente.<\/li>\n<li><strong>Cookies de terceros<\/strong> como por ejemplo, las usadas en redes sociales o para contenidos externos complementarios.<\/li>\n<li><strong>Las cookies anal\u00edticas<\/strong> se utilizan para el mantenimiento peri\u00f3dico para ofrecer el mejor servicio posible al usuario. La funci\u00f3n principal es recopilar informaci\u00f3n y elaborar informes de datos estad\u00edsticos.<\/li>\n<\/ul>\n<p><strong>RELACI\u00d3N Y DESCRIPCI\u00d3N DE LAS COOKIES QUE UTILIZAMOS EN LA P\u00c1GINA WEB:<\/strong><\/p>\n<p>La siguiente tabla muestra c\u00f3mo se utilizan las cookies en nuestra p\u00e1gina web:<\/p>\n<div class=\"table-wrap\">\n<table border=\"1\" cellspacing=\"0\" cellpadding=\"0\">\n<tbody>\n<tr>\n<td><strong>Cookie<\/strong><\/td>\n<td><strong>NOMBRE<\/strong><\/td>\n<td><strong>USO\/INFORMACI\u00d3N ADICIONAL<\/strong><\/td>\n<td><strong>EXPIRA<\/strong><\/td>\n<\/tr>\n<tr>\n<td><a href=\"https:\/\/focus.s.nomatter.dev\">https:\/\/focus.s.nomatter.dev<\/a><\/td>\n<td>PHPSESSID<\/td>\n<td>Esta cookie se utiliza para establecer la sesi\u00f3n del usuario que visita el sitio. Es una forma de identificar y gestionar el estado -variables de sesi\u00f3n- para un usuario en particular, y poder mover esa informaci\u00f3n a trav\u00e9s de nuestro sitio web.<\/td>\n<td>Session<\/td>\n<\/tr>\n<tr>\n<td>Google Analytics<\/td>\n<td>_utma<\/td>\n<td><strong>FOCUSESCONOMICS, S.L.<\/strong>apoya el uso de Google Analytics en este sitio web, pudiendo monitorizar la actividad en el mismo.<\/td>\n<td>2 a\u00f1os<\/td>\n<\/tr>\n<tr>\n<td><\/td>\n<td>_utmb<\/td>\n<td>Las cookies de Google Analytics recopilan informaci\u00f3n de registro est\u00e1ndar y datos sobre los h\u00e1bitos de los visitantes de forma an\u00f3nima.<\/td>\n<td>30 minutos<\/td>\n<\/tr>\n<tr>\n<td><\/td>\n<td>_utmc<\/td>\n<td>Para m\u00e1s informaci\u00f3n:<\/td>\n<td>Sesi\u00f3n<\/td>\n<\/tr>\n<tr>\n<td><\/td>\n<td>_utmz<\/td>\n<td><a href=\"https:\/\/developers.google.com\/analytics\/resources\/concepts\/gaConceptsCookies\"><strong>developers.google.com\/analytics\/resources\/<br \/>\nconcepts\/gaConceptsCookies<\/strong><\/a><\/td>\n<td>6 meses<\/td>\n<\/tr>\n<tr>\n<td><\/td>\n<td>_utmv<\/td>\n<td><\/td>\n<td>2 years<\/td>\n<\/tr>\n<tr>\n<td>&nbsp;<\/p>\n<p>Cookies\u00a0 google.com<\/p>\n<p>Accountsgoogle<\/p>\n<p>Mailgoogle<\/td>\n<td>APISID<\/td>\n<td>Se utiliza para recordar las preferencias del usuario durante la navegaci\u00f3n.<\/td>\n<td>2 years<\/td>\n<\/tr>\n<tr>\n<td><\/td>\n<td>SSID<\/td>\n<td>Utilizado tambi\u00e9n por google para contabilizar el n\u00famero de usuarios que utilizan los mapas.<\/td>\n<td>2 a\u00f1os<\/td>\n<\/tr>\n<tr>\n<td><\/td>\n<td>khcookie<\/td>\n<td rowspan=\"3\">Estas cookies se utilizan para los servicios de localizaci\u00f3n, por ejemplo, de Google Maps.<\/td>\n<td>Sesi\u00f3n<\/td>\n<\/tr>\n<tr>\n<td><\/td>\n<td>testcookie<\/td>\n<td>6 meses<\/td>\n<\/tr>\n<tr>\n<td><\/td>\n<td>PREF, SAPISID<\/td>\n<td>2 a\u00f1os<\/td>\n<\/tr>\n<tr>\n<td><\/td>\n<td>NID<\/td>\n<td>Para hacer m\u00e1s atractiva la publicidad<\/td>\n<td>6 months<\/td>\n<\/tr>\n<tr>\n<td><\/td>\n<td>HSID, SID<\/td>\n<td>Estas dos cookies se utilizan para bloquear muchos tipos de ataques, como los intentos de robar el contenido de los formularios que los usuarios rellenan en las p\u00e1ginas web.<\/td>\n<td>2 a\u00f1os<\/td>\n<\/tr>\n<tr>\n<td><\/td>\n<td><\/td>\n<td>Para obtener m\u00e1s informaci\u00f3n sobre las cookies de Google <a href=\"https:\/\/www.google.com\/intl\/en-GB\/policies\/technologies\/types\/\"><strong>https:\/\/www.google.com\/intl\/en-GB\/policies\/technologies\/types\/<\/strong><\/a><\/p>\n<p>&nbsp;<\/td>\n<td><\/td>\n<\/tr>\n<\/tbody>\n<\/table>\n<\/div>\n<p>&nbsp;<\/p>\n<p><strong>Garant\u00edas Complementarias &#8211; Gesti\u00f3n de Cookies:<\/strong><\/p>\n<p>Como garant\u00eda complementaria a las anteriormente descritas, el registro de cookies podr\u00e1 ser objeto de aceptaci\u00f3n durante la instalaci\u00f3n o actualizaci\u00f3n del navegador. Dicha aceptaci\u00f3n podr\u00e1 ser revocada en cualquier momento a trav\u00e9s de las opciones de configuraci\u00f3n de contenidos y privacidad disponibles.<\/p>\n<p>Muchos navegadores permiten activar un modo privado mediante el cual las cookies se borran siempre despu\u00e9s de la visita. Dependiendo de cada navegador, este modo privado puede tener diferentes nombres. A continuaci\u00f3n se muestra una lista de los navegadores m\u00e1s comunes y los diferentes nombres del \u00abmodo privado\u00bb:<\/p>\n<p><strong>Internet Explorer 8<\/strong> y superiores;<strong> InPrivate Safari 2<\/strong> y superiores; Navegaci\u00f3n privada<\/p>\n<p><strong>Opera 10.5 y superiores<\/strong>; Navegaci\u00f3n Privada <strong>FireFox 3.5<\/strong> y superiores; Navegaci\u00f3n Privada Google Chrome 10 y superiores; Inc\u00f3gnito<\/p>\n<p><strong>Nota importante<\/strong>: Por favor, lea atentamente la secci\u00f3n de Ayuda de su navegador para saber m\u00e1s sobre c\u00f3mo activar el \u00abmodo privado\u00bb. Los usuarios pueden visitar nuestra p\u00e1gina web aunque su navegador est\u00e9 en \u00abmodo privado\u00bb, sin embargo la sesi\u00f3n puede no ser \u00f3ptima y algunas funciones pueden no funcionar correctamente.<\/p>\n","protected":false},"excerpt":{"rendered":"<p>Las cookies son peque\u00f1os archivos inform\u00e1ticos almacenados en el ordenador del usuario que nos ayudan a reconocerlo. Ayudan al sitio web a recordar informaci\u00f3n sobre su visita, como su idioma preferido y otros ajustes. Esto puede facilitar su pr\u00f3xima visita y hacer que el sitio le resulte m\u00e1s \u00fatil. Las cookies son esenciales para que<\/p>\n","protected":false},"author":3,"featured_media":0,"parent":0,"menu_order":20,"comment_status":"closed","ping_status":"closed","template":"template-simple.blade.php","meta":{"_acf_changed":false,"editor_notices":[],"footnotes":""},"class_list":["post-239","page","type-page","status-publish","hentry"],"acf":[],"yoast_head":"<!-- This site is optimized with the Yoast SEO Premium plugin v26.9 (Yoast SEO v26.9) - https:\/\/yoast.com\/product\/yoast-seo-premium-wordpress\/ -->\n<title>Pol\u00edtica de Cookies - FocusEconomics [ES]<\/title>\n<meta name=\"description\" content=\"Cookies are small computer files stored in the user\u2019s computer that help us recognize the user. It helps the website to remember information about your visit, like your preferred language and other settings. That can make your next visit easier and the site more useful to you. Cookies are essential for internet to work correctly by providing several advantages to improve\" class=\"yoast-seo-meta-tag\" \/>\n<meta name=\"robots\" content=\"noindex, follow, max-snippet:-1, max-image-preview:large, max-video-preview:-1\" \/>\n<meta property=\"og:locale\" content=\"es_ES\" class=\"yoast-seo-meta-tag\" \/>\n<meta property=\"og:type\" content=\"article\" class=\"yoast-seo-meta-tag\" \/>\n<meta property=\"og:title\" content=\"Pol\u00edtica de Cookies\" class=\"yoast-seo-meta-tag\" \/>\n<meta property=\"og:description\" content=\"Cookies are small computer files stored in the user\u2019s computer that help us recognize the user. It helps the website to remember information about your visit, like your preferred language and other settings. That can make your next visit easier and the site more useful to you. Cookies are essential for internet to work correctly by providing several advantages to improve\" class=\"yoast-seo-meta-tag\" \/>\n<meta property=\"og:url\" content=\"https:\/\/focus.s.nomatter.dev\/es\/cookies\/\" class=\"yoast-seo-meta-tag\" \/>\n<meta property=\"og:site_name\" content=\"FocusEconomics [ES]\" class=\"yoast-seo-meta-tag\" \/>\n<meta property=\"article:publisher\" content=\"https:\/\/www.facebook.com\/FocusEconomics\" class=\"yoast-seo-meta-tag\" \/>\n<meta property=\"article:modified_time\" content=\"2023-05-31T12:22:07+00:00\" class=\"yoast-seo-meta-tag\" \/>\n<meta name=\"twitter:card\" content=\"summary_large_image\" class=\"yoast-seo-meta-tag\" \/>\n<meta name=\"twitter:site\" content=\"@FocusEconomics\" class=\"yoast-seo-meta-tag\" \/>\n<meta name=\"twitter:label1\" content=\"Tiempo de lectura\" class=\"yoast-seo-meta-tag\" \/>\n\t<meta name=\"twitter:data1\" content=\"3 minutos\" class=\"yoast-seo-meta-tag\" \/>\n<script type=\"application\/ld+json\" class=\"yoast-schema-graph\">{\"@context\":\"https:\/\/schema.org\",\"@graph\":[{\"@type\":\"WebPage\",\"@id\":\"https:\/\/focus.s.nomatter.dev\/es\/cookies\/\",\"url\":\"https:\/\/focus.s.nomatter.dev\/es\/cookies\/\",\"name\":\"Pol\u00edtica de Cookies - FocusEconomics [ES]\",\"isPartOf\":{\"@id\":\"https:\/\/focus.s.nomatter.dev\/es\/#website\"},\"datePublished\":\"2022-08-26T17:10:51+00:00\",\"dateModified\":\"2023-05-31T12:22:07+00:00\",\"description\":\"Cookies are small computer files stored in the user\u2019s computer that help us recognize the user. It helps the website to remember information about your visit, like your preferred language and other settings. That can make your next visit easier and the site more useful to you. Cookies are essential for internet to work correctly by providing several advantages to improve\",\"breadcrumb\":{\"@id\":\"https:\/\/focus.s.nomatter.dev\/es\/cookies\/#breadcrumb\"},\"inLanguage\":\"es\",\"potentialAction\":[{\"@type\":\"ReadAction\",\"target\":[\"https:\/\/focus.s.nomatter.dev\/es\/cookies\/\"]}]},{\"@type\":\"BreadcrumbList\",\"@id\":\"https:\/\/focus.s.nomatter.dev\/es\/cookies\/#breadcrumb\",\"itemListElement\":[{\"@type\":\"ListItem\",\"position\":1,\"name\":\"Home\",\"item\":\"https:\/\/focus.s.nomatter.dev\/es\/\"},{\"@type\":\"ListItem\",\"position\":2,\"name\":\"Pol\u00edtica de Cookies\"}]},{\"@type\":\"WebSite\",\"@id\":\"https:\/\/focus.s.nomatter.dev\/es\/#website\",\"url\":\"https:\/\/focus.s.nomatter.dev\/es\/\",\"name\":\"FocusEconomics\",\"description\":\"Economic Indicators, News and Forecasts\",\"publisher\":{\"@id\":\"https:\/\/focus.s.nomatter.dev\/es\/#organization\"},\"potentialAction\":[{\"@type\":\"SearchAction\",\"target\":{\"@type\":\"EntryPoint\",\"urlTemplate\":\"https:\/\/focus.s.nomatter.dev\/es\/search-results\/?global-search={search_term_string}\"},\"query-input\":{\"@type\":\"PropertyValueSpecification\",\"valueRequired\":true,\"valueName\":\"search_term_string\"}}],\"inLanguage\":\"es\"},{\"@type\":\"Organization\",\"@id\":\"https:\/\/focus.s.nomatter.dev\/es\/#organization\",\"name\":\"FocusEconomics\",\"url\":\"https:\/\/focus.s.nomatter.dev\/es\/\",\"logo\":{\"@type\":\"ImageObject\",\"inLanguage\":\"es\",\"@id\":\"https:\/\/focus.s.nomatter.dev\/es\/#\/schema\/logo\/image\/\",\"url\":\"https:\/\/focus-d7op8.kinsta.storage\/production\/uploads\/sites\/5\/2022\/08\/logo.svg\",\"contentUrl\":\"https:\/\/focus-d7op8.kinsta.storage\/production\/uploads\/sites\/5\/2022\/08\/logo.svg\",\"width\":277,\"height\":54,\"caption\":\"FocusEconomics\"},\"image\":{\"@id\":\"https:\/\/focus.s.nomatter.dev\/es\/#\/schema\/logo\/image\/\"},\"sameAs\":[\"https:\/\/www.facebook.com\/FocusEconomics\",\"https:\/\/x.com\/FocusEconomics\"]}]}<\/script>\n<!-- \/ Yoast SEO Premium plugin. -->","yoast_head_json":{"title":"Pol\u00edtica de Cookies - FocusEconomics [ES]","description":"Cookies are small computer files stored in the user\u2019s computer that help us recognize the user. It helps the website to remember information about your visit, like your preferred language and other settings. That can make your next visit easier and the site more useful to you. Cookies are essential for internet to work correctly by providing several advantages to improve","robots":{"index":"noindex","follow":"follow","max-snippet":"max-snippet:-1","max-image-preview":"max-image-preview:large","max-video-preview":"max-video-preview:-1"},"og_locale":"es_ES","og_type":"article","og_title":"Pol\u00edtica de Cookies","og_description":"Cookies are small computer files stored in the user\u2019s computer that help us recognize the user. It helps the website to remember information about your visit, like your preferred language and other settings. That can make your next visit easier and the site more useful to you. Cookies are essential for internet to work correctly by providing several advantages to improve","og_url":"https:\/\/focus.s.nomatter.dev\/es\/cookies\/","og_site_name":"FocusEconomics [ES]","article_publisher":"https:\/\/www.facebook.com\/FocusEconomics","article_modified_time":"2023-05-31T12:22:07+00:00","twitter_card":"summary_large_image","twitter_site":"@FocusEconomics","twitter_misc":{"Tiempo de lectura":"3 minutos"},"schema":{"@context":"https:\/\/schema.org","@graph":[{"@type":"WebPage","@id":"https:\/\/focus.s.nomatter.dev\/es\/cookies\/","url":"https:\/\/focus.s.nomatter.dev\/es\/cookies\/","name":"Pol\u00edtica de Cookies - FocusEconomics [ES]","isPartOf":{"@id":"https:\/\/focus.s.nomatter.dev\/es\/#website"},"datePublished":"2022-08-26T17:10:51+00:00","dateModified":"2023-05-31T12:22:07+00:00","description":"Cookies are small computer files stored in the user\u2019s computer that help us recognize the user. It helps the website to remember information about your visit, like your preferred language and other settings. That can make your next visit easier and the site more useful to you. Cookies are essential for internet to work correctly by providing several advantages to improve","breadcrumb":{"@id":"https:\/\/focus.s.nomatter.dev\/es\/cookies\/#breadcrumb"},"inLanguage":"es","potentialAction":[{"@type":"ReadAction","target":["https:\/\/focus.s.nomatter.dev\/es\/cookies\/"]}]},{"@type":"BreadcrumbList","@id":"https:\/\/focus.s.nomatter.dev\/es\/cookies\/#breadcrumb","itemListElement":[{"@type":"ListItem","position":1,"name":"Home","item":"https:\/\/focus.s.nomatter.dev\/es\/"},{"@type":"ListItem","position":2,"name":"Pol\u00edtica de Cookies"}]},{"@type":"WebSite","@id":"https:\/\/focus.s.nomatter.dev\/es\/#website","url":"https:\/\/focus.s.nomatter.dev\/es\/","name":"FocusEconomics","description":"Economic Indicators, News and Forecasts","publisher":{"@id":"https:\/\/focus.s.nomatter.dev\/es\/#organization"},"potentialAction":[{"@type":"SearchAction","target":{"@type":"EntryPoint","urlTemplate":"https:\/\/focus.s.nomatter.dev\/es\/search-results\/?global-search={search_term_string}"},"query-input":{"@type":"PropertyValueSpecification","valueRequired":true,"valueName":"search_term_string"}}],"inLanguage":"es"},{"@type":"Organization","@id":"https:\/\/focus.s.nomatter.dev\/es\/#organization","name":"FocusEconomics","url":"https:\/\/focus.s.nomatter.dev\/es\/","logo":{"@type":"ImageObject","inLanguage":"es","@id":"https:\/\/focus.s.nomatter.dev\/es\/#\/schema\/logo\/image\/","url":"https:\/\/focus-d7op8.kinsta.storage\/production\/uploads\/sites\/5\/2022\/08\/logo.svg","contentUrl":"https:\/\/focus-d7op8.kinsta.storage\/production\/uploads\/sites\/5\/2022\/08\/logo.svg","width":277,"height":54,"caption":"FocusEconomics"},"image":{"@id":"https:\/\/focus.s.nomatter.dev\/es\/#\/schema\/logo\/image\/"},"sameAs":["https:\/\/www.facebook.com\/FocusEconomics","https:\/\/x.com\/FocusEconomics"]}]}},"_links":{"self":[{"href":"https:\/\/focus.s.nomatter.dev\/es\/wp-json\/wp\/v2\/pages\/239","targetHints":{"allow":["GET"]}}],"collection":[{"href":"https:\/\/focus.s.nomatter.dev\/es\/wp-json\/wp\/v2\/pages"}],"about":[{"href":"https:\/\/focus.s.nomatter.dev\/es\/wp-json\/wp\/v2\/types\/page"}],"author":[{"embeddable":true,"href":"https:\/\/focus.s.nomatter.dev\/es\/wp-json\/wp\/v2\/users\/3"}],"replies":[{"embeddable":true,"href":"https:\/\/focus.s.nomatter.dev\/es\/wp-json\/wp\/v2\/comments?post=239"}],"version-history":[{"count":0,"href":"https:\/\/focus.s.nomatter.dev\/es\/wp-json\/wp\/v2\/pages\/239\/revisions"}],"wp:attachment":[{"href":"https:\/\/focus.s.nomatter.dev\/es\/wp-json\/wp\/v2\/media?parent=239"}],"curies":[{"name":"wp","href":"https:\/\/api.w.org\/{rel}","templated":true}]}}