{"id":241,"date":"2023-08-07T15:01:41","date_gmt":"2023-08-07T15:01:41","guid":{"rendered":"https:\/\/focus.s.nomatter.dev\/?page_id=241"},"modified":"2023-08-07T15:10:32","modified_gmt":"2023-08-07T15:10:32","slug":"terms-and-conditions","status":"publish","type":"page","link":"https:\/\/focus.s.nomatter.dev\/es\/terms-and-conditions\/","title":{"rendered":"Condiciones del Sitio web"},"content":{"rendered":"<div class=\"container wysiwyg-content\">\n<p>Actualizado: 13 de enero de 2013<\/p>\n<p><strong>Condiciones generales de uso<\/strong><\/p>\n<p>El titular del sitio web focus-economics.com (en adelante, el \u00abSitio Web\u00bb) es FocusEconomics, S.L., sociedad de nacionalidad espa\u00f1ola con domicilio social en calle Gran Via de les Corts Catalanes, 657, 1\u00ba, 1\u00aa, 08010, Barcelona, titular del CIF B82162330, inscrita en el Registro Mercantil de Barcelona (en adelante \u00abFocusEconomics\u00bb), cuya direcci\u00f3n de correo electr\u00f3nico de contacto es: [info @ focus-economics.com].<\/p>\n<p>Las presentes condiciones de uso (en adelante, las \u00abCondiciones de Uso\u00bb) regulan el uso, incluyendo el mero acceso, al Sitio Web, as\u00ed como a los contenidos y servicios que en \u00e9l se incorporan. Toda persona que acceda a este Sitio Web tendr\u00e1 la consideraci\u00f3n de usuario del mismo (en adelante, el \u00abUsuario\u00bb) y acepta expresa, autom\u00e1tica y voluntariamente las Condiciones de Uso vigentes en el momento en que acceda al mismo, as\u00ed como las condiciones particulares que, en su caso, le sean de aplicaci\u00f3n.<\/p>\n<p><strong>Obligaciones de los Usuarios<\/strong><\/p>\n<p>Para utilizar el Sitio Web, el Usuario debe estar legalmente habilitado para contratar y utilizar el Sitio Web de conformidad con las presentes Condiciones de Uso. El Usuario deber\u00e1 realizar un uso diligente del Sitio Web, con total sujeci\u00f3n a la ley, a las buenas costumbres, a las presentes Condiciones Generales y a cualquier otra pol\u00edtica establecida por FocusEconomics para el Sitio Web. Asimismo, el Usuario responder\u00e1 del uso que realice del Sitio Web en su nombre o por cuenta de terceros, salvo que se demuestre que dicho uso fraudulento no es consecuencia de una actuaci\u00f3n culposa o negligente por su parte.<\/p>\n<p><strong>Al utilizar el Sitio Web, el Usuario tambi\u00e9n se compromete, en particular, a:<\/strong><\/p>\n<p>\u2013 respetar los derechos de propiedad intelectual de terceros;<br \/>\n\u2013 abstenerse de publicar mensajes, informaci\u00f3n o datos il\u00edcitos; o<br \/>\n\u2013 no obstaculizar o perturbar en modo alguno el buen funcionamiento del Sitio Web y a no atentar contra la integridad del mismo;<\/p>\n<p>FocusEconomics se reserva el derecho a denegar el acceso al Sitio Web, sin necesidad de preaviso, a cualquier Usuario que utilice el Sitio Web de forma fraudulenta o incumpla cualquiera de las disposiciones de estas Condiciones de Uso, la Ley, el orden p\u00fablico o las buenas costumbres, o que de cualquier otra forma pueda perturbar el buen funcionamiento, imagen, credibilidad y\/o prestigio de FocusEconomics o de sus colaboradores. En tales casos, FocusEconomics podr\u00e1 exigir responsabilidad a los Usuarios por los da\u00f1os y perjuicios derivados del mal uso del Sitio Web.<\/p>\n<p><strong>Exclusi\u00f3n de responsabilidad por el funcionamiento del Sitio Web<\/strong><\/p>\n<p>FocusEconomics no se hace responsable de los contenidos, archivos, informaciones, publicidad, opiniones, conceptos e im\u00e1genes que no dependan del Sitio Web, ni sean gestionados por FocusEconomics. Por tanto, FocusEconomics no asumir\u00e1 ninguna responsabilidad, ya sea directa o indirecta, derivada del mal uso del Sitio Web o de sus contenidos por parte del Usuario, asumiendo \u00e9ste, en todo caso y bajo su exclusiva responsabilidad, las consecuencias, da\u00f1os o acciones que pudieran derivarse de su acceso o uso del Sitio Web o de los contenidos alojados, as\u00ed como de su reproducci\u00f3n o comunicaci\u00f3n.<\/p>\n<p>El Sitio Web puede proponer enlaces a otras p\u00e1ginas web o a otras fuentes. FocusEconomics no puede controlar ni verificar dichas p\u00e1ginas web y fuentes externas. Los enlaces se proporcionan \u00abtal cual\u00bb, simplemente para la comodidad del Usuario.<\/p>\n<p>Por lo tanto, FocusEconomics no es responsable de la provisi\u00f3n de dichos enlaces que permiten el acceso a p\u00e1ginas web y fuentes externas, y no asume ninguna responsabilidad por el contenido, publicidad, productos, servicios o cualquier otro dato o informaci\u00f3n disponible en o desde dichas p\u00e1ginas web y fuentes externas.<\/p>\n<p>FocusEconomics no puede garantizar la continuidad del servicio ofrecido por el Sitio Web ni que \u00e9ste sea accesible de forma permanente, por lo que excluye cualquier responsabilidad por los da\u00f1os y perjuicios de toda naturaleza que puedan deberse a la disponibilidad y continuidad t\u00e9cnica del funcionamiento del Sitio Web. En cualquier caso, FocusEconomics llevar\u00e1 a cabo todas las actuaciones necesarias para restablecer sus servicios en caso de fallo t\u00e9cnico.<\/p>\n<p>FocusEconomics tambi\u00e9n har\u00e1 todo lo posible para garantizar la fiabilidad y confidencialidad de los datos disponibles en el Sitio Web, pero no ser\u00e1 responsable, ni penal ni civilmente, de cualquier posible violaci\u00f3n de dicha confidencialidad o de cualquier otra infracci\u00f3n, cualquiera que sea su origen (dificultad t\u00e9cnica, ataques realizados por un pirata inform\u00e1tico, error humano, etc.).<\/p>\n<p>FocusEconomics no garantiza que el Sitio Web est\u00e9 libre de anomal\u00edas, errores o fallos, que \u00e9stos puedan ser corregidos, que el Sitio Web funcione sin interrupciones o aver\u00edas, o que sea compatible con un material o configuraci\u00f3n particular.<\/p>\n<p>En ning\u00fan caso FocusEconomics ser\u00e1 responsable de:<\/p>\n<p>(i) los fallos de funcionamiento imputables a software de terceros, hayan sido o no integrados en el Sitio Web o suministrados con el mismo;<br \/>\n(ii) da\u00f1os directos y\/o indirectos, o da\u00f1os previsibles o imprevisibles, derivados del uso del Sitio Web o de la imposibilidad total o parcial de acceder al Sitio Web;<br \/>\n(iii) los errores cometidos en la informaci\u00f3n transmitida por el Usuario (su identidad, o cualquier otra informaci\u00f3n necesaria para la prestaci\u00f3n de servicios o la realizaci\u00f3n de pedidos), que el Usuario transmita bajo su exclusiva responsabilidad; y<br \/>\n(iv) las anomal\u00edas que puedan surgir durante la realizaci\u00f3n de un pedido, en la tramitaci\u00f3n, debidas a causas imputables al Usuario, a un acontecimiento imprevisible o insuperable de un tercero ajeno al servicio, o en caso de fuerza mayor.<\/p>\n<p><strong>Protecci\u00f3n de Datos y Cookies<\/strong><\/p>\n<p>Las presentes Condiciones de Uso, as\u00ed como la Pol\u00edtica de Privacidad y la Pol\u00edtica de Cookies del Sitio Web ser\u00e1n de aplicaci\u00f3n tanto a la actividad promocional como de suministro de informaci\u00f3n que se realice a trav\u00e9s del Sitio Web y regular\u00e1n la navegaci\u00f3n por el Sitio Web.<\/p>\n<p>En virtud de lo anterior, toda la informaci\u00f3n de car\u00e1cter personal que facilite el Usuario a trav\u00e9s del Sitio Web ser\u00e1 recogida, utilizada y almacenada de conformidad con la Pol\u00edtica de Privacidad de FocusEconomics, que forma parte inseparable de las presentes Condiciones de Uso. Al proporcionar informaci\u00f3n personal, el Usuario acepta la recopilaci\u00f3n, procesamiento, uso y publicaci\u00f3n de dicha informaci\u00f3n personal de acuerdo con la Pol\u00edtica de Privacidad.<\/p>\n<p>El acceso y uso del Sitio Web implica la aceptaci\u00f3n de las citadas Condiciones de Uso, Pol\u00edtica de Privacidad y Pol\u00edtica de Cookies.<\/p>\n<p><strong>Propiedad intelectual e industrial<\/strong><\/p>\n<p>El Sitio Web constituye una obra protegida por derechos de propiedad intelectual. FocusEconomics \u00fanicamente autoriza al Usuario a visualizar su contenido en el \u00e1mbito personal y privado. Se autoriza la impresi\u00f3n privada para uso exclusivo del Usuario, quedando excluido cualquier otro uso, as\u00ed como su difusi\u00f3n o comunicaci\u00f3n.<\/p>\n<p>Lo anterior tambi\u00e9n es aplicable a la estructura, datos y contenidos que aparecen en el Sitio Web, en particular marcas, logotipos, gr\u00e1ficos, fotograf\u00edas y textos de cualquier tipo.<\/p>\n<p>El Sitio Web y la informaci\u00f3n que proporciona est\u00e1n destinados al uso estrictamente personal del Usuario y no podr\u00e1n ser reproducidos, comunicados a terceros, utilizados total o parcialmente, con fines comerciales o de otro tipo, ni utilizados para crear obras derivadas.<\/p>\n<p>Por lo tanto, cualquier reproducci\u00f3n, representaci\u00f3n, publicaci\u00f3n, transmisi\u00f3n o, en general, cualquier explotaci\u00f3n no autorizada de todo o parte del Sitio Web y de la informaci\u00f3n divulgada en el mismo ser\u00e1 responsabilidad del Usuario y podr\u00e1 dar lugar a acciones legales en su contra, tanto penales como civiles, seg\u00fan proceda.<\/p>\n<p><strong>Actualizaci\u00f3n y modificaciones<\/strong><\/p>\n<p>FocusEconomics se reserva el derecho a corregir los posibles errores presentes en el Sitio Web tan pronto como tenga conocimiento de ellos y, en general, a modificar, en cualquier momento y sin previo aviso, todo o parte del Sitio Web y su contenido, sin que pueda exigirse responsabilidad alguna por este hecho.<\/p>\n<p>FocusEconomics se reserva el derecho de modificar las presentes Condiciones de Uso en cualquier momento, sin previo aviso, entendi\u00e9ndose que dichas modificaciones no se aplicar\u00e1n a los pedidos aceptados con anterioridad a dicha modificaci\u00f3n. FocusEconomics se obliga a publicar, en su caso, las nuevas condiciones generales en el Sitio Web.<\/p>\n<p><strong>Divisibilidad<\/strong><\/p>\n<p>Si alguna de las disposiciones de las presentes Condiciones Generales de Uso fuera declarada no ejecutable por la ley, la aplicabilidad de cualquier otra parte o disposici\u00f3n de las mismas no se ver\u00e1 afectada.<\/p>\n<p><strong>Jurisdicci\u00f3n y Ley Aplicable<\/strong><\/p>\n<p>La interpretaci\u00f3n, validez y ejecuci\u00f3n de las presentes Condiciones Generales de Uso, se regir\u00e1n por la legislaci\u00f3n espa\u00f1ola. En todo lo no previsto en las presentes Condiciones de Uso, se estar\u00e1 a lo dispuesto en la legislaci\u00f3n nacional e internacional que resulte de aplicaci\u00f3n.<\/p>\n<p>Cualquier controversia derivada de la interpretaci\u00f3n, validez y ejecuci\u00f3n de las presentes Condiciones de Uso ser\u00e1 sometida a los Juzgados y Tribunales que resulten competentes conforme a la legislaci\u00f3n espa\u00f1ola.<\/p>\n<\/div>\n","protected":false},"excerpt":{"rendered":"<p>Actualizado: 13 de enero de 2013 Condiciones generales de uso El titular del sitio web focus-economics.com (en adelante, el \u00abSitio Web\u00bb) es FocusEconomics, S.L., sociedad de nacionalidad espa\u00f1ola con domicilio social en calle Gran Via de les Corts Catalanes, 657, 1\u00ba, 1\u00aa, 08010, Barcelona, titular del CIF B82162330, inscrita en el Registro Mercantil de Barcelona<\/p>\n","protected":false},"author":3,"featured_media":0,"parent":0,"menu_order":21,"comment_status":"closed","ping_status":"closed","template":"template-simple.blade.php","meta":{"_acf_changed":false,"editor_notices":[],"footnotes":""},"class_list":["post-241","page","type-page","status-publish","hentry"],"acf":[],"yoast_head":"<!-- This site is optimized with the Yoast SEO Premium plugin v26.9 (Yoast SEO v26.9) - https:\/\/yoast.com\/product\/yoast-seo-premium-wordpress\/ -->\n<title>Terms &amp; Conditions - FocusEconomics<\/title>\n<meta name=\"description\" content=\"Click here to view our general terms and conditions.\" class=\"yoast-seo-meta-tag\" \/>\n<meta name=\"robots\" content=\"noindex, follow, max-snippet:-1, max-image-preview:large, max-video-preview:-1\" \/>\n<meta property=\"og:locale\" content=\"es_ES\" class=\"yoast-seo-meta-tag\" \/>\n<meta property=\"og:type\" content=\"article\" class=\"yoast-seo-meta-tag\" \/>\n<meta property=\"og:title\" content=\"Condiciones del Sitio web\" class=\"yoast-seo-meta-tag\" \/>\n<meta property=\"og:description\" content=\"Click here to view our general terms and conditions.\" class=\"yoast-seo-meta-tag\" \/>\n<meta property=\"og:url\" content=\"https:\/\/focus.s.nomatter.dev\/es\/terms-and-conditions\/\" class=\"yoast-seo-meta-tag\" \/>\n<meta property=\"og:site_name\" content=\"FocusEconomics [ES]\" class=\"yoast-seo-meta-tag\" \/>\n<meta property=\"article:publisher\" content=\"https:\/\/www.facebook.com\/FocusEconomics\" class=\"yoast-seo-meta-tag\" \/>\n<meta property=\"article:modified_time\" content=\"2023-08-07T15:10:32+00:00\" class=\"yoast-seo-meta-tag\" \/>\n<meta name=\"twitter:card\" content=\"summary_large_image\" class=\"yoast-seo-meta-tag\" \/>\n<meta name=\"twitter:site\" content=\"@FocusEconomics\" class=\"yoast-seo-meta-tag\" \/>\n<meta name=\"twitter:label1\" content=\"Tiempo de lectura\" class=\"yoast-seo-meta-tag\" \/>\n\t<meta name=\"twitter:data1\" content=\"7 minutos\" class=\"yoast-seo-meta-tag\" \/>\n<script type=\"application\/ld+json\" class=\"yoast-schema-graph\">{\"@context\":\"https:\/\/schema.org\",\"@graph\":[{\"@type\":\"WebPage\",\"@id\":\"https:\/\/focus.s.nomatter.dev\/es\/terms-and-conditions\/\",\"url\":\"https:\/\/focus.s.nomatter.dev\/es\/terms-and-conditions\/\",\"name\":\"Terms & Conditions - FocusEconomics\",\"isPartOf\":{\"@id\":\"https:\/\/focus.s.nomatter.dev\/es\/#website\"},\"datePublished\":\"2023-08-07T15:01:41+00:00\",\"dateModified\":\"2023-08-07T15:10:32+00:00\",\"description\":\"Click here to view our general terms and conditions.\",\"breadcrumb\":{\"@id\":\"https:\/\/focus.s.nomatter.dev\/es\/terms-and-conditions\/#breadcrumb\"},\"inLanguage\":\"es\",\"potentialAction\":[{\"@type\":\"ReadAction\",\"target\":[\"https:\/\/focus.s.nomatter.dev\/es\/terms-and-conditions\/\"]}]},{\"@type\":\"BreadcrumbList\",\"@id\":\"https:\/\/focus.s.nomatter.dev\/es\/terms-and-conditions\/#breadcrumb\",\"itemListElement\":[{\"@type\":\"ListItem\",\"position\":1,\"name\":\"Home\",\"item\":\"https:\/\/focus.s.nomatter.dev\/es\/\"},{\"@type\":\"ListItem\",\"position\":2,\"name\":\"Condiciones del Sitio web\"}]},{\"@type\":\"WebSite\",\"@id\":\"https:\/\/focus.s.nomatter.dev\/es\/#website\",\"url\":\"https:\/\/focus.s.nomatter.dev\/es\/\",\"name\":\"FocusEconomics\",\"description\":\"Economic Indicators, News and Forecasts\",\"publisher\":{\"@id\":\"https:\/\/focus.s.nomatter.dev\/es\/#organization\"},\"potentialAction\":[{\"@type\":\"SearchAction\",\"target\":{\"@type\":\"EntryPoint\",\"urlTemplate\":\"https:\/\/focus.s.nomatter.dev\/es\/search-results\/?global-search={search_term_string}\"},\"query-input\":{\"@type\":\"PropertyValueSpecification\",\"valueRequired\":true,\"valueName\":\"search_term_string\"}}],\"inLanguage\":\"es\"},{\"@type\":\"Organization\",\"@id\":\"https:\/\/focus.s.nomatter.dev\/es\/#organization\",\"name\":\"FocusEconomics\",\"url\":\"https:\/\/focus.s.nomatter.dev\/es\/\",\"logo\":{\"@type\":\"ImageObject\",\"inLanguage\":\"es\",\"@id\":\"https:\/\/focus.s.nomatter.dev\/es\/#\/schema\/logo\/image\/\",\"url\":\"https:\/\/focus-d7op8.kinsta.storage\/production\/uploads\/sites\/5\/2022\/08\/logo.svg\",\"contentUrl\":\"https:\/\/focus-d7op8.kinsta.storage\/production\/uploads\/sites\/5\/2022\/08\/logo.svg\",\"width\":277,\"height\":54,\"caption\":\"FocusEconomics\"},\"image\":{\"@id\":\"https:\/\/focus.s.nomatter.dev\/es\/#\/schema\/logo\/image\/\"},\"sameAs\":[\"https:\/\/www.facebook.com\/FocusEconomics\",\"https:\/\/x.com\/FocusEconomics\"]}]}<\/script>\n<!-- \/ Yoast SEO Premium plugin. -->","yoast_head_json":{"title":"Terms & Conditions - FocusEconomics","description":"Click here to view our general terms and conditions.","robots":{"index":"noindex","follow":"follow","max-snippet":"max-snippet:-1","max-image-preview":"max-image-preview:large","max-video-preview":"max-video-preview:-1"},"og_locale":"es_ES","og_type":"article","og_title":"Condiciones del Sitio web","og_description":"Click here to view our general terms and conditions.","og_url":"https:\/\/focus.s.nomatter.dev\/es\/terms-and-conditions\/","og_site_name":"FocusEconomics [ES]","article_publisher":"https:\/\/www.facebook.com\/FocusEconomics","article_modified_time":"2023-08-07T15:10:32+00:00","twitter_card":"summary_large_image","twitter_site":"@FocusEconomics","twitter_misc":{"Tiempo de lectura":"7 minutos"},"schema":{"@context":"https:\/\/schema.org","@graph":[{"@type":"WebPage","@id":"https:\/\/focus.s.nomatter.dev\/es\/terms-and-conditions\/","url":"https:\/\/focus.s.nomatter.dev\/es\/terms-and-conditions\/","name":"Terms & Conditions - FocusEconomics","isPartOf":{"@id":"https:\/\/focus.s.nomatter.dev\/es\/#website"},"datePublished":"2023-08-07T15:01:41+00:00","dateModified":"2023-08-07T15:10:32+00:00","description":"Click here to view our general terms and conditions.","breadcrumb":{"@id":"https:\/\/focus.s.nomatter.dev\/es\/terms-and-conditions\/#breadcrumb"},"inLanguage":"es","potentialAction":[{"@type":"ReadAction","target":["https:\/\/focus.s.nomatter.dev\/es\/terms-and-conditions\/"]}]},{"@type":"BreadcrumbList","@id":"https:\/\/focus.s.nomatter.dev\/es\/terms-and-conditions\/#breadcrumb","itemListElement":[{"@type":"ListItem","position":1,"name":"Home","item":"https:\/\/focus.s.nomatter.dev\/es\/"},{"@type":"ListItem","position":2,"name":"Condiciones del Sitio web"}]},{"@type":"WebSite","@id":"https:\/\/focus.s.nomatter.dev\/es\/#website","url":"https:\/\/focus.s.nomatter.dev\/es\/","name":"FocusEconomics","description":"Economic Indicators, News and Forecasts","publisher":{"@id":"https:\/\/focus.s.nomatter.dev\/es\/#organization"},"potentialAction":[{"@type":"SearchAction","target":{"@type":"EntryPoint","urlTemplate":"https:\/\/focus.s.nomatter.dev\/es\/search-results\/?global-search={search_term_string}"},"query-input":{"@type":"PropertyValueSpecification","valueRequired":true,"valueName":"search_term_string"}}],"inLanguage":"es"},{"@type":"Organization","@id":"https:\/\/focus.s.nomatter.dev\/es\/#organization","name":"FocusEconomics","url":"https:\/\/focus.s.nomatter.dev\/es\/","logo":{"@type":"ImageObject","inLanguage":"es","@id":"https:\/\/focus.s.nomatter.dev\/es\/#\/schema\/logo\/image\/","url":"https:\/\/focus-d7op8.kinsta.storage\/production\/uploads\/sites\/5\/2022\/08\/logo.svg","contentUrl":"https:\/\/focus-d7op8.kinsta.storage\/production\/uploads\/sites\/5\/2022\/08\/logo.svg","width":277,"height":54,"caption":"FocusEconomics"},"image":{"@id":"https:\/\/focus.s.nomatter.dev\/es\/#\/schema\/logo\/image\/"},"sameAs":["https:\/\/www.facebook.com\/FocusEconomics","https:\/\/x.com\/FocusEconomics"]}]}},"_links":{"self":[{"href":"https:\/\/focus.s.nomatter.dev\/es\/wp-json\/wp\/v2\/pages\/241","targetHints":{"allow":["GET"]}}],"collection":[{"href":"https:\/\/focus.s.nomatter.dev\/es\/wp-json\/wp\/v2\/pages"}],"about":[{"href":"https:\/\/focus.s.nomatter.dev\/es\/wp-json\/wp\/v2\/types\/page"}],"author":[{"embeddable":true,"href":"https:\/\/focus.s.nomatter.dev\/es\/wp-json\/wp\/v2\/users\/3"}],"replies":[{"embeddable":true,"href":"https:\/\/focus.s.nomatter.dev\/es\/wp-json\/wp\/v2\/comments?post=241"}],"version-history":[{"count":0,"href":"https:\/\/focus.s.nomatter.dev\/es\/wp-json\/wp\/v2\/pages\/241\/revisions"}],"wp:attachment":[{"href":"https:\/\/focus.s.nomatter.dev\/es\/wp-json\/wp\/v2\/media?parent=241"}],"curies":[{"name":"wp","href":"https:\/\/api.w.org\/{rel}","templated":true}]}}