{"id":27011,"date":"2023-02-23T16:23:59","date_gmt":"2023-02-23T16:23:59","guid":{"rendered":"https:\/\/focus.s.nomatter.dev\/?page_id=27011"},"modified":"2023-07-12T15:41:35","modified_gmt":"2023-07-12T15:41:35","slug":"informe-sobre-el-mercado-del-gas-natural","status":"publish","type":"page","link":"https:\/\/focus.s.nomatter.dev\/es\/blog\/informe-sobre-el-mercado-del-gas-natural\/","title":{"rendered":"Informe sobre el mercado del gas natural"},"content":{"rendered":"<p>Los \u00faltimos acontecimientos han disparado los precios del gas natural en todo el mundo. Sin embargo, la explosi\u00f3n de los precios del gas natural ha sido m\u00e1s pronunciada en determinadas regiones; la diferencia entre los precios m\u00e1ximos y m\u00ednimos del a\u00f1o pasado en Europa fue del 400%, en Asia del 250% y en EE.UU. del 160%. \u00bfSeguir\u00e1n siendo elevados los precios del gas natural en el futuro y persistir\u00e1 la gran divergencia de precios entre regiones? Este informe especial trata de responder a estas preguntas.<\/p>\n<p><strong>Este informe incluye:<\/strong><br \/>\n-Previsiones para el gas natural europeo y estadounidense y para el GNL asi\u00e1tico.<br \/>\n-Los principales riesgos al alza y a la baja para las perspectivas de cada mercado<br \/>\n-An\u00e1lisis de las tendencias recientes y futuras de los precios del gas natural<br \/>\n-Opiniones de nuestros analistas<\/p>\n<hr \/>\n<p><strong>Acerca de FocusEconomics<\/strong><\/p>\n<p><em>FocusEconomics es un proveedor l\u00edder de an\u00e1lisis y previsiones econ\u00f3micas para 198 pa\u00edses de \u00c1frica, Asia, Am\u00e9rica, Europa y Oriente Medio, as\u00ed como de previsiones de precios para m\u00e1s de 30 materias primas clave. La empresa cuenta con el apoyo de una amplia red mundial de analistas.<\/em><\/p>\n<p><em>Desde su lanzamiento hace m\u00e1s de 20 a\u00f1os, FocusEconomics se ha labrado una s\u00f3lida reputaci\u00f3n como fuente fiable de inteligencia empresarial oportuna y precisa entre clientes de diversos sectores, incluidas las principales instituciones financieras, empresas multinacionales y organismos gubernamentales del mundo.<\/em><\/p>\n<p><em>Si desea saber m\u00e1s sobre FocusEconomics y qu\u00e9 hace que Consensus Forecast sea tan valioso, visite nuestra p\u00e1gina <a href=\"https:\/\/focus.s.nomatter.dev\/es\/about-us\/\">Qui\u00e9nes somos<\/a>.<\/em><\/p>\n<p><strong><em>\u00bfPor qu\u00e9 le pedimos sus datos personales?<\/em><\/strong><\/p>\n<p><em>Toda la informaci\u00f3n que nos proporcione ser\u00e1 privada. Nunca facilitaremos sus datos personales a terceros ni le enviaremos spam. Se lo prometemos.<\/em><\/p>\n<p>&nbsp;<\/p>\n","protected":false},"excerpt":{"rendered":"<p>Los \u00faltimos acontecimientos han disparado los precios del gas natural en todo el mundo. Sin embargo, la explosi\u00f3n de los precios del gas natural ha sido m\u00e1s pronunciada en determinadas regiones; la diferencia entre los precios m\u00e1ximos y m\u00ednimos del a\u00f1o pasado en Europa fue del 400%, en Asia del 250% y en EE.UU. del<\/p>\n","protected":false},"author":5,"featured_media":45257,"parent":177,"menu_order":0,"comment_status":"closed","ping_status":"closed","template":"template-simple.blade.php","meta":{"_acf_changed":false,"editor_notices":[],"footnotes":""},"class_list":["post-27011","page","type-page","status-publish","has-post-thumbnail","hentry"],"acf":[],"yoast_head":"<!-- This site is optimized with the Yoast SEO Premium plugin v26.9 (Yoast SEO v26.9) - https:\/\/yoast.com\/product\/yoast-seo-premium-wordpress\/ -->\n<title>Energy Outlook Report - FocusEconomics [ES]<\/title>\n<meta name=\"description\" content=\"Recent events have caused natural gas prices to surge across the globe. However, the explosion in natural gas prices has been more pronounced in certain regions; the difference between peak and trough prices last year in Europe was 400%, in Asia 250% and in the U.S. 160%. Will natural gas prices remain elevated going forward, and will the large price divergence between regions persist? This special report seeks to answer these questions. \u00a0\" class=\"yoast-seo-meta-tag\" \/>\n<meta name=\"robots\" content=\"noindex, follow, max-snippet:-1, max-image-preview:large, max-video-preview:-1\" \/>\n<meta property=\"og:locale\" content=\"es_ES\" class=\"yoast-seo-meta-tag\" \/>\n<meta property=\"og:type\" content=\"article\" class=\"yoast-seo-meta-tag\" \/>\n<meta property=\"og:title\" content=\"Informe sobre el mercado del gas natural\" class=\"yoast-seo-meta-tag\" \/>\n<meta property=\"og:description\" content=\"Recent events have caused natural gas prices to surge across the globe. However, the explosion in natural gas prices has been more pronounced in certain regions; the difference between peak and trough prices last year in Europe was 400%, in Asia 250% and in the U.S. 160%. Will natural gas prices remain elevated going forward, and will the large price divergence between regions persist? This special report seeks to answer these questions. \u00a0\" class=\"yoast-seo-meta-tag\" \/>\n<meta property=\"og:url\" content=\"https:\/\/focus.s.nomatter.dev\/es\/blog\/informe-sobre-el-mercado-del-gas-natural\/\" class=\"yoast-seo-meta-tag\" \/>\n<meta property=\"og:site_name\" content=\"FocusEconomics [ES]\" class=\"yoast-seo-meta-tag\" \/>\n<meta property=\"article:publisher\" content=\"https:\/\/www.facebook.com\/FocusEconomics\" class=\"yoast-seo-meta-tag\" \/>\n<meta property=\"article:modified_time\" content=\"2023-07-12T15:41:35+00:00\" class=\"yoast-seo-meta-tag\" \/>\n<meta property=\"og:image\" content=\"https:\/\/focus.nm-img.net\/uploads\/sites\/5\/2022\/11\/Natural-Gas.jpg\" class=\"yoast-seo-meta-tag\" \/>\n\t<meta property=\"og:image:width\" content=\"2560\" class=\"yoast-seo-meta-tag\" \/>\n\t<meta property=\"og:image:height\" content=\"671\" class=\"yoast-seo-meta-tag\" \/>\n\t<meta property=\"og:image:type\" content=\"image\/jpeg\" class=\"yoast-seo-meta-tag\" \/>\n<meta name=\"twitter:card\" content=\"summary_large_image\" class=\"yoast-seo-meta-tag\" \/>\n<meta name=\"twitter:site\" content=\"@FocusEconomics\" class=\"yoast-seo-meta-tag\" \/>\n<meta name=\"twitter:label1\" content=\"Tiempo de lectura\" class=\"yoast-seo-meta-tag\" \/>\n\t<meta name=\"twitter:data1\" content=\"2 minutos\" class=\"yoast-seo-meta-tag\" \/>\n<script type=\"application\/ld+json\" class=\"yoast-schema-graph\">{\"@context\":\"https:\/\/schema.org\",\"@graph\":[{\"@type\":\"WebPage\",\"@id\":\"https:\/\/focus.s.nomatter.dev\/es\/blog\/informe-sobre-el-mercado-del-gas-natural\/\",\"url\":\"https:\/\/focus.s.nomatter.dev\/es\/blog\/informe-sobre-el-mercado-del-gas-natural\/\",\"name\":\"Energy Outlook Report - FocusEconomics [ES]\",\"isPartOf\":{\"@id\":\"https:\/\/focus.s.nomatter.dev\/es\/#website\"},\"primaryImageOfPage\":{\"@id\":\"https:\/\/focus.s.nomatter.dev\/es\/blog\/informe-sobre-el-mercado-del-gas-natural\/#primaryimage\"},\"image\":{\"@id\":\"https:\/\/focus.s.nomatter.dev\/es\/blog\/informe-sobre-el-mercado-del-gas-natural\/#primaryimage\"},\"thumbnailUrl\":\"https:\/\/focus-stg.nm-img.net\/uploads\/sites\/5\/2022\/11\/Natural-Gas.jpg\",\"datePublished\":\"2023-02-23T16:23:59+00:00\",\"dateModified\":\"2023-07-12T15:41:35+00:00\",\"description\":\"Recent events have caused natural gas prices to surge across the globe. However, the explosion in natural gas prices has been more pronounced in certain regions; the difference between peak and trough prices last year in Europe was 400%, in Asia 250% and in the U.S. 160%. Will natural gas prices remain elevated going forward, and will the large price divergence between regions persist? This special report seeks to answer these questions. \u00a0\",\"breadcrumb\":{\"@id\":\"https:\/\/focus.s.nomatter.dev\/es\/blog\/informe-sobre-el-mercado-del-gas-natural\/#breadcrumb\"},\"inLanguage\":\"es\",\"potentialAction\":[{\"@type\":\"ReadAction\",\"target\":[\"https:\/\/focus.s.nomatter.dev\/es\/blog\/informe-sobre-el-mercado-del-gas-natural\/\"]}]},{\"@type\":\"ImageObject\",\"inLanguage\":\"es\",\"@id\":\"https:\/\/focus.s.nomatter.dev\/es\/blog\/informe-sobre-el-mercado-del-gas-natural\/#primaryimage\",\"url\":\"https:\/\/focus-stg.nm-img.net\/uploads\/sites\/5\/2022\/11\/Natural-Gas.jpg\",\"contentUrl\":\"https:\/\/focus-stg.nm-img.net\/uploads\/sites\/5\/2022\/11\/Natural-Gas.jpg\",\"width\":2560,\"height\":671,\"caption\":\"Blue flames from gas stove burner\"},{\"@type\":\"BreadcrumbList\",\"@id\":\"https:\/\/focus.s.nomatter.dev\/es\/blog\/informe-sobre-el-mercado-del-gas-natural\/#breadcrumb\",\"itemListElement\":[{\"@type\":\"ListItem\",\"position\":1,\"name\":\"Home\",\"item\":\"https:\/\/focus.s.nomatter.dev\/es\/\"},{\"@type\":\"ListItem\",\"position\":2,\"name\":\"An\u00e1lisis\",\"item\":\"https:\/\/focus.s.nomatter.dev\/es\/blog\/\"},{\"@type\":\"ListItem\",\"position\":3,\"name\":\"Informe sobre el mercado del gas natural\"}]},{\"@type\":\"WebSite\",\"@id\":\"https:\/\/focus.s.nomatter.dev\/es\/#website\",\"url\":\"https:\/\/focus.s.nomatter.dev\/es\/\",\"name\":\"FocusEconomics\",\"description\":\"Economic Indicators, News and Forecasts\",\"publisher\":{\"@id\":\"https:\/\/focus.s.nomatter.dev\/es\/#organization\"},\"potentialAction\":[{\"@type\":\"SearchAction\",\"target\":{\"@type\":\"EntryPoint\",\"urlTemplate\":\"https:\/\/focus.s.nomatter.dev\/es\/search-results\/?global-search={search_term_string}\"},\"query-input\":{\"@type\":\"PropertyValueSpecification\",\"valueRequired\":true,\"valueName\":\"search_term_string\"}}],\"inLanguage\":\"es\"},{\"@type\":\"Organization\",\"@id\":\"https:\/\/focus.s.nomatter.dev\/es\/#organization\",\"name\":\"FocusEconomics\",\"url\":\"https:\/\/focus.s.nomatter.dev\/es\/\",\"logo\":{\"@type\":\"ImageObject\",\"inLanguage\":\"es\",\"@id\":\"https:\/\/focus.s.nomatter.dev\/es\/#\/schema\/logo\/image\/\",\"url\":\"https:\/\/focus-d7op8.kinsta.storage\/production\/uploads\/sites\/5\/2022\/08\/logo.svg\",\"contentUrl\":\"https:\/\/focus-d7op8.kinsta.storage\/production\/uploads\/sites\/5\/2022\/08\/logo.svg\",\"width\":277,\"height\":54,\"caption\":\"FocusEconomics\"},\"image\":{\"@id\":\"https:\/\/focus.s.nomatter.dev\/es\/#\/schema\/logo\/image\/\"},\"sameAs\":[\"https:\/\/www.facebook.com\/FocusEconomics\",\"https:\/\/x.com\/FocusEconomics\"]}]}<\/script>\n<!-- \/ Yoast SEO Premium plugin. -->","yoast_head_json":{"title":"Energy Outlook Report - FocusEconomics [ES]","description":"Recent events have caused natural gas prices to surge across the globe. However, the explosion in natural gas prices has been more pronounced in certain regions; the difference between peak and trough prices last year in Europe was 400%, in Asia 250% and in the U.S. 160%. Will natural gas prices remain elevated going forward, and will the large price divergence between regions persist? This special report seeks to answer these questions. \u00a0","robots":{"index":"noindex","follow":"follow","max-snippet":"max-snippet:-1","max-image-preview":"max-image-preview:large","max-video-preview":"max-video-preview:-1"},"og_locale":"es_ES","og_type":"article","og_title":"Informe sobre el mercado del gas natural","og_description":"Recent events have caused natural gas prices to surge across the globe. However, the explosion in natural gas prices has been more pronounced in certain regions; the difference between peak and trough prices last year in Europe was 400%, in Asia 250% and in the U.S. 160%. Will natural gas prices remain elevated going forward, and will the large price divergence between regions persist? This special report seeks to answer these questions. \u00a0","og_url":"https:\/\/focus.s.nomatter.dev\/es\/blog\/informe-sobre-el-mercado-del-gas-natural\/","og_site_name":"FocusEconomics [ES]","article_publisher":"https:\/\/www.facebook.com\/FocusEconomics","article_modified_time":"2023-07-12T15:41:35+00:00","og_image":[{"width":2560,"height":671,"url":"https:\/\/focus.nm-img.net\/uploads\/sites\/5\/2022\/11\/Natural-Gas.jpg","type":"image\/jpeg"}],"twitter_card":"summary_large_image","twitter_site":"@FocusEconomics","twitter_misc":{"Tiempo de lectura":"2 minutos"},"schema":{"@context":"https:\/\/schema.org","@graph":[{"@type":"WebPage","@id":"https:\/\/focus.s.nomatter.dev\/es\/blog\/informe-sobre-el-mercado-del-gas-natural\/","url":"https:\/\/focus.s.nomatter.dev\/es\/blog\/informe-sobre-el-mercado-del-gas-natural\/","name":"Energy Outlook Report - FocusEconomics [ES]","isPartOf":{"@id":"https:\/\/focus.s.nomatter.dev\/es\/#website"},"primaryImageOfPage":{"@id":"https:\/\/focus.s.nomatter.dev\/es\/blog\/informe-sobre-el-mercado-del-gas-natural\/#primaryimage"},"image":{"@id":"https:\/\/focus.s.nomatter.dev\/es\/blog\/informe-sobre-el-mercado-del-gas-natural\/#primaryimage"},"thumbnailUrl":"https:\/\/focus-stg.nm-img.net\/uploads\/sites\/5\/2022\/11\/Natural-Gas.jpg","datePublished":"2023-02-23T16:23:59+00:00","dateModified":"2023-07-12T15:41:35+00:00","description":"Recent events have caused natural gas prices to surge across the globe. However, the explosion in natural gas prices has been more pronounced in certain regions; the difference between peak and trough prices last year in Europe was 400%, in Asia 250% and in the U.S. 160%. Will natural gas prices remain elevated going forward, and will the large price divergence between regions persist? This special report seeks to answer these questions. \u00a0","breadcrumb":{"@id":"https:\/\/focus.s.nomatter.dev\/es\/blog\/informe-sobre-el-mercado-del-gas-natural\/#breadcrumb"},"inLanguage":"es","potentialAction":[{"@type":"ReadAction","target":["https:\/\/focus.s.nomatter.dev\/es\/blog\/informe-sobre-el-mercado-del-gas-natural\/"]}]},{"@type":"ImageObject","inLanguage":"es","@id":"https:\/\/focus.s.nomatter.dev\/es\/blog\/informe-sobre-el-mercado-del-gas-natural\/#primaryimage","url":"https:\/\/focus-stg.nm-img.net\/uploads\/sites\/5\/2022\/11\/Natural-Gas.jpg","contentUrl":"https:\/\/focus-stg.nm-img.net\/uploads\/sites\/5\/2022\/11\/Natural-Gas.jpg","width":2560,"height":671,"caption":"Blue flames from gas stove burner"},{"@type":"BreadcrumbList","@id":"https:\/\/focus.s.nomatter.dev\/es\/blog\/informe-sobre-el-mercado-del-gas-natural\/#breadcrumb","itemListElement":[{"@type":"ListItem","position":1,"name":"Home","item":"https:\/\/focus.s.nomatter.dev\/es\/"},{"@type":"ListItem","position":2,"name":"An\u00e1lisis","item":"https:\/\/focus.s.nomatter.dev\/es\/blog\/"},{"@type":"ListItem","position":3,"name":"Informe sobre el mercado del gas natural"}]},{"@type":"WebSite","@id":"https:\/\/focus.s.nomatter.dev\/es\/#website","url":"https:\/\/focus.s.nomatter.dev\/es\/","name":"FocusEconomics","description":"Economic Indicators, News and Forecasts","publisher":{"@id":"https:\/\/focus.s.nomatter.dev\/es\/#organization"},"potentialAction":[{"@type":"SearchAction","target":{"@type":"EntryPoint","urlTemplate":"https:\/\/focus.s.nomatter.dev\/es\/search-results\/?global-search={search_term_string}"},"query-input":{"@type":"PropertyValueSpecification","valueRequired":true,"valueName":"search_term_string"}}],"inLanguage":"es"},{"@type":"Organization","@id":"https:\/\/focus.s.nomatter.dev\/es\/#organization","name":"FocusEconomics","url":"https:\/\/focus.s.nomatter.dev\/es\/","logo":{"@type":"ImageObject","inLanguage":"es","@id":"https:\/\/focus.s.nomatter.dev\/es\/#\/schema\/logo\/image\/","url":"https:\/\/focus-d7op8.kinsta.storage\/production\/uploads\/sites\/5\/2022\/08\/logo.svg","contentUrl":"https:\/\/focus-d7op8.kinsta.storage\/production\/uploads\/sites\/5\/2022\/08\/logo.svg","width":277,"height":54,"caption":"FocusEconomics"},"image":{"@id":"https:\/\/focus.s.nomatter.dev\/es\/#\/schema\/logo\/image\/"},"sameAs":["https:\/\/www.facebook.com\/FocusEconomics","https:\/\/x.com\/FocusEconomics"]}]}},"_links":{"self":[{"href":"https:\/\/focus.s.nomatter.dev\/es\/wp-json\/wp\/v2\/pages\/27011","targetHints":{"allow":["GET"]}}],"collection":[{"href":"https:\/\/focus.s.nomatter.dev\/es\/wp-json\/wp\/v2\/pages"}],"about":[{"href":"https:\/\/focus.s.nomatter.dev\/es\/wp-json\/wp\/v2\/types\/page"}],"author":[{"embeddable":true,"href":"https:\/\/focus.s.nomatter.dev\/es\/wp-json\/wp\/v2\/users\/5"}],"replies":[{"embeddable":true,"href":"https:\/\/focus.s.nomatter.dev\/es\/wp-json\/wp\/v2\/comments?post=27011"}],"version-history":[{"count":0,"href":"https:\/\/focus.s.nomatter.dev\/es\/wp-json\/wp\/v2\/pages\/27011\/revisions"}],"up":[{"embeddable":true,"href":"https:\/\/focus.s.nomatter.dev\/es\/wp-json\/wp\/v2\/pages\/177"}],"wp:featuredmedia":[{"embeddable":true,"href":"https:\/\/focus.s.nomatter.dev\/es\/wp-json\/wp\/v2\/media\/45257"}],"wp:attachment":[{"href":"https:\/\/focus.s.nomatter.dev\/es\/wp-json\/wp\/v2\/media?parent=27011"}],"curies":[{"name":"wp","href":"https:\/\/api.w.org\/{rel}","templated":true}]}}