{"id":46532,"date":"2023-06-28T15:27:30","date_gmt":"2023-06-28T15:27:30","guid":{"rendered":"https:\/\/focus.s.nomatter.dev\/?page_id=46532"},"modified":"2023-07-06T22:11:46","modified_gmt":"2023-07-06T22:11:46","slug":"telecomunicaciones","status":"publish","type":"page","link":"https:\/\/focus.s.nomatter.dev\/es\/telecomunicaciones\/","title":{"rendered":"Telecomunicaciones"},"content":{"rendered":"<p>Durante varios a\u00f1os, los expertos del sector de las telecomunicaciones han informado de que la industria est\u00e1 alcanzando un punto de inflexi\u00f3n. La monetizaci\u00f3n en gran medida infructuosa de los datos, la fusi\u00f3n de mercados, la migraci\u00f3n de valor, la disrupci\u00f3n tecnol\u00f3gica y la r\u00e1pida evoluci\u00f3n de los modelos de negocio son s\u00f3lo algunos de los problemas a los que se han enfrentado las empresas de telecomunicaciones mundiales en los \u00faltimos a\u00f1os.<\/p>\n<p>La disrupci\u00f3n tecnol\u00f3gica ha cambiado especialmente las reglas del juego del sector de las telecomunicaciones, ya que la competencia ha surgido de los servicios de voz, mensajer\u00eda y streaming de v\u00eddeo over-the-top, que han acercado al sector al punto de inflexi\u00f3n antes mencionado. En consecuencia, las empresas de telecomunicaciones buscan cada vez m\u00e1s aumentar su cuota de mercado y entrar en nuevos mercados, en gran medida a trav\u00e9s de fusiones y adquisiciones.<\/p>\n<p>Por lo tanto, los ejecutivos de las telecomunicaciones deben comprender las tendencias econ\u00f3micas y demogr\u00e1ficas que configurar\u00e1n el futuro de la demanda y el gasto de los consumidores en los mercados en los que operan y en los que planean expandirse. As\u00ed pues, una cobertura exhaustiva de la econom\u00eda mundial es imprescindible para el futuro del sector de las telecomunicaciones.<\/p>\n<p>FocusEconomics ayuda a las empresas de telecomunicaciones ofreci\u00e9ndoles previsiones para 127 pa\u00edses de todo el mundo, incluidos los mercados emergentes de Am\u00e9rica Latina, Asia y el \u00c1frica subsahariana, de los que se informa muy poco. Adem\u00e1s, nuestros datos proceden de m\u00e1s de 900 expertos econ\u00f3micos de renombre mundial, que utilizamos para calcular el FocusEconomics Consensus Forecast, la previsi\u00f3n m\u00e1s precisa del mercado.<\/p>\n<p>Los informes de FocusEconomics pueden ayudar a los profesionales del sector de las telecomunicaciones a anticiparse a las amenazas, ahorrar tiempo y, lo que es m\u00e1s importante, reducir riesgos, con el fin de tomar decisiones empresariales acertadas.<\/p>\n","protected":false},"excerpt":{"rendered":"<p>Durante varios a\u00f1os, los expertos del sector de las telecomunicaciones han informado de que la industria est\u00e1 alcanzando un punto de inflexi\u00f3n. La monetizaci\u00f3n en gran medida infructuosa de los datos, la fusi\u00f3n de mercados, la migraci\u00f3n de valor, la disrupci\u00f3n tecnol\u00f3gica y la r\u00e1pida evoluci\u00f3n de los modelos de negocio son s\u00f3lo algunos de<\/p>\n","protected":false},"author":5,"featured_media":0,"parent":0,"menu_order":0,"comment_status":"closed","ping_status":"closed","template":"template-flexible-content.blade.php","meta":{"_acf_changed":false,"editor_notices":[],"footnotes":""},"class_list":["post-46532","page","type-page","status-publish","hentry"],"acf":[],"yoast_head":"<!-- This site is optimized with the Yoast SEO Premium plugin v26.9 (Yoast SEO v26.9) - https:\/\/yoast.com\/product\/yoast-seo-premium-wordpress\/ -->\n<title>Telecomunicaciones - FocusEconomics [ES]<\/title>\n<meta name=\"robots\" content=\"noindex, follow, max-snippet:-1, max-image-preview:large, max-video-preview:-1\" \/>\n<meta property=\"og:locale\" content=\"es_ES\" class=\"yoast-seo-meta-tag\" \/>\n<meta property=\"og:type\" content=\"article\" class=\"yoast-seo-meta-tag\" \/>\n<meta property=\"og:title\" content=\"Telecomunicaciones\" class=\"yoast-seo-meta-tag\" \/>\n<meta property=\"og:description\" content=\"Durante varios a\u00f1os, los expertos del sector de las telecomunicaciones han informado de que la industria est\u00e1 alcanzando un punto de inflexi\u00f3n. La monetizaci\u00f3n en gran medida infructuosa de los datos, la fusi\u00f3n de mercados, la migraci\u00f3n de valor, la disrupci\u00f3n tecnol\u00f3gica y la r\u00e1pida evoluci\u00f3n de los modelos de negocio son s\u00f3lo algunos de\" class=\"yoast-seo-meta-tag\" \/>\n<meta property=\"og:url\" content=\"https:\/\/focus.s.nomatter.dev\/es\/telecomunicaciones\/\" class=\"yoast-seo-meta-tag\" \/>\n<meta property=\"og:site_name\" content=\"FocusEconomics [ES]\" class=\"yoast-seo-meta-tag\" \/>\n<meta property=\"article:publisher\" content=\"https:\/\/www.facebook.com\/FocusEconomics\" class=\"yoast-seo-meta-tag\" \/>\n<meta property=\"article:modified_time\" content=\"2023-07-06T22:11:46+00:00\" class=\"yoast-seo-meta-tag\" \/>\n<meta name=\"twitter:card\" content=\"summary_large_image\" class=\"yoast-seo-meta-tag\" \/>\n<meta name=\"twitter:site\" content=\"@FocusEconomics\" class=\"yoast-seo-meta-tag\" \/>\n<meta name=\"twitter:label1\" content=\"Tiempo de lectura\" class=\"yoast-seo-meta-tag\" \/>\n\t<meta name=\"twitter:data1\" content=\"1 minuto\" class=\"yoast-seo-meta-tag\" \/>\n<script type=\"application\/ld+json\" class=\"yoast-schema-graph\">{\"@context\":\"https:\/\/schema.org\",\"@graph\":[{\"@type\":\"WebPage\",\"@id\":\"https:\/\/focus.s.nomatter.dev\/es\/telecomunicaciones\/\",\"url\":\"https:\/\/focus.s.nomatter.dev\/es\/telecomunicaciones\/\",\"name\":\"Telecomunicaciones - FocusEconomics [ES]\",\"isPartOf\":{\"@id\":\"https:\/\/focus.s.nomatter.dev\/es\/#website\"},\"datePublished\":\"2023-06-28T15:27:30+00:00\",\"dateModified\":\"2023-07-06T22:11:46+00:00\",\"breadcrumb\":{\"@id\":\"https:\/\/focus.s.nomatter.dev\/es\/telecomunicaciones\/#breadcrumb\"},\"inLanguage\":\"es\",\"potentialAction\":[{\"@type\":\"ReadAction\",\"target\":[\"https:\/\/focus.s.nomatter.dev\/es\/telecomunicaciones\/\"]}]},{\"@type\":\"BreadcrumbList\",\"@id\":\"https:\/\/focus.s.nomatter.dev\/es\/telecomunicaciones\/#breadcrumb\",\"itemListElement\":[{\"@type\":\"ListItem\",\"position\":1,\"name\":\"Home\",\"item\":\"https:\/\/focus.s.nomatter.dev\/es\/\"},{\"@type\":\"ListItem\",\"position\":2,\"name\":\"Telecomunicaciones\"}]},{\"@type\":\"WebSite\",\"@id\":\"https:\/\/focus.s.nomatter.dev\/es\/#website\",\"url\":\"https:\/\/focus.s.nomatter.dev\/es\/\",\"name\":\"FocusEconomics\",\"description\":\"Economic Indicators, News and Forecasts\",\"publisher\":{\"@id\":\"https:\/\/focus.s.nomatter.dev\/es\/#organization\"},\"potentialAction\":[{\"@type\":\"SearchAction\",\"target\":{\"@type\":\"EntryPoint\",\"urlTemplate\":\"https:\/\/focus.s.nomatter.dev\/es\/search-results\/?global-search={search_term_string}\"},\"query-input\":{\"@type\":\"PropertyValueSpecification\",\"valueRequired\":true,\"valueName\":\"search_term_string\"}}],\"inLanguage\":\"es\"},{\"@type\":\"Organization\",\"@id\":\"https:\/\/focus.s.nomatter.dev\/es\/#organization\",\"name\":\"FocusEconomics\",\"url\":\"https:\/\/focus.s.nomatter.dev\/es\/\",\"logo\":{\"@type\":\"ImageObject\",\"inLanguage\":\"es\",\"@id\":\"https:\/\/focus.s.nomatter.dev\/es\/#\/schema\/logo\/image\/\",\"url\":\"https:\/\/focus-d7op8.kinsta.storage\/production\/uploads\/sites\/5\/2022\/08\/logo.svg\",\"contentUrl\":\"https:\/\/focus-d7op8.kinsta.storage\/production\/uploads\/sites\/5\/2022\/08\/logo.svg\",\"width\":277,\"height\":54,\"caption\":\"FocusEconomics\"},\"image\":{\"@id\":\"https:\/\/focus.s.nomatter.dev\/es\/#\/schema\/logo\/image\/\"},\"sameAs\":[\"https:\/\/www.facebook.com\/FocusEconomics\",\"https:\/\/x.com\/FocusEconomics\"]}]}<\/script>\n<!-- \/ Yoast SEO Premium plugin. -->","yoast_head_json":{"title":"Telecomunicaciones - FocusEconomics [ES]","robots":{"index":"noindex","follow":"follow","max-snippet":"max-snippet:-1","max-image-preview":"max-image-preview:large","max-video-preview":"max-video-preview:-1"},"og_locale":"es_ES","og_type":"article","og_title":"Telecomunicaciones","og_description":"Durante varios a\u00f1os, los expertos del sector de las telecomunicaciones han informado de que la industria est\u00e1 alcanzando un punto de inflexi\u00f3n. La monetizaci\u00f3n en gran medida infructuosa de los datos, la fusi\u00f3n de mercados, la migraci\u00f3n de valor, la disrupci\u00f3n tecnol\u00f3gica y la r\u00e1pida evoluci\u00f3n de los modelos de negocio son s\u00f3lo algunos de","og_url":"https:\/\/focus.s.nomatter.dev\/es\/telecomunicaciones\/","og_site_name":"FocusEconomics [ES]","article_publisher":"https:\/\/www.facebook.com\/FocusEconomics","article_modified_time":"2023-07-06T22:11:46+00:00","twitter_card":"summary_large_image","twitter_site":"@FocusEconomics","twitter_misc":{"Tiempo de lectura":"1 minuto"},"schema":{"@context":"https:\/\/schema.org","@graph":[{"@type":"WebPage","@id":"https:\/\/focus.s.nomatter.dev\/es\/telecomunicaciones\/","url":"https:\/\/focus.s.nomatter.dev\/es\/telecomunicaciones\/","name":"Telecomunicaciones - FocusEconomics [ES]","isPartOf":{"@id":"https:\/\/focus.s.nomatter.dev\/es\/#website"},"datePublished":"2023-06-28T15:27:30+00:00","dateModified":"2023-07-06T22:11:46+00:00","breadcrumb":{"@id":"https:\/\/focus.s.nomatter.dev\/es\/telecomunicaciones\/#breadcrumb"},"inLanguage":"es","potentialAction":[{"@type":"ReadAction","target":["https:\/\/focus.s.nomatter.dev\/es\/telecomunicaciones\/"]}]},{"@type":"BreadcrumbList","@id":"https:\/\/focus.s.nomatter.dev\/es\/telecomunicaciones\/#breadcrumb","itemListElement":[{"@type":"ListItem","position":1,"name":"Home","item":"https:\/\/focus.s.nomatter.dev\/es\/"},{"@type":"ListItem","position":2,"name":"Telecomunicaciones"}]},{"@type":"WebSite","@id":"https:\/\/focus.s.nomatter.dev\/es\/#website","url":"https:\/\/focus.s.nomatter.dev\/es\/","name":"FocusEconomics","description":"Economic Indicators, News and Forecasts","publisher":{"@id":"https:\/\/focus.s.nomatter.dev\/es\/#organization"},"potentialAction":[{"@type":"SearchAction","target":{"@type":"EntryPoint","urlTemplate":"https:\/\/focus.s.nomatter.dev\/es\/search-results\/?global-search={search_term_string}"},"query-input":{"@type":"PropertyValueSpecification","valueRequired":true,"valueName":"search_term_string"}}],"inLanguage":"es"},{"@type":"Organization","@id":"https:\/\/focus.s.nomatter.dev\/es\/#organization","name":"FocusEconomics","url":"https:\/\/focus.s.nomatter.dev\/es\/","logo":{"@type":"ImageObject","inLanguage":"es","@id":"https:\/\/focus.s.nomatter.dev\/es\/#\/schema\/logo\/image\/","url":"https:\/\/focus-d7op8.kinsta.storage\/production\/uploads\/sites\/5\/2022\/08\/logo.svg","contentUrl":"https:\/\/focus-d7op8.kinsta.storage\/production\/uploads\/sites\/5\/2022\/08\/logo.svg","width":277,"height":54,"caption":"FocusEconomics"},"image":{"@id":"https:\/\/focus.s.nomatter.dev\/es\/#\/schema\/logo\/image\/"},"sameAs":["https:\/\/www.facebook.com\/FocusEconomics","https:\/\/x.com\/FocusEconomics"]}]}},"_links":{"self":[{"href":"https:\/\/focus.s.nomatter.dev\/es\/wp-json\/wp\/v2\/pages\/46532","targetHints":{"allow":["GET"]}}],"collection":[{"href":"https:\/\/focus.s.nomatter.dev\/es\/wp-json\/wp\/v2\/pages"}],"about":[{"href":"https:\/\/focus.s.nomatter.dev\/es\/wp-json\/wp\/v2\/types\/page"}],"author":[{"embeddable":true,"href":"https:\/\/focus.s.nomatter.dev\/es\/wp-json\/wp\/v2\/users\/5"}],"replies":[{"embeddable":true,"href":"https:\/\/focus.s.nomatter.dev\/es\/wp-json\/wp\/v2\/comments?post=46532"}],"version-history":[{"count":0,"href":"https:\/\/focus.s.nomatter.dev\/es\/wp-json\/wp\/v2\/pages\/46532\/revisions"}],"wp:attachment":[{"href":"https:\/\/focus.s.nomatter.dev\/es\/wp-json\/wp\/v2\/media?parent=46532"}],"curies":[{"name":"wp","href":"https:\/\/api.w.org\/{rel}","templated":true}]}}