{"id":48905,"date":"2022-12-15T14:27:23","date_gmt":"2022-12-15T14:27:23","guid":{"rendered":"https:\/\/focus.s.nomatter.dev\/?page_id=48905"},"modified":"2023-07-12T15:57:00","modified_gmt":"2023-07-12T15:57:00","slug":"sub-saharan-africa-2023-outlook","status":"publish","type":"page","link":"https:\/\/focus.s.nomatter.dev\/es\/blog\/sub-saharan-africa-2023-outlook\/","title":{"rendered":"\u00c1frica subsahariana: perspectivas para 2023"},"content":{"rendered":"<p>En este informe especial sobre \u00c1frica Subsahariana, nuestros economistas presentan un an\u00e1lisis en profundidad de las perspectivas de crecimiento para 2023 a escala regional y nacional. El informe, que abarca 17 pa\u00edses, tambi\u00e9n ofrece instant\u00e1neas econ\u00f3micas e incluye previsiones de nuestro panel de analistas.<br \/>\n<strong>Los pa\u00edses cubiertos incluyen:<\/strong><\/p>\n<ul>\n<li>Angola<\/li>\n<li>Botsuana<\/li>\n<li>Camer\u00fan<\/li>\n<li>Costa de Marfil<\/li>\n<li>RD Congo<\/li>\n<li>Etiop\u00eda<\/li>\n<li>Ghana<\/li>\n<li>Kenia<\/li>\n<li>Mozambique<\/li>\n<li>Nigeria<\/li>\n<li>Ruanda<\/li>\n<li>Senegal<\/li>\n<li>Sudafrica<\/li>\n<li>Tanzania<\/li>\n<li>Uganda<\/li>\n<li>Zambia<\/li>\n<li>Zimbabue<\/li>\n<\/ul>\n<hr \/>\n<p><em><strong>Acerca de FocusEconomics<\/strong><\/em><\/p>\n<p>FocusEconomics es un proveedor l\u00edder de an\u00e1lisis y previsiones econ\u00f3micas de casi 200 pa\u00edses de \u00c1frica, Asia, Am\u00e9rica, Europa y Oriente Medio, as\u00ed como de previsiones de precios de m\u00e1s de 30 materias primas clave. La empresa cuenta con el apoyo de una amplia red mundial de analistas.<\/p>\n<p>Desde su lanzamiento hace m\u00e1s de 20 a\u00f1os, FocusEconomics se ha labrado una s\u00f3lida reputaci\u00f3n como fuente fiable de inteligencia empresarial oportuna y precisa entre clientes de diversos sectores, incluidas las principales instituciones financieras del mundo, empresas multinacionales y organismos gubernamentales.<\/p>\n<p>Si desea saber m\u00e1s sobre FocusEconomics y qu\u00e9 hace que Consensus Forecast sea tan valioso, visite nuestra p\u00e1gina Qui\u00e9nes somos.<\/p>\n<p><em><strong>\u00bfPor qu\u00e9 le pedimos sus datos personales?<\/strong><\/em><\/p>\n<p>Toda la informaci\u00f3n que nos proporcione ser\u00e1 privada. Nunca facilitaremos sus datos personales a terceros ni le enviaremos spam. Se lo prometemos.<\/p>\n<p>Es posible que un miembro de nuestro equipo se ponga en contacto con usted en el futuro para ver qu\u00e9 le ha parecido el informe y conocer su opini\u00f3n.<\/p>\n","protected":false},"excerpt":{"rendered":"<p>En este informe especial sobre \u00c1frica Subsahariana, nuestros economistas presentan un an\u00e1lisis en profundidad de las perspectivas de crecimiento para 2023 a escala regional y nacional. El informe, que abarca 17 pa\u00edses, tambi\u00e9n ofrece instant\u00e1neas econ\u00f3micas e incluye previsiones de nuestro panel de analistas. Los pa\u00edses cubiertos incluyen: Angola Botsuana Camer\u00fan Costa de Marfil RD<\/p>\n","protected":false},"author":7,"featured_media":48906,"parent":177,"menu_order":0,"comment_status":"closed","ping_status":"closed","template":"template-simple.blade.php","meta":{"_acf_changed":false,"editor_notices":[],"footnotes":""},"class_list":["post-48905","page","type-page","status-publish","has-post-thumbnail","hentry"],"acf":[],"yoast_head":"<!-- This site is optimized with the Yoast SEO Premium plugin v26.9 (Yoast SEO v26.9) - https:\/\/yoast.com\/product\/yoast-seo-premium-wordpress\/ -->\n<title>\u00c1frica subsahariana: perspectivas para 2023 - FocusEconomics [ES]<\/title>\n<meta name=\"robots\" content=\"noindex, nofollow\" \/>\n<meta property=\"og:locale\" content=\"es_ES\" class=\"yoast-seo-meta-tag\" \/>\n<meta property=\"og:type\" content=\"article\" class=\"yoast-seo-meta-tag\" \/>\n<meta property=\"og:title\" content=\"\u00c1frica subsahariana: perspectivas para 2023\" class=\"yoast-seo-meta-tag\" \/>\n<meta property=\"og:description\" content=\"En este informe especial sobre \u00c1frica Subsahariana, nuestros economistas presentan un an\u00e1lisis en profundidad de las perspectivas de crecimiento para 2023 a escala regional y nacional. El informe, que abarca 17 pa\u00edses, tambi\u00e9n ofrece instant\u00e1neas econ\u00f3micas e incluye previsiones de nuestro panel de analistas. Los pa\u00edses cubiertos incluyen: Angola Botsuana Camer\u00fan Costa de Marfil RD\" class=\"yoast-seo-meta-tag\" \/>\n<meta property=\"og:url\" content=\"https:\/\/focus.s.nomatter.dev\/es\/blog\/sub-saharan-africa-2023-outlook\/\" class=\"yoast-seo-meta-tag\" \/>\n<meta property=\"og:site_name\" content=\"FocusEconomics [ES]\" class=\"yoast-seo-meta-tag\" \/>\n<meta property=\"article:publisher\" content=\"https:\/\/www.facebook.com\/FocusEconomics\" class=\"yoast-seo-meta-tag\" \/>\n<meta property=\"article:modified_time\" content=\"2023-07-12T15:57:00+00:00\" class=\"yoast-seo-meta-tag\" \/>\n<meta property=\"og:image\" content=\"https:\/\/focus.nm-img.net\/uploads\/sites\/5\/2022\/12\/james-wiseman-IebZAH6kaNw-unsplash-scaled.jpg\" class=\"yoast-seo-meta-tag\" \/>\n\t<meta property=\"og:image:width\" content=\"2560\" class=\"yoast-seo-meta-tag\" \/>\n\t<meta property=\"og:image:height\" content=\"1707\" class=\"yoast-seo-meta-tag\" \/>\n\t<meta property=\"og:image:type\" content=\"image\/jpeg\" class=\"yoast-seo-meta-tag\" \/>\n<meta name=\"twitter:card\" content=\"summary_large_image\" class=\"yoast-seo-meta-tag\" \/>\n<meta name=\"twitter:site\" content=\"@FocusEconomics\" class=\"yoast-seo-meta-tag\" \/>\n<meta name=\"twitter:label1\" content=\"Tiempo de lectura\" class=\"yoast-seo-meta-tag\" \/>\n\t<meta name=\"twitter:data1\" content=\"2 minutos\" class=\"yoast-seo-meta-tag\" \/>\n<script type=\"application\/ld+json\" class=\"yoast-schema-graph\">{\"@context\":\"https:\/\/schema.org\",\"@graph\":[{\"@type\":\"WebPage\",\"@id\":\"https:\/\/focus.s.nomatter.dev\/es\/blog\/sub-saharan-africa-2023-outlook\/\",\"url\":\"https:\/\/focus.s.nomatter.dev\/es\/blog\/sub-saharan-africa-2023-outlook\/\",\"name\":\"\u00c1frica subsahariana: perspectivas para 2023 - FocusEconomics [ES]\",\"isPartOf\":{\"@id\":\"https:\/\/focus.s.nomatter.dev\/es\/#website\"},\"primaryImageOfPage\":{\"@id\":\"https:\/\/focus.s.nomatter.dev\/es\/blog\/sub-saharan-africa-2023-outlook\/#primaryimage\"},\"image\":{\"@id\":\"https:\/\/focus.s.nomatter.dev\/es\/blog\/sub-saharan-africa-2023-outlook\/#primaryimage\"},\"thumbnailUrl\":\"https:\/\/focus-stg.nm-img.net\/uploads\/sites\/5\/2022\/12\/james-wiseman-IebZAH6kaNw-unsplash-scaled.jpg\",\"datePublished\":\"2022-12-15T14:27:23+00:00\",\"dateModified\":\"2023-07-12T15:57:00+00:00\",\"breadcrumb\":{\"@id\":\"https:\/\/focus.s.nomatter.dev\/es\/blog\/sub-saharan-africa-2023-outlook\/#breadcrumb\"},\"inLanguage\":\"es\",\"potentialAction\":[{\"@type\":\"ReadAction\",\"target\":[\"https:\/\/focus.s.nomatter.dev\/es\/blog\/sub-saharan-africa-2023-outlook\/\"]}]},{\"@type\":\"ImageObject\",\"inLanguage\":\"es\",\"@id\":\"https:\/\/focus.s.nomatter.dev\/es\/blog\/sub-saharan-africa-2023-outlook\/#primaryimage\",\"url\":\"https:\/\/focus-stg.nm-img.net\/uploads\/sites\/5\/2022\/12\/james-wiseman-IebZAH6kaNw-unsplash-scaled.jpg\",\"contentUrl\":\"https:\/\/focus-stg.nm-img.net\/uploads\/sites\/5\/2022\/12\/james-wiseman-IebZAH6kaNw-unsplash-scaled.jpg\",\"width\":2560,\"height\":1707},{\"@type\":\"BreadcrumbList\",\"@id\":\"https:\/\/focus.s.nomatter.dev\/es\/blog\/sub-saharan-africa-2023-outlook\/#breadcrumb\",\"itemListElement\":[{\"@type\":\"ListItem\",\"position\":1,\"name\":\"Home\",\"item\":\"https:\/\/focus.s.nomatter.dev\/es\/\"},{\"@type\":\"ListItem\",\"position\":2,\"name\":\"An\u00e1lisis\",\"item\":\"https:\/\/focus.s.nomatter.dev\/es\/blog\/\"},{\"@type\":\"ListItem\",\"position\":3,\"name\":\"\u00c1frica subsahariana: perspectivas para 2023\"}]},{\"@type\":\"WebSite\",\"@id\":\"https:\/\/focus.s.nomatter.dev\/es\/#website\",\"url\":\"https:\/\/focus.s.nomatter.dev\/es\/\",\"name\":\"FocusEconomics\",\"description\":\"Economic Indicators, News and Forecasts\",\"publisher\":{\"@id\":\"https:\/\/focus.s.nomatter.dev\/es\/#organization\"},\"potentialAction\":[{\"@type\":\"SearchAction\",\"target\":{\"@type\":\"EntryPoint\",\"urlTemplate\":\"https:\/\/focus.s.nomatter.dev\/es\/search-results\/?global-search={search_term_string}\"},\"query-input\":{\"@type\":\"PropertyValueSpecification\",\"valueRequired\":true,\"valueName\":\"search_term_string\"}}],\"inLanguage\":\"es\"},{\"@type\":\"Organization\",\"@id\":\"https:\/\/focus.s.nomatter.dev\/es\/#organization\",\"name\":\"FocusEconomics\",\"url\":\"https:\/\/focus.s.nomatter.dev\/es\/\",\"logo\":{\"@type\":\"ImageObject\",\"inLanguage\":\"es\",\"@id\":\"https:\/\/focus.s.nomatter.dev\/es\/#\/schema\/logo\/image\/\",\"url\":\"https:\/\/focus-d7op8.kinsta.storage\/production\/uploads\/sites\/5\/2022\/08\/logo.svg\",\"contentUrl\":\"https:\/\/focus-d7op8.kinsta.storage\/production\/uploads\/sites\/5\/2022\/08\/logo.svg\",\"width\":277,\"height\":54,\"caption\":\"FocusEconomics\"},\"image\":{\"@id\":\"https:\/\/focus.s.nomatter.dev\/es\/#\/schema\/logo\/image\/\"},\"sameAs\":[\"https:\/\/www.facebook.com\/FocusEconomics\",\"https:\/\/x.com\/FocusEconomics\"]}]}<\/script>\n<!-- \/ Yoast SEO Premium plugin. -->","yoast_head_json":{"title":"\u00c1frica subsahariana: perspectivas para 2023 - FocusEconomics [ES]","robots":{"index":"noindex","follow":"nofollow"},"og_locale":"es_ES","og_type":"article","og_title":"\u00c1frica subsahariana: perspectivas para 2023","og_description":"En este informe especial sobre \u00c1frica Subsahariana, nuestros economistas presentan un an\u00e1lisis en profundidad de las perspectivas de crecimiento para 2023 a escala regional y nacional. El informe, que abarca 17 pa\u00edses, tambi\u00e9n ofrece instant\u00e1neas econ\u00f3micas e incluye previsiones de nuestro panel de analistas. Los pa\u00edses cubiertos incluyen: Angola Botsuana Camer\u00fan Costa de Marfil RD","og_url":"https:\/\/focus.s.nomatter.dev\/es\/blog\/sub-saharan-africa-2023-outlook\/","og_site_name":"FocusEconomics [ES]","article_publisher":"https:\/\/www.facebook.com\/FocusEconomics","article_modified_time":"2023-07-12T15:57:00+00:00","og_image":[{"width":2560,"height":1707,"url":"https:\/\/focus.nm-img.net\/uploads\/sites\/5\/2022\/12\/james-wiseman-IebZAH6kaNw-unsplash-scaled.jpg","type":"image\/jpeg"}],"twitter_card":"summary_large_image","twitter_site":"@FocusEconomics","twitter_misc":{"Tiempo de lectura":"2 minutos"},"schema":{"@context":"https:\/\/schema.org","@graph":[{"@type":"WebPage","@id":"https:\/\/focus.s.nomatter.dev\/es\/blog\/sub-saharan-africa-2023-outlook\/","url":"https:\/\/focus.s.nomatter.dev\/es\/blog\/sub-saharan-africa-2023-outlook\/","name":"\u00c1frica subsahariana: perspectivas para 2023 - FocusEconomics [ES]","isPartOf":{"@id":"https:\/\/focus.s.nomatter.dev\/es\/#website"},"primaryImageOfPage":{"@id":"https:\/\/focus.s.nomatter.dev\/es\/blog\/sub-saharan-africa-2023-outlook\/#primaryimage"},"image":{"@id":"https:\/\/focus.s.nomatter.dev\/es\/blog\/sub-saharan-africa-2023-outlook\/#primaryimage"},"thumbnailUrl":"https:\/\/focus-stg.nm-img.net\/uploads\/sites\/5\/2022\/12\/james-wiseman-IebZAH6kaNw-unsplash-scaled.jpg","datePublished":"2022-12-15T14:27:23+00:00","dateModified":"2023-07-12T15:57:00+00:00","breadcrumb":{"@id":"https:\/\/focus.s.nomatter.dev\/es\/blog\/sub-saharan-africa-2023-outlook\/#breadcrumb"},"inLanguage":"es","potentialAction":[{"@type":"ReadAction","target":["https:\/\/focus.s.nomatter.dev\/es\/blog\/sub-saharan-africa-2023-outlook\/"]}]},{"@type":"ImageObject","inLanguage":"es","@id":"https:\/\/focus.s.nomatter.dev\/es\/blog\/sub-saharan-africa-2023-outlook\/#primaryimage","url":"https:\/\/focus-stg.nm-img.net\/uploads\/sites\/5\/2022\/12\/james-wiseman-IebZAH6kaNw-unsplash-scaled.jpg","contentUrl":"https:\/\/focus-stg.nm-img.net\/uploads\/sites\/5\/2022\/12\/james-wiseman-IebZAH6kaNw-unsplash-scaled.jpg","width":2560,"height":1707},{"@type":"BreadcrumbList","@id":"https:\/\/focus.s.nomatter.dev\/es\/blog\/sub-saharan-africa-2023-outlook\/#breadcrumb","itemListElement":[{"@type":"ListItem","position":1,"name":"Home","item":"https:\/\/focus.s.nomatter.dev\/es\/"},{"@type":"ListItem","position":2,"name":"An\u00e1lisis","item":"https:\/\/focus.s.nomatter.dev\/es\/blog\/"},{"@type":"ListItem","position":3,"name":"\u00c1frica subsahariana: perspectivas para 2023"}]},{"@type":"WebSite","@id":"https:\/\/focus.s.nomatter.dev\/es\/#website","url":"https:\/\/focus.s.nomatter.dev\/es\/","name":"FocusEconomics","description":"Economic Indicators, News and Forecasts","publisher":{"@id":"https:\/\/focus.s.nomatter.dev\/es\/#organization"},"potentialAction":[{"@type":"SearchAction","target":{"@type":"EntryPoint","urlTemplate":"https:\/\/focus.s.nomatter.dev\/es\/search-results\/?global-search={search_term_string}"},"query-input":{"@type":"PropertyValueSpecification","valueRequired":true,"valueName":"search_term_string"}}],"inLanguage":"es"},{"@type":"Organization","@id":"https:\/\/focus.s.nomatter.dev\/es\/#organization","name":"FocusEconomics","url":"https:\/\/focus.s.nomatter.dev\/es\/","logo":{"@type":"ImageObject","inLanguage":"es","@id":"https:\/\/focus.s.nomatter.dev\/es\/#\/schema\/logo\/image\/","url":"https:\/\/focus-d7op8.kinsta.storage\/production\/uploads\/sites\/5\/2022\/08\/logo.svg","contentUrl":"https:\/\/focus-d7op8.kinsta.storage\/production\/uploads\/sites\/5\/2022\/08\/logo.svg","width":277,"height":54,"caption":"FocusEconomics"},"image":{"@id":"https:\/\/focus.s.nomatter.dev\/es\/#\/schema\/logo\/image\/"},"sameAs":["https:\/\/www.facebook.com\/FocusEconomics","https:\/\/x.com\/FocusEconomics"]}]}},"_links":{"self":[{"href":"https:\/\/focus.s.nomatter.dev\/es\/wp-json\/wp\/v2\/pages\/48905","targetHints":{"allow":["GET"]}}],"collection":[{"href":"https:\/\/focus.s.nomatter.dev\/es\/wp-json\/wp\/v2\/pages"}],"about":[{"href":"https:\/\/focus.s.nomatter.dev\/es\/wp-json\/wp\/v2\/types\/page"}],"author":[{"embeddable":true,"href":"https:\/\/focus.s.nomatter.dev\/es\/wp-json\/wp\/v2\/users\/7"}],"replies":[{"embeddable":true,"href":"https:\/\/focus.s.nomatter.dev\/es\/wp-json\/wp\/v2\/comments?post=48905"}],"version-history":[{"count":0,"href":"https:\/\/focus.s.nomatter.dev\/es\/wp-json\/wp\/v2\/pages\/48905\/revisions"}],"up":[{"embeddable":true,"href":"https:\/\/focus.s.nomatter.dev\/es\/wp-json\/wp\/v2\/pages\/177"}],"wp:featuredmedia":[{"embeddable":true,"href":"https:\/\/focus.s.nomatter.dev\/es\/wp-json\/wp\/v2\/media\/48906"}],"wp:attachment":[{"href":"https:\/\/focus.s.nomatter.dev\/es\/wp-json\/wp\/v2\/media?parent=48905"}],"curies":[{"name":"wp","href":"https:\/\/api.w.org\/{rel}","templated":true}]}}