{"id":48957,"date":"2025-11-25T08:54:11","date_gmt":"2025-11-25T08:54:11","guid":{"rendered":"https:\/\/focus.s.nomatter.dev\/blog\/sub-saharan-africa-2023-outlook-copy"},"modified":"2025-11-25T09:08:24","modified_gmt":"2025-11-25T09:08:24","slug":"mercados-emergentes-2026","status":"publish","type":"page","link":"https:\/\/focus.s.nomatter.dev\/es\/blog\/mercados-emergentes-2026\/","title":{"rendered":"Informe especial: Mercados emergentes 2026"},"content":{"rendered":"<p>\u00a1Tu gu\u00eda esencial sobre el panorama de los mercados emergentes para el pr\u00f3ximo a\u00f1o!<\/p>\n<p>Accede a informaci\u00f3n concisa y oportuna sobre las econom\u00edas emergentes del mundo con el informe Emerging Markets 2026 Outlook de FocusEconomics. Descubre c\u00f3mo se comportar\u00e1n Asia-Pac\u00edfico, Latinoam\u00e9rica, \u00c1frica subsahariana, Oriente Medio y Norte de \u00c1frica, y Europa del Este y Asia Central en 2026. Desde la aceleraci\u00f3n del crecimiento en \u00c1frica hasta la desaceleraci\u00f3n de las exportaciones asi\u00e1ticas y el aumento de la producci\u00f3n de petr\u00f3leo en Oriente Medio, el informe desglosa las fuerzas que est\u00e1n remodelando los mercados mundiales.<\/p>\n<p><strong>Qu\u00e9 incluye:<\/strong><\/p>\n<p>\u2022\u2002Perspectivas econ\u00f3micas por regiones<\/p>\n<p>\u2022\u2002Previsiones de crecimiento del PIB para 2026<\/p>\n<p>\u2022\u2002Acontecimientos pol\u00edticos clave a tener en cuenta<\/p>\n<p>\u2022\u2002Principales riesgos y oportunidades del mercado<\/p>\n<p>\u2022\u2002Gr\u00e1ficos y datos visuales que abarcan el comercio, la inflaci\u00f3n, las materias primas y mucho m\u00e1sObtenga ahora el informe completo y mant\u00e9ngase a la vanguardia de la evoluci\u00f3n del mercado mundial<\/p>\n<p><strong>\u00bfPor qu\u00e9 elegir FocusEconomics?<\/strong><\/p>\n<ul>\n<li>Previsiones consensuadas: basadas en las proyecciones de m\u00e1s de 1200 analistas l\u00edderes de todo el mundo.<\/li>\n<li>Cobertura inigualable: datos y previsiones para 198 pa\u00edses y 40 materias primas clave.<\/li>\n<li>Actualizaciones diarias: no espere al pr\u00f3ximo informe; obtenga las \u00faltimas previsiones cada d\u00eda.<\/li>\n<li>La confianza de los l\u00edderes mundiales: entre nuestros clientes se encuentran el FMI, el Banco Mundial y empresas de la lista Fortune 500.<\/li>\n<\/ul>\n<p>&nbsp;<\/p>\n","protected":false},"excerpt":{"rendered":"<p>\u00a1Tu gu\u00eda esencial sobre el panorama de los mercados emergentes para el pr\u00f3ximo a\u00f1o! Accede a informaci\u00f3n concisa y oportuna sobre las econom\u00edas emergentes del mundo con el informe Emerging Markets 2026 Outlook de FocusEconomics. Descubre c\u00f3mo se comportar\u00e1n Asia-Pac\u00edfico, Latinoam\u00e9rica, \u00c1frica subsahariana, Oriente Medio y Norte de \u00c1frica, y Europa del Este y Asia<\/p>\n","protected":false},"author":7,"featured_media":153863,"parent":177,"menu_order":0,"comment_status":"closed","ping_status":"closed","template":"template-simple.blade.php","meta":{"_acf_changed":false,"editor_notices":[],"footnotes":""},"class_list":["post-48957","page","type-page","status-publish","has-post-thumbnail","hentry"],"acf":[],"yoast_head":"<!-- This site is optimized with the Yoast SEO Premium plugin v26.9 (Yoast SEO v26.9) - https:\/\/yoast.com\/product\/yoast-seo-premium-wordpress\/ -->\n<title>Informe especial: Mercados emergentes 2026 - FocusEconomics [ES]<\/title>\n<meta name=\"description\" content=\"Accede a informaci\u00f3n concisa y oportuna sobre las econom\u00edas emergentes del mundo con el informe Emerging Markets 2026 Outlook de FocusEconomics. Descubre c\u00f3mo se comportar\u00e1n Asia-Pac\u00edfico, Latinoam\u00e9rica, \u00c1frica subsahariana, Oriente Medio y Norte de \u00c1frica, y Europa del Este y Asia Central en 2026. Desde la aceleraci\u00f3n del crecimiento en \u00c1frica hasta la desaceleraci\u00f3n de las exportaciones asi\u00e1ticas y el aumento de la producci\u00f3n de petr\u00f3leo en Oriente Medio, el informe desglosa las fuerzas que est\u00e1n remodelando los mercados mundiales.\" class=\"yoast-seo-meta-tag\" \/>\n<meta name=\"robots\" content=\"noindex, nofollow\" \/>\n<meta property=\"og:locale\" content=\"es_ES\" class=\"yoast-seo-meta-tag\" \/>\n<meta property=\"og:type\" content=\"article\" class=\"yoast-seo-meta-tag\" \/>\n<meta property=\"og:title\" content=\"Informe especial: Mercados emergentes 2026\" class=\"yoast-seo-meta-tag\" \/>\n<meta property=\"og:description\" content=\"Accede a informaci\u00f3n concisa y oportuna sobre las econom\u00edas emergentes del mundo con el informe Emerging Markets 2026 Outlook de FocusEconomics. Descubre c\u00f3mo se comportar\u00e1n Asia-Pac\u00edfico, Latinoam\u00e9rica, \u00c1frica subsahariana, Oriente Medio y Norte de \u00c1frica, y Europa del Este y Asia Central en 2026. Desde la aceleraci\u00f3n del crecimiento en \u00c1frica hasta la desaceleraci\u00f3n de las exportaciones asi\u00e1ticas y el aumento de la producci\u00f3n de petr\u00f3leo en Oriente Medio, el informe desglosa las fuerzas que est\u00e1n remodelando los mercados mundiales.\" class=\"yoast-seo-meta-tag\" \/>\n<meta property=\"og:url\" content=\"https:\/\/focus.s.nomatter.dev\/es\/blog\/mercados-emergentes-2026\/\" class=\"yoast-seo-meta-tag\" \/>\n<meta property=\"og:site_name\" content=\"FocusEconomics [ES]\" class=\"yoast-seo-meta-tag\" \/>\n<meta property=\"article:publisher\" content=\"https:\/\/www.facebook.com\/FocusEconomics\" class=\"yoast-seo-meta-tag\" \/>\n<meta property=\"article:modified_time\" content=\"2025-11-25T09:08:24+00:00\" class=\"yoast-seo-meta-tag\" \/>\n<meta property=\"og:image\" content=\"https:\/\/focus-d7op8.kinsta.storage\/production\/uploads\/sites\/5\/2024\/10\/global-gdp.jpg\" class=\"yoast-seo-meta-tag\" \/>\n\t<meta property=\"og:image:width\" content=\"2000\" class=\"yoast-seo-meta-tag\" \/>\n\t<meta property=\"og:image:height\" content=\"1333\" class=\"yoast-seo-meta-tag\" \/>\n\t<meta property=\"og:image:type\" content=\"image\/jpeg\" class=\"yoast-seo-meta-tag\" \/>\n<meta name=\"twitter:card\" content=\"summary_large_image\" class=\"yoast-seo-meta-tag\" \/>\n<meta name=\"twitter:site\" content=\"@FocusEconomics\" class=\"yoast-seo-meta-tag\" \/>\n<meta name=\"twitter:label1\" content=\"Tiempo de lectura\" class=\"yoast-seo-meta-tag\" \/>\n\t<meta name=\"twitter:data1\" content=\"2 minutos\" class=\"yoast-seo-meta-tag\" \/>\n<script type=\"application\/ld+json\" class=\"yoast-schema-graph\">{\"@context\":\"https:\/\/schema.org\",\"@graph\":[{\"@type\":\"WebPage\",\"@id\":\"https:\/\/focus.s.nomatter.dev\/es\/blog\/mercados-emergentes-2026\/\",\"url\":\"https:\/\/focus.s.nomatter.dev\/es\/blog\/mercados-emergentes-2026\/\",\"name\":\"Informe especial: Mercados emergentes 2026 - FocusEconomics [ES]\",\"isPartOf\":{\"@id\":\"https:\/\/focus.s.nomatter.dev\/es\/#website\"},\"primaryImageOfPage\":{\"@id\":\"https:\/\/focus.s.nomatter.dev\/es\/blog\/mercados-emergentes-2026\/#primaryimage\"},\"image\":{\"@id\":\"https:\/\/focus.s.nomatter.dev\/es\/blog\/mercados-emergentes-2026\/#primaryimage\"},\"thumbnailUrl\":\"https:\/\/focus-stg.nm-img.net\/uploads\/sites\/5\/2024\/10\/global-gdp.jpg\",\"datePublished\":\"2025-11-25T08:54:11+00:00\",\"dateModified\":\"2025-11-25T09:08:24+00:00\",\"description\":\"Accede a informaci\u00f3n concisa y oportuna sobre las econom\u00edas emergentes del mundo con el informe Emerging Markets 2026 Outlook de FocusEconomics. Descubre c\u00f3mo se comportar\u00e1n Asia-Pac\u00edfico, Latinoam\u00e9rica, \u00c1frica subsahariana, Oriente Medio y Norte de \u00c1frica, y Europa del Este y Asia Central en 2026. Desde la aceleraci\u00f3n del crecimiento en \u00c1frica hasta la desaceleraci\u00f3n de las exportaciones asi\u00e1ticas y el aumento de la producci\u00f3n de petr\u00f3leo en Oriente Medio, el informe desglosa las fuerzas que est\u00e1n remodelando los mercados mundiales.\",\"breadcrumb\":{\"@id\":\"https:\/\/focus.s.nomatter.dev\/es\/blog\/mercados-emergentes-2026\/#breadcrumb\"},\"inLanguage\":\"es\",\"potentialAction\":[{\"@type\":\"ReadAction\",\"target\":[\"https:\/\/focus.s.nomatter.dev\/es\/blog\/mercados-emergentes-2026\/\"]}]},{\"@type\":\"ImageObject\",\"inLanguage\":\"es\",\"@id\":\"https:\/\/focus.s.nomatter.dev\/es\/blog\/mercados-emergentes-2026\/#primaryimage\",\"url\":\"https:\/\/focus-stg.nm-img.net\/uploads\/sites\/5\/2024\/10\/global-gdp.jpg\",\"contentUrl\":\"https:\/\/focus-stg.nm-img.net\/uploads\/sites\/5\/2024\/10\/global-gdp.jpg\",\"width\":2000,\"height\":1333},{\"@type\":\"BreadcrumbList\",\"@id\":\"https:\/\/focus.s.nomatter.dev\/es\/blog\/mercados-emergentes-2026\/#breadcrumb\",\"itemListElement\":[{\"@type\":\"ListItem\",\"position\":1,\"name\":\"Home\",\"item\":\"https:\/\/focus.s.nomatter.dev\/es\/\"},{\"@type\":\"ListItem\",\"position\":2,\"name\":\"An\u00e1lisis\",\"item\":\"https:\/\/focus.s.nomatter.dev\/es\/blog\/\"},{\"@type\":\"ListItem\",\"position\":3,\"name\":\"Informe especial: Mercados emergentes 2026\"}]},{\"@type\":\"WebSite\",\"@id\":\"https:\/\/focus.s.nomatter.dev\/es\/#website\",\"url\":\"https:\/\/focus.s.nomatter.dev\/es\/\",\"name\":\"FocusEconomics\",\"description\":\"Economic Indicators, News and Forecasts\",\"publisher\":{\"@id\":\"https:\/\/focus.s.nomatter.dev\/es\/#organization\"},\"potentialAction\":[{\"@type\":\"SearchAction\",\"target\":{\"@type\":\"EntryPoint\",\"urlTemplate\":\"https:\/\/focus.s.nomatter.dev\/es\/search-results\/?global-search={search_term_string}\"},\"query-input\":{\"@type\":\"PropertyValueSpecification\",\"valueRequired\":true,\"valueName\":\"search_term_string\"}}],\"inLanguage\":\"es\"},{\"@type\":\"Organization\",\"@id\":\"https:\/\/focus.s.nomatter.dev\/es\/#organization\",\"name\":\"FocusEconomics\",\"url\":\"https:\/\/focus.s.nomatter.dev\/es\/\",\"logo\":{\"@type\":\"ImageObject\",\"inLanguage\":\"es\",\"@id\":\"https:\/\/focus.s.nomatter.dev\/es\/#\/schema\/logo\/image\/\",\"url\":\"https:\/\/focus-d7op8.kinsta.storage\/production\/uploads\/sites\/5\/2022\/08\/logo.svg\",\"contentUrl\":\"https:\/\/focus-d7op8.kinsta.storage\/production\/uploads\/sites\/5\/2022\/08\/logo.svg\",\"width\":277,\"height\":54,\"caption\":\"FocusEconomics\"},\"image\":{\"@id\":\"https:\/\/focus.s.nomatter.dev\/es\/#\/schema\/logo\/image\/\"},\"sameAs\":[\"https:\/\/www.facebook.com\/FocusEconomics\",\"https:\/\/x.com\/FocusEconomics\"]}]}<\/script>\n<!-- \/ Yoast SEO Premium plugin. -->","yoast_head_json":{"title":"Informe especial: Mercados emergentes 2026 - FocusEconomics [ES]","description":"Accede a informaci\u00f3n concisa y oportuna sobre las econom\u00edas emergentes del mundo con el informe Emerging Markets 2026 Outlook de FocusEconomics. Descubre c\u00f3mo se comportar\u00e1n Asia-Pac\u00edfico, Latinoam\u00e9rica, \u00c1frica subsahariana, Oriente Medio y Norte de \u00c1frica, y Europa del Este y Asia Central en 2026. Desde la aceleraci\u00f3n del crecimiento en \u00c1frica hasta la desaceleraci\u00f3n de las exportaciones asi\u00e1ticas y el aumento de la producci\u00f3n de petr\u00f3leo en Oriente Medio, el informe desglosa las fuerzas que est\u00e1n remodelando los mercados mundiales.","robots":{"index":"noindex","follow":"nofollow"},"og_locale":"es_ES","og_type":"article","og_title":"Informe especial: Mercados emergentes 2026","og_description":"Accede a informaci\u00f3n concisa y oportuna sobre las econom\u00edas emergentes del mundo con el informe Emerging Markets 2026 Outlook de FocusEconomics. Descubre c\u00f3mo se comportar\u00e1n Asia-Pac\u00edfico, Latinoam\u00e9rica, \u00c1frica subsahariana, Oriente Medio y Norte de \u00c1frica, y Europa del Este y Asia Central en 2026. Desde la aceleraci\u00f3n del crecimiento en \u00c1frica hasta la desaceleraci\u00f3n de las exportaciones asi\u00e1ticas y el aumento de la producci\u00f3n de petr\u00f3leo en Oriente Medio, el informe desglosa las fuerzas que est\u00e1n remodelando los mercados mundiales.","og_url":"https:\/\/focus.s.nomatter.dev\/es\/blog\/mercados-emergentes-2026\/","og_site_name":"FocusEconomics [ES]","article_publisher":"https:\/\/www.facebook.com\/FocusEconomics","article_modified_time":"2025-11-25T09:08:24+00:00","og_image":[{"width":2000,"height":1333,"url":"https:\/\/focus-d7op8.kinsta.storage\/production\/uploads\/sites\/5\/2024\/10\/global-gdp.jpg","type":"image\/jpeg"}],"twitter_card":"summary_large_image","twitter_site":"@FocusEconomics","twitter_misc":{"Tiempo de lectura":"2 minutos"},"schema":{"@context":"https:\/\/schema.org","@graph":[{"@type":"WebPage","@id":"https:\/\/focus.s.nomatter.dev\/es\/blog\/mercados-emergentes-2026\/","url":"https:\/\/focus.s.nomatter.dev\/es\/blog\/mercados-emergentes-2026\/","name":"Informe especial: Mercados emergentes 2026 - FocusEconomics [ES]","isPartOf":{"@id":"https:\/\/focus.s.nomatter.dev\/es\/#website"},"primaryImageOfPage":{"@id":"https:\/\/focus.s.nomatter.dev\/es\/blog\/mercados-emergentes-2026\/#primaryimage"},"image":{"@id":"https:\/\/focus.s.nomatter.dev\/es\/blog\/mercados-emergentes-2026\/#primaryimage"},"thumbnailUrl":"https:\/\/focus-stg.nm-img.net\/uploads\/sites\/5\/2024\/10\/global-gdp.jpg","datePublished":"2025-11-25T08:54:11+00:00","dateModified":"2025-11-25T09:08:24+00:00","description":"Accede a informaci\u00f3n concisa y oportuna sobre las econom\u00edas emergentes del mundo con el informe Emerging Markets 2026 Outlook de FocusEconomics. Descubre c\u00f3mo se comportar\u00e1n Asia-Pac\u00edfico, Latinoam\u00e9rica, \u00c1frica subsahariana, Oriente Medio y Norte de \u00c1frica, y Europa del Este y Asia Central en 2026. Desde la aceleraci\u00f3n del crecimiento en \u00c1frica hasta la desaceleraci\u00f3n de las exportaciones asi\u00e1ticas y el aumento de la producci\u00f3n de petr\u00f3leo en Oriente Medio, el informe desglosa las fuerzas que est\u00e1n remodelando los mercados mundiales.","breadcrumb":{"@id":"https:\/\/focus.s.nomatter.dev\/es\/blog\/mercados-emergentes-2026\/#breadcrumb"},"inLanguage":"es","potentialAction":[{"@type":"ReadAction","target":["https:\/\/focus.s.nomatter.dev\/es\/blog\/mercados-emergentes-2026\/"]}]},{"@type":"ImageObject","inLanguage":"es","@id":"https:\/\/focus.s.nomatter.dev\/es\/blog\/mercados-emergentes-2026\/#primaryimage","url":"https:\/\/focus-stg.nm-img.net\/uploads\/sites\/5\/2024\/10\/global-gdp.jpg","contentUrl":"https:\/\/focus-stg.nm-img.net\/uploads\/sites\/5\/2024\/10\/global-gdp.jpg","width":2000,"height":1333},{"@type":"BreadcrumbList","@id":"https:\/\/focus.s.nomatter.dev\/es\/blog\/mercados-emergentes-2026\/#breadcrumb","itemListElement":[{"@type":"ListItem","position":1,"name":"Home","item":"https:\/\/focus.s.nomatter.dev\/es\/"},{"@type":"ListItem","position":2,"name":"An\u00e1lisis","item":"https:\/\/focus.s.nomatter.dev\/es\/blog\/"},{"@type":"ListItem","position":3,"name":"Informe especial: Mercados emergentes 2026"}]},{"@type":"WebSite","@id":"https:\/\/focus.s.nomatter.dev\/es\/#website","url":"https:\/\/focus.s.nomatter.dev\/es\/","name":"FocusEconomics","description":"Economic Indicators, News and Forecasts","publisher":{"@id":"https:\/\/focus.s.nomatter.dev\/es\/#organization"},"potentialAction":[{"@type":"SearchAction","target":{"@type":"EntryPoint","urlTemplate":"https:\/\/focus.s.nomatter.dev\/es\/search-results\/?global-search={search_term_string}"},"query-input":{"@type":"PropertyValueSpecification","valueRequired":true,"valueName":"search_term_string"}}],"inLanguage":"es"},{"@type":"Organization","@id":"https:\/\/focus.s.nomatter.dev\/es\/#organization","name":"FocusEconomics","url":"https:\/\/focus.s.nomatter.dev\/es\/","logo":{"@type":"ImageObject","inLanguage":"es","@id":"https:\/\/focus.s.nomatter.dev\/es\/#\/schema\/logo\/image\/","url":"https:\/\/focus-d7op8.kinsta.storage\/production\/uploads\/sites\/5\/2022\/08\/logo.svg","contentUrl":"https:\/\/focus-d7op8.kinsta.storage\/production\/uploads\/sites\/5\/2022\/08\/logo.svg","width":277,"height":54,"caption":"FocusEconomics"},"image":{"@id":"https:\/\/focus.s.nomatter.dev\/es\/#\/schema\/logo\/image\/"},"sameAs":["https:\/\/www.facebook.com\/FocusEconomics","https:\/\/x.com\/FocusEconomics"]}]}},"_links":{"self":[{"href":"https:\/\/focus.s.nomatter.dev\/es\/wp-json\/wp\/v2\/pages\/48957","targetHints":{"allow":["GET"]}}],"collection":[{"href":"https:\/\/focus.s.nomatter.dev\/es\/wp-json\/wp\/v2\/pages"}],"about":[{"href":"https:\/\/focus.s.nomatter.dev\/es\/wp-json\/wp\/v2\/types\/page"}],"author":[{"embeddable":true,"href":"https:\/\/focus.s.nomatter.dev\/es\/wp-json\/wp\/v2\/users\/7"}],"replies":[{"embeddable":true,"href":"https:\/\/focus.s.nomatter.dev\/es\/wp-json\/wp\/v2\/comments?post=48957"}],"version-history":[{"count":4,"href":"https:\/\/focus.s.nomatter.dev\/es\/wp-json\/wp\/v2\/pages\/48957\/revisions"}],"predecessor-version":[{"id":158907,"href":"https:\/\/focus.s.nomatter.dev\/es\/wp-json\/wp\/v2\/pages\/48957\/revisions\/158907"}],"up":[{"embeddable":true,"href":"https:\/\/focus.s.nomatter.dev\/es\/wp-json\/wp\/v2\/pages\/177"}],"wp:featuredmedia":[{"embeddable":true,"href":"https:\/\/focus.s.nomatter.dev\/es\/wp-json\/wp\/v2\/media\/153863"}],"wp:attachment":[{"href":"https:\/\/focus.s.nomatter.dev\/es\/wp-json\/wp\/v2\/media?parent=48957"}],"curies":[{"name":"wp","href":"https:\/\/api.w.org\/{rel}","templated":true}]}}