{"id":51235,"date":"2023-03-07T13:44:50","date_gmt":"2023-03-07T13:44:50","guid":{"rendered":"https:\/\/focus.s.nomatter.dev\/blog\/natural-gas-market-outlook-report-copy"},"modified":"2023-09-08T19:44:55","modified_gmt":"2023-09-08T19:44:55","slug":"implicaciones-economicas-de-la-guerra-de-ucrania","status":"publish","type":"page","link":"https:\/\/focus.s.nomatter.dev\/es\/blog\/implicaciones-economicas-de-la-guerra-de-ucrania\/","title":{"rendered":"Informe especial : Implicaciones econ\u00f3micas de la guerra de Ucrania"},"content":{"rendered":"<p>En este informe especial, examinamos las perspectivas de este a\u00f1o para la guerra de Ucrania. El informe tambi\u00e9n incluye las opiniones de 28 analistas de nuestra red de instituciones l\u00edderes. Tambi\u00e9n analizamos c\u00f3mo ha afectado la guerra al panorama econ\u00f3mico y monetario de Rusia, Ucrania y Bielorrusia, las perspectivas econ\u00f3micas de estos pa\u00edses y los principales riesgos para las perspectivas.<\/p>\n<p><strong>El informe sobre la guerra de Ucrania incluye:<\/strong><\/p>\n<ul>\n<li>Un estudio sobre la trayectoria de la guerra de Ucrania<\/li>\n<li>Previsiones de consenso para las econom\u00edas de Ucrania, Rusia y Bielorrusia<\/li>\n<li>Los principales riesgos para las perspectivas de la guerra y para cada pa\u00eds<\/li>\n<li>Opiniones de nuestros analistas<\/li>\n<\/ul>\n<p><strong>Acerca de FocusEconomics<\/strong><\/p>\n<p><em>FocusEconomics es un proveedor l\u00edder de an\u00e1lisis y previsiones econ\u00f3micas para 198 pa\u00edses de \u00c1frica, Asia, Am\u00e9rica, Europa y Oriente Medio, as\u00ed como de previsiones de precios para m\u00e1s de 30 materias primas clave. La empresa cuenta con el apoyo de una amplia red mundial de analistas.<\/em><\/p>\n<p><em>Desde su lanzamiento hace m\u00e1s de 20 a\u00f1os, FocusEconomics se ha labrado una s\u00f3lida reputaci\u00f3n como fuente fiable de inteligencia empresarial oportuna y precisa entre clientes de diversos sectores, incluidas las principales instituciones financieras, empresas multinacionales y organismos gubernamentales del mundo.<\/em><\/p>\n<p><em>Si desea saber m\u00e1s sobre FocusEconomics y qu\u00e9 hace que Consensus Forecast sea tan valioso, visite nuestra p\u00e1gina <a href=\"https:\/\/focus.s.nomatter.dev\/es\/about-us\/\">Qui\u00e9nes somos<\/a>.<\/em><\/p>\n<p><em>\u00bfPor qu\u00e9 le pedimos sus datos personales?<\/em><\/p>\n<p><em>Toda la informaci\u00f3n que nos proporcione ser\u00e1 privada. Nunca facilitaremos sus datos personales a terceros ni le enviaremos spam. Se lo prometemos.<\/em><\/p>\n","protected":false},"excerpt":{"rendered":"<p>En este informe especial, examinamos las perspectivas de este a\u00f1o para la guerra de Ucrania. El informe tambi\u00e9n incluye las opiniones de 28 analistas de nuestra red de instituciones l\u00edderes. Tambi\u00e9n analizamos c\u00f3mo ha afectado la guerra al panorama econ\u00f3mico y monetario de Rusia, Ucrania y Bielorrusia, las perspectivas econ\u00f3micas de estos pa\u00edses y los<\/p>\n","protected":false},"author":7,"featured_media":51262,"parent":177,"menu_order":0,"comment_status":"closed","ping_status":"closed","template":"template-simple.blade.php","meta":{"_acf_changed":false,"editor_notices":[],"footnotes":""},"class_list":["post-51235","page","type-page","status-publish","has-post-thumbnail","hentry"],"acf":[],"yoast_head":"<!-- This site is optimized with the Yoast SEO Premium plugin v26.9 (Yoast SEO v26.9) - https:\/\/yoast.com\/product\/yoast-seo-premium-wordpress\/ -->\n<title>Ukraine War: Economic Implications | Free Special Report<\/title>\n<meta name=\"description\" content=\"The outlook for the Ukraine War and for the economies involved remains uncertain. How will the economies of the countries involved perform?\" class=\"yoast-seo-meta-tag\" \/>\n<meta name=\"robots\" content=\"noindex, follow, max-snippet:-1, max-image-preview:large, max-video-preview:-1\" \/>\n<meta property=\"og:locale\" content=\"es_ES\" class=\"yoast-seo-meta-tag\" \/>\n<meta property=\"og:type\" content=\"article\" class=\"yoast-seo-meta-tag\" \/>\n<meta property=\"og:title\" content=\"Informe especial : Implicaciones econ\u00f3micas de la guerra de Ucrania\" class=\"yoast-seo-meta-tag\" \/>\n<meta property=\"og:description\" content=\"The outlook for the Ukraine War and for the economies involved remains uncertain. How will the economies of the countries involved perform?\" class=\"yoast-seo-meta-tag\" \/>\n<meta property=\"og:url\" content=\"https:\/\/focus.s.nomatter.dev\/es\/blog\/implicaciones-economicas-de-la-guerra-de-ucrania\/\" class=\"yoast-seo-meta-tag\" \/>\n<meta property=\"og:site_name\" content=\"FocusEconomics [ES]\" class=\"yoast-seo-meta-tag\" \/>\n<meta property=\"article:publisher\" content=\"https:\/\/www.facebook.com\/FocusEconomics\" class=\"yoast-seo-meta-tag\" \/>\n<meta property=\"article:modified_time\" content=\"2023-09-08T19:44:55+00:00\" class=\"yoast-seo-meta-tag\" \/>\n<meta property=\"og:image\" content=\"https:\/\/focus.nm-img.net\/uploads\/sites\/5\/2023\/03\/image-card-gas-1024x330.png\" class=\"yoast-seo-meta-tag\" \/>\n\t<meta property=\"og:image:width\" content=\"1024\" class=\"yoast-seo-meta-tag\" \/>\n\t<meta property=\"og:image:height\" content=\"330\" class=\"yoast-seo-meta-tag\" \/>\n\t<meta property=\"og:image:type\" content=\"image\/png\" class=\"yoast-seo-meta-tag\" \/>\n<meta name=\"twitter:card\" content=\"summary_large_image\" class=\"yoast-seo-meta-tag\" \/>\n<meta name=\"twitter:site\" content=\"@FocusEconomics\" class=\"yoast-seo-meta-tag\" \/>\n<meta name=\"twitter:label1\" content=\"Tiempo de lectura\" class=\"yoast-seo-meta-tag\" \/>\n\t<meta name=\"twitter:data1\" content=\"2 minutos\" class=\"yoast-seo-meta-tag\" \/>\n<script type=\"application\/ld+json\" class=\"yoast-schema-graph\">{\"@context\":\"https:\/\/schema.org\",\"@graph\":[{\"@type\":\"WebPage\",\"@id\":\"https:\/\/focus.s.nomatter.dev\/es\/blog\/implicaciones-economicas-de-la-guerra-de-ucrania\/\",\"url\":\"https:\/\/focus.s.nomatter.dev\/es\/blog\/implicaciones-economicas-de-la-guerra-de-ucrania\/\",\"name\":\"Ukraine War: Economic Implications | Free Special Report\",\"isPartOf\":{\"@id\":\"https:\/\/focus.s.nomatter.dev\/es\/#website\"},\"primaryImageOfPage\":{\"@id\":\"https:\/\/focus.s.nomatter.dev\/es\/blog\/implicaciones-economicas-de-la-guerra-de-ucrania\/#primaryimage\"},\"image\":{\"@id\":\"https:\/\/focus.s.nomatter.dev\/es\/blog\/implicaciones-economicas-de-la-guerra-de-ucrania\/#primaryimage\"},\"thumbnailUrl\":\"https:\/\/focus-stg.nm-img.net\/uploads\/sites\/5\/2023\/03\/image-card-gas.png\",\"datePublished\":\"2023-03-07T13:44:50+00:00\",\"dateModified\":\"2023-09-08T19:44:55+00:00\",\"description\":\"The outlook for the Ukraine War and for the economies involved remains uncertain. How will the economies of the countries involved perform?\",\"breadcrumb\":{\"@id\":\"https:\/\/focus.s.nomatter.dev\/es\/blog\/implicaciones-economicas-de-la-guerra-de-ucrania\/#breadcrumb\"},\"inLanguage\":\"es\",\"potentialAction\":[{\"@type\":\"ReadAction\",\"target\":[\"https:\/\/focus.s.nomatter.dev\/es\/blog\/implicaciones-economicas-de-la-guerra-de-ucrania\/\"]}]},{\"@type\":\"ImageObject\",\"inLanguage\":\"es\",\"@id\":\"https:\/\/focus.s.nomatter.dev\/es\/blog\/implicaciones-economicas-de-la-guerra-de-ucrania\/#primaryimage\",\"url\":\"https:\/\/focus-stg.nm-img.net\/uploads\/sites\/5\/2023\/03\/image-card-gas.png\",\"contentUrl\":\"https:\/\/focus-stg.nm-img.net\/uploads\/sites\/5\/2023\/03\/image-card-gas.png\",\"width\":3903,\"height\":1257,\"caption\":\"Ukraine War\"},{\"@type\":\"BreadcrumbList\",\"@id\":\"https:\/\/focus.s.nomatter.dev\/es\/blog\/implicaciones-economicas-de-la-guerra-de-ucrania\/#breadcrumb\",\"itemListElement\":[{\"@type\":\"ListItem\",\"position\":1,\"name\":\"Home\",\"item\":\"https:\/\/focus.s.nomatter.dev\/es\/\"},{\"@type\":\"ListItem\",\"position\":2,\"name\":\"An\u00e1lisis\",\"item\":\"https:\/\/focus.s.nomatter.dev\/es\/blog\/\"},{\"@type\":\"ListItem\",\"position\":3,\"name\":\"Informe especial : Implicaciones econ\u00f3micas de la guerra de Ucrania\"}]},{\"@type\":\"WebSite\",\"@id\":\"https:\/\/focus.s.nomatter.dev\/es\/#website\",\"url\":\"https:\/\/focus.s.nomatter.dev\/es\/\",\"name\":\"FocusEconomics\",\"description\":\"Economic Indicators, News and Forecasts\",\"publisher\":{\"@id\":\"https:\/\/focus.s.nomatter.dev\/es\/#organization\"},\"potentialAction\":[{\"@type\":\"SearchAction\",\"target\":{\"@type\":\"EntryPoint\",\"urlTemplate\":\"https:\/\/focus.s.nomatter.dev\/es\/search-results\/?global-search={search_term_string}\"},\"query-input\":{\"@type\":\"PropertyValueSpecification\",\"valueRequired\":true,\"valueName\":\"search_term_string\"}}],\"inLanguage\":\"es\"},{\"@type\":\"Organization\",\"@id\":\"https:\/\/focus.s.nomatter.dev\/es\/#organization\",\"name\":\"FocusEconomics\",\"url\":\"https:\/\/focus.s.nomatter.dev\/es\/\",\"logo\":{\"@type\":\"ImageObject\",\"inLanguage\":\"es\",\"@id\":\"https:\/\/focus.s.nomatter.dev\/es\/#\/schema\/logo\/image\/\",\"url\":\"https:\/\/focus-d7op8.kinsta.storage\/production\/uploads\/sites\/5\/2022\/08\/logo.svg\",\"contentUrl\":\"https:\/\/focus-d7op8.kinsta.storage\/production\/uploads\/sites\/5\/2022\/08\/logo.svg\",\"width\":277,\"height\":54,\"caption\":\"FocusEconomics\"},\"image\":{\"@id\":\"https:\/\/focus.s.nomatter.dev\/es\/#\/schema\/logo\/image\/\"},\"sameAs\":[\"https:\/\/www.facebook.com\/FocusEconomics\",\"https:\/\/x.com\/FocusEconomics\"]}]}<\/script>\n<!-- \/ Yoast SEO Premium plugin. -->","yoast_head_json":{"title":"Ukraine War: Economic Implications | Free Special Report","description":"The outlook for the Ukraine War and for the economies involved remains uncertain. How will the economies of the countries involved perform?","robots":{"index":"noindex","follow":"follow","max-snippet":"max-snippet:-1","max-image-preview":"max-image-preview:large","max-video-preview":"max-video-preview:-1"},"og_locale":"es_ES","og_type":"article","og_title":"Informe especial : Implicaciones econ\u00f3micas de la guerra de Ucrania","og_description":"The outlook for the Ukraine War and for the economies involved remains uncertain. How will the economies of the countries involved perform?","og_url":"https:\/\/focus.s.nomatter.dev\/es\/blog\/implicaciones-economicas-de-la-guerra-de-ucrania\/","og_site_name":"FocusEconomics [ES]","article_publisher":"https:\/\/www.facebook.com\/FocusEconomics","article_modified_time":"2023-09-08T19:44:55+00:00","og_image":[{"width":1024,"height":330,"url":"https:\/\/focus.nm-img.net\/uploads\/sites\/5\/2023\/03\/image-card-gas-1024x330.png","type":"image\/png"}],"twitter_card":"summary_large_image","twitter_site":"@FocusEconomics","twitter_misc":{"Tiempo de lectura":"2 minutos"},"schema":{"@context":"https:\/\/schema.org","@graph":[{"@type":"WebPage","@id":"https:\/\/focus.s.nomatter.dev\/es\/blog\/implicaciones-economicas-de-la-guerra-de-ucrania\/","url":"https:\/\/focus.s.nomatter.dev\/es\/blog\/implicaciones-economicas-de-la-guerra-de-ucrania\/","name":"Ukraine War: Economic Implications | Free Special Report","isPartOf":{"@id":"https:\/\/focus.s.nomatter.dev\/es\/#website"},"primaryImageOfPage":{"@id":"https:\/\/focus.s.nomatter.dev\/es\/blog\/implicaciones-economicas-de-la-guerra-de-ucrania\/#primaryimage"},"image":{"@id":"https:\/\/focus.s.nomatter.dev\/es\/blog\/implicaciones-economicas-de-la-guerra-de-ucrania\/#primaryimage"},"thumbnailUrl":"https:\/\/focus-stg.nm-img.net\/uploads\/sites\/5\/2023\/03\/image-card-gas.png","datePublished":"2023-03-07T13:44:50+00:00","dateModified":"2023-09-08T19:44:55+00:00","description":"The outlook for the Ukraine War and for the economies involved remains uncertain. How will the economies of the countries involved perform?","breadcrumb":{"@id":"https:\/\/focus.s.nomatter.dev\/es\/blog\/implicaciones-economicas-de-la-guerra-de-ucrania\/#breadcrumb"},"inLanguage":"es","potentialAction":[{"@type":"ReadAction","target":["https:\/\/focus.s.nomatter.dev\/es\/blog\/implicaciones-economicas-de-la-guerra-de-ucrania\/"]}]},{"@type":"ImageObject","inLanguage":"es","@id":"https:\/\/focus.s.nomatter.dev\/es\/blog\/implicaciones-economicas-de-la-guerra-de-ucrania\/#primaryimage","url":"https:\/\/focus-stg.nm-img.net\/uploads\/sites\/5\/2023\/03\/image-card-gas.png","contentUrl":"https:\/\/focus-stg.nm-img.net\/uploads\/sites\/5\/2023\/03\/image-card-gas.png","width":3903,"height":1257,"caption":"Ukraine War"},{"@type":"BreadcrumbList","@id":"https:\/\/focus.s.nomatter.dev\/es\/blog\/implicaciones-economicas-de-la-guerra-de-ucrania\/#breadcrumb","itemListElement":[{"@type":"ListItem","position":1,"name":"Home","item":"https:\/\/focus.s.nomatter.dev\/es\/"},{"@type":"ListItem","position":2,"name":"An\u00e1lisis","item":"https:\/\/focus.s.nomatter.dev\/es\/blog\/"},{"@type":"ListItem","position":3,"name":"Informe especial : Implicaciones econ\u00f3micas de la guerra de Ucrania"}]},{"@type":"WebSite","@id":"https:\/\/focus.s.nomatter.dev\/es\/#website","url":"https:\/\/focus.s.nomatter.dev\/es\/","name":"FocusEconomics","description":"Economic Indicators, News and Forecasts","publisher":{"@id":"https:\/\/focus.s.nomatter.dev\/es\/#organization"},"potentialAction":[{"@type":"SearchAction","target":{"@type":"EntryPoint","urlTemplate":"https:\/\/focus.s.nomatter.dev\/es\/search-results\/?global-search={search_term_string}"},"query-input":{"@type":"PropertyValueSpecification","valueRequired":true,"valueName":"search_term_string"}}],"inLanguage":"es"},{"@type":"Organization","@id":"https:\/\/focus.s.nomatter.dev\/es\/#organization","name":"FocusEconomics","url":"https:\/\/focus.s.nomatter.dev\/es\/","logo":{"@type":"ImageObject","inLanguage":"es","@id":"https:\/\/focus.s.nomatter.dev\/es\/#\/schema\/logo\/image\/","url":"https:\/\/focus-d7op8.kinsta.storage\/production\/uploads\/sites\/5\/2022\/08\/logo.svg","contentUrl":"https:\/\/focus-d7op8.kinsta.storage\/production\/uploads\/sites\/5\/2022\/08\/logo.svg","width":277,"height":54,"caption":"FocusEconomics"},"image":{"@id":"https:\/\/focus.s.nomatter.dev\/es\/#\/schema\/logo\/image\/"},"sameAs":["https:\/\/www.facebook.com\/FocusEconomics","https:\/\/x.com\/FocusEconomics"]}]}},"_links":{"self":[{"href":"https:\/\/focus.s.nomatter.dev\/es\/wp-json\/wp\/v2\/pages\/51235","targetHints":{"allow":["GET"]}}],"collection":[{"href":"https:\/\/focus.s.nomatter.dev\/es\/wp-json\/wp\/v2\/pages"}],"about":[{"href":"https:\/\/focus.s.nomatter.dev\/es\/wp-json\/wp\/v2\/types\/page"}],"author":[{"embeddable":true,"href":"https:\/\/focus.s.nomatter.dev\/es\/wp-json\/wp\/v2\/users\/7"}],"replies":[{"embeddable":true,"href":"https:\/\/focus.s.nomatter.dev\/es\/wp-json\/wp\/v2\/comments?post=51235"}],"version-history":[{"count":1,"href":"https:\/\/focus.s.nomatter.dev\/es\/wp-json\/wp\/v2\/pages\/51235\/revisions"}],"predecessor-version":[{"id":157960,"href":"https:\/\/focus.s.nomatter.dev\/es\/wp-json\/wp\/v2\/pages\/51235\/revisions\/157960"}],"up":[{"embeddable":true,"href":"https:\/\/focus.s.nomatter.dev\/es\/wp-json\/wp\/v2\/pages\/177"}],"wp:featuredmedia":[{"embeddable":true,"href":"https:\/\/focus.s.nomatter.dev\/es\/wp-json\/wp\/v2\/media\/51262"}],"wp:attachment":[{"href":"https:\/\/focus.s.nomatter.dev\/es\/wp-json\/wp\/v2\/media?parent=51235"}],"curies":[{"name":"wp","href":"https:\/\/api.w.org\/{rel}","templated":true}]}}