{"id":85501,"date":"2023-05-29T09:37:48","date_gmt":"2023-05-29T09:37:48","guid":{"rendered":"https:\/\/focus.s.nomatter.dev\/es\/?page_id=85501"},"modified":"2023-07-12T12:36:29","modified_gmt":"2023-07-12T12:36:29","slug":"informe-especial-la-guerra-en-ucrania-repercusiones-regionales","status":"publish","type":"page","link":"https:\/\/focus.s.nomatter.dev\/es\/blog\/informe-especial-la-guerra-en-ucrania-repercusiones-regionales\/","title":{"rendered":"Informe especial : La guerra en Ucrania &#8211; repercusiones regionales"},"content":{"rendered":"<p>En este informe examinamos las perspectivas para Europa del Este en 2023, un a\u00f1o despu\u00e9s de la guerra entre Rusia y Ucrania. Tambi\u00e9n analizamos c\u00f3mo ha afectado la guerra al panorama econ\u00f3mico y monetario de Europa Central y Oriental (ECE), la Comunidad de Estados Independientes (CEI) y Europa Sudoriental (EES); las perspectivas econ\u00f3micas de estas regiones; y los principales riesgos para las perspectivas.<\/p>\n<p><strong>El informe sobre la guerra de Ucrania incluye:<\/strong><\/p>\n<ul>\n<li>Previsiones de consenso para los pa\u00edses de ECE, CEI y SEE<\/li>\n<li>Los principales riesgos para las perspectivas de cada regi\u00f3n<\/li>\n<li>Citas de nuestros analistas<\/li>\n<\/ul>\n<p><strong>Acerca de FocusEconomics<\/strong><\/p>\n<p><em>FocusEconomics es un proveedor l\u00edder de an\u00e1lisis y previsiones econ\u00f3micas para 198 pa\u00edses de \u00c1frica, Asia, Am\u00e9rica, Europa y Oriente Medio, as\u00ed como de previsiones de precios para m\u00e1s de 30 materias primas clave. La empresa cuenta con el apoyo de una amplia red mundial de analistas.<\/em><\/p>\n<p><em>Desde su lanzamiento hace m\u00e1s de 20 a\u00f1os, FocusEconomics se ha labrado una s\u00f3lida reputaci\u00f3n como fuente fiable de inteligencia empresarial oportuna y precisa entre clientes de diversos sectores, incluidas las principales instituciones financieras, empresas multinacionales y organismos gubernamentales del mundo.<\/em><\/p>\n<p><em>Si desea saber m\u00e1s sobre FocusEconomics y qu\u00e9 hace que Consensus Forecast sea tan valioso, visite nuestra p\u00e1gina <a href=\"https:\/\/focus.s.nomatter.dev\/es\/about-us\/\">Qui\u00e9nes somos<\/a>.<\/em><\/p>\n<p><em>\u00bfPor qu\u00e9 le pedimos sus datos personales?<\/em><\/p>\n<p><em>Toda la informaci\u00f3n que nos proporcione ser\u00e1 privada. Nunca facilitaremos sus datos personales a terceros ni le enviaremos spam. Se lo prometemos.<\/em><\/p>\n","protected":false},"excerpt":{"rendered":"<p>En este informe examinamos las perspectivas para Europa del Este en 2023, un a\u00f1o despu\u00e9s de la guerra entre Rusia y Ucrania. Tambi\u00e9n analizamos c\u00f3mo ha afectado la guerra al panorama econ\u00f3mico y monetario de Europa Central y Oriental (ECE), la Comunidad de Estados Independientes (CEI) y Europa Sudoriental (EES); las perspectivas econ\u00f3micas de estas<\/p>\n","protected":false},"author":7,"featured_media":51300,"parent":177,"menu_order":0,"comment_status":"closed","ping_status":"closed","template":"template-simple.blade.php","meta":{"_acf_changed":false,"editor_notices":[],"footnotes":""},"class_list":["post-85501","page","type-page","status-publish","has-post-thumbnail","hentry"],"acf":[],"yoast_head":"<!-- This site is optimized with the Yoast SEO Premium plugin v26.9 (Yoast SEO v26.9) - https:\/\/yoast.com\/product\/yoast-seo-premium-wordpress\/ -->\n<title>Ukraine War: Economic Implications | Free Special Report<\/title>\n<meta name=\"description\" content=\"The outlook for the Ukraine War and for the economies involved remains uncertain. How will the economies of the countries involved perform?\" class=\"yoast-seo-meta-tag\" \/>\n<meta name=\"robots\" content=\"noindex, nofollow\" \/>\n<meta property=\"og:locale\" content=\"es_ES\" class=\"yoast-seo-meta-tag\" \/>\n<meta property=\"og:type\" content=\"article\" class=\"yoast-seo-meta-tag\" \/>\n<meta property=\"og:title\" content=\"Informe especial : La guerra en Ucrania - repercusiones regionales\" class=\"yoast-seo-meta-tag\" \/>\n<meta property=\"og:description\" content=\"The outlook for the Ukraine War and for the economies involved remains uncertain. How will the economies of the countries involved perform?\" class=\"yoast-seo-meta-tag\" \/>\n<meta property=\"og:url\" content=\"https:\/\/focus.s.nomatter.dev\/es\/blog\/informe-especial-la-guerra-en-ucrania-repercusiones-regionales\/\" class=\"yoast-seo-meta-tag\" \/>\n<meta property=\"og:site_name\" content=\"FocusEconomics [ES]\" class=\"yoast-seo-meta-tag\" \/>\n<meta property=\"article:publisher\" content=\"https:\/\/www.facebook.com\/FocusEconomics\" class=\"yoast-seo-meta-tag\" \/>\n<meta property=\"article:modified_time\" content=\"2023-07-12T12:36:29+00:00\" class=\"yoast-seo-meta-tag\" \/>\n<meta property=\"og:image\" content=\"https:\/\/focus.nm-img.net\/uploads\/sites\/5\/2023\/03\/Ukraine-Image-scaled-e1678364441252.jpg\" class=\"yoast-seo-meta-tag\" \/>\n\t<meta property=\"og:image:width\" content=\"1000\" class=\"yoast-seo-meta-tag\" \/>\n\t<meta property=\"og:image:height\" content=\"667\" class=\"yoast-seo-meta-tag\" \/>\n\t<meta property=\"og:image:type\" content=\"image\/jpeg\" class=\"yoast-seo-meta-tag\" \/>\n<meta name=\"twitter:card\" content=\"summary_large_image\" class=\"yoast-seo-meta-tag\" \/>\n<meta name=\"twitter:site\" content=\"@FocusEconomics\" class=\"yoast-seo-meta-tag\" \/>\n<meta name=\"twitter:label1\" content=\"Tiempo de lectura\" class=\"yoast-seo-meta-tag\" \/>\n\t<meta name=\"twitter:data1\" content=\"2 minutos\" class=\"yoast-seo-meta-tag\" \/>\n<script type=\"application\/ld+json\" class=\"yoast-schema-graph\">{\"@context\":\"https:\/\/schema.org\",\"@graph\":[{\"@type\":\"WebPage\",\"@id\":\"https:\/\/focus.s.nomatter.dev\/es\/blog\/informe-especial-la-guerra-en-ucrania-repercusiones-regionales\/\",\"url\":\"https:\/\/focus.s.nomatter.dev\/es\/blog\/informe-especial-la-guerra-en-ucrania-repercusiones-regionales\/\",\"name\":\"Ukraine War: Economic Implications | Free Special Report\",\"isPartOf\":{\"@id\":\"https:\/\/focus.s.nomatter.dev\/es\/#website\"},\"primaryImageOfPage\":{\"@id\":\"https:\/\/focus.s.nomatter.dev\/es\/blog\/informe-especial-la-guerra-en-ucrania-repercusiones-regionales\/#primaryimage\"},\"image\":{\"@id\":\"https:\/\/focus.s.nomatter.dev\/es\/blog\/informe-especial-la-guerra-en-ucrania-repercusiones-regionales\/#primaryimage\"},\"thumbnailUrl\":\"https:\/\/focus-stg.nm-img.net\/uploads\/sites\/5\/2023\/03\/Ukraine-Image-scaled-e1678364441252.jpg\",\"datePublished\":\"2023-05-29T09:37:48+00:00\",\"dateModified\":\"2023-07-12T12:36:29+00:00\",\"description\":\"The outlook for the Ukraine War and for the economies involved remains uncertain. How will the economies of the countries involved perform?\",\"breadcrumb\":{\"@id\":\"https:\/\/focus.s.nomatter.dev\/es\/blog\/informe-especial-la-guerra-en-ucrania-repercusiones-regionales\/#breadcrumb\"},\"inLanguage\":\"es\",\"potentialAction\":[{\"@type\":\"ReadAction\",\"target\":[\"https:\/\/focus.s.nomatter.dev\/es\/blog\/informe-especial-la-guerra-en-ucrania-repercusiones-regionales\/\"]}]},{\"@type\":\"ImageObject\",\"inLanguage\":\"es\",\"@id\":\"https:\/\/focus.s.nomatter.dev\/es\/blog\/informe-especial-la-guerra-en-ucrania-repercusiones-regionales\/#primaryimage\",\"url\":\"https:\/\/focus-stg.nm-img.net\/uploads\/sites\/5\/2023\/03\/Ukraine-Image-scaled-e1678364441252.jpg\",\"contentUrl\":\"https:\/\/focus-stg.nm-img.net\/uploads\/sites\/5\/2023\/03\/Ukraine-Image-scaled-e1678364441252.jpg\",\"width\":1000,\"height\":667,\"caption\":\"Wooden door with light blue and yellow colors\"},{\"@type\":\"BreadcrumbList\",\"@id\":\"https:\/\/focus.s.nomatter.dev\/es\/blog\/informe-especial-la-guerra-en-ucrania-repercusiones-regionales\/#breadcrumb\",\"itemListElement\":[{\"@type\":\"ListItem\",\"position\":1,\"name\":\"Home\",\"item\":\"https:\/\/focus.s.nomatter.dev\/es\/\"},{\"@type\":\"ListItem\",\"position\":2,\"name\":\"An\u00e1lisis\",\"item\":\"https:\/\/focus.s.nomatter.dev\/es\/blog\/\"},{\"@type\":\"ListItem\",\"position\":3,\"name\":\"Informe especial : La guerra en Ucrania &#8211; repercusiones regionales\"}]},{\"@type\":\"WebSite\",\"@id\":\"https:\/\/focus.s.nomatter.dev\/es\/#website\",\"url\":\"https:\/\/focus.s.nomatter.dev\/es\/\",\"name\":\"FocusEconomics\",\"description\":\"Economic Indicators, News and Forecasts\",\"publisher\":{\"@id\":\"https:\/\/focus.s.nomatter.dev\/es\/#organization\"},\"potentialAction\":[{\"@type\":\"SearchAction\",\"target\":{\"@type\":\"EntryPoint\",\"urlTemplate\":\"https:\/\/focus.s.nomatter.dev\/es\/search-results\/?global-search={search_term_string}\"},\"query-input\":{\"@type\":\"PropertyValueSpecification\",\"valueRequired\":true,\"valueName\":\"search_term_string\"}}],\"inLanguage\":\"es\"},{\"@type\":\"Organization\",\"@id\":\"https:\/\/focus.s.nomatter.dev\/es\/#organization\",\"name\":\"FocusEconomics\",\"url\":\"https:\/\/focus.s.nomatter.dev\/es\/\",\"logo\":{\"@type\":\"ImageObject\",\"inLanguage\":\"es\",\"@id\":\"https:\/\/focus.s.nomatter.dev\/es\/#\/schema\/logo\/image\/\",\"url\":\"https:\/\/focus-d7op8.kinsta.storage\/production\/uploads\/sites\/5\/2022\/08\/logo.svg\",\"contentUrl\":\"https:\/\/focus-d7op8.kinsta.storage\/production\/uploads\/sites\/5\/2022\/08\/logo.svg\",\"width\":277,\"height\":54,\"caption\":\"FocusEconomics\"},\"image\":{\"@id\":\"https:\/\/focus.s.nomatter.dev\/es\/#\/schema\/logo\/image\/\"},\"sameAs\":[\"https:\/\/www.facebook.com\/FocusEconomics\",\"https:\/\/x.com\/FocusEconomics\"]}]}<\/script>\n<!-- \/ Yoast SEO Premium plugin. -->","yoast_head_json":{"title":"Ukraine War: Economic Implications | Free Special Report","description":"The outlook for the Ukraine War and for the economies involved remains uncertain. How will the economies of the countries involved perform?","robots":{"index":"noindex","follow":"nofollow"},"og_locale":"es_ES","og_type":"article","og_title":"Informe especial : La guerra en Ucrania - repercusiones regionales","og_description":"The outlook for the Ukraine War and for the economies involved remains uncertain. How will the economies of the countries involved perform?","og_url":"https:\/\/focus.s.nomatter.dev\/es\/blog\/informe-especial-la-guerra-en-ucrania-repercusiones-regionales\/","og_site_name":"FocusEconomics [ES]","article_publisher":"https:\/\/www.facebook.com\/FocusEconomics","article_modified_time":"2023-07-12T12:36:29+00:00","og_image":[{"width":1000,"height":667,"url":"https:\/\/focus.nm-img.net\/uploads\/sites\/5\/2023\/03\/Ukraine-Image-scaled-e1678364441252.jpg","type":"image\/jpeg"}],"twitter_card":"summary_large_image","twitter_site":"@FocusEconomics","twitter_misc":{"Tiempo de lectura":"2 minutos"},"schema":{"@context":"https:\/\/schema.org","@graph":[{"@type":"WebPage","@id":"https:\/\/focus.s.nomatter.dev\/es\/blog\/informe-especial-la-guerra-en-ucrania-repercusiones-regionales\/","url":"https:\/\/focus.s.nomatter.dev\/es\/blog\/informe-especial-la-guerra-en-ucrania-repercusiones-regionales\/","name":"Ukraine War: Economic Implications | Free Special Report","isPartOf":{"@id":"https:\/\/focus.s.nomatter.dev\/es\/#website"},"primaryImageOfPage":{"@id":"https:\/\/focus.s.nomatter.dev\/es\/blog\/informe-especial-la-guerra-en-ucrania-repercusiones-regionales\/#primaryimage"},"image":{"@id":"https:\/\/focus.s.nomatter.dev\/es\/blog\/informe-especial-la-guerra-en-ucrania-repercusiones-regionales\/#primaryimage"},"thumbnailUrl":"https:\/\/focus-stg.nm-img.net\/uploads\/sites\/5\/2023\/03\/Ukraine-Image-scaled-e1678364441252.jpg","datePublished":"2023-05-29T09:37:48+00:00","dateModified":"2023-07-12T12:36:29+00:00","description":"The outlook for the Ukraine War and for the economies involved remains uncertain. How will the economies of the countries involved perform?","breadcrumb":{"@id":"https:\/\/focus.s.nomatter.dev\/es\/blog\/informe-especial-la-guerra-en-ucrania-repercusiones-regionales\/#breadcrumb"},"inLanguage":"es","potentialAction":[{"@type":"ReadAction","target":["https:\/\/focus.s.nomatter.dev\/es\/blog\/informe-especial-la-guerra-en-ucrania-repercusiones-regionales\/"]}]},{"@type":"ImageObject","inLanguage":"es","@id":"https:\/\/focus.s.nomatter.dev\/es\/blog\/informe-especial-la-guerra-en-ucrania-repercusiones-regionales\/#primaryimage","url":"https:\/\/focus-stg.nm-img.net\/uploads\/sites\/5\/2023\/03\/Ukraine-Image-scaled-e1678364441252.jpg","contentUrl":"https:\/\/focus-stg.nm-img.net\/uploads\/sites\/5\/2023\/03\/Ukraine-Image-scaled-e1678364441252.jpg","width":1000,"height":667,"caption":"Wooden door with light blue and yellow colors"},{"@type":"BreadcrumbList","@id":"https:\/\/focus.s.nomatter.dev\/es\/blog\/informe-especial-la-guerra-en-ucrania-repercusiones-regionales\/#breadcrumb","itemListElement":[{"@type":"ListItem","position":1,"name":"Home","item":"https:\/\/focus.s.nomatter.dev\/es\/"},{"@type":"ListItem","position":2,"name":"An\u00e1lisis","item":"https:\/\/focus.s.nomatter.dev\/es\/blog\/"},{"@type":"ListItem","position":3,"name":"Informe especial : La guerra en Ucrania &#8211; repercusiones regionales"}]},{"@type":"WebSite","@id":"https:\/\/focus.s.nomatter.dev\/es\/#website","url":"https:\/\/focus.s.nomatter.dev\/es\/","name":"FocusEconomics","description":"Economic Indicators, News and Forecasts","publisher":{"@id":"https:\/\/focus.s.nomatter.dev\/es\/#organization"},"potentialAction":[{"@type":"SearchAction","target":{"@type":"EntryPoint","urlTemplate":"https:\/\/focus.s.nomatter.dev\/es\/search-results\/?global-search={search_term_string}"},"query-input":{"@type":"PropertyValueSpecification","valueRequired":true,"valueName":"search_term_string"}}],"inLanguage":"es"},{"@type":"Organization","@id":"https:\/\/focus.s.nomatter.dev\/es\/#organization","name":"FocusEconomics","url":"https:\/\/focus.s.nomatter.dev\/es\/","logo":{"@type":"ImageObject","inLanguage":"es","@id":"https:\/\/focus.s.nomatter.dev\/es\/#\/schema\/logo\/image\/","url":"https:\/\/focus-d7op8.kinsta.storage\/production\/uploads\/sites\/5\/2022\/08\/logo.svg","contentUrl":"https:\/\/focus-d7op8.kinsta.storage\/production\/uploads\/sites\/5\/2022\/08\/logo.svg","width":277,"height":54,"caption":"FocusEconomics"},"image":{"@id":"https:\/\/focus.s.nomatter.dev\/es\/#\/schema\/logo\/image\/"},"sameAs":["https:\/\/www.facebook.com\/FocusEconomics","https:\/\/x.com\/FocusEconomics"]}]}},"_links":{"self":[{"href":"https:\/\/focus.s.nomatter.dev\/es\/wp-json\/wp\/v2\/pages\/85501","targetHints":{"allow":["GET"]}}],"collection":[{"href":"https:\/\/focus.s.nomatter.dev\/es\/wp-json\/wp\/v2\/pages"}],"about":[{"href":"https:\/\/focus.s.nomatter.dev\/es\/wp-json\/wp\/v2\/types\/page"}],"author":[{"embeddable":true,"href":"https:\/\/focus.s.nomatter.dev\/es\/wp-json\/wp\/v2\/users\/7"}],"replies":[{"embeddable":true,"href":"https:\/\/focus.s.nomatter.dev\/es\/wp-json\/wp\/v2\/comments?post=85501"}],"version-history":[{"count":0,"href":"https:\/\/focus.s.nomatter.dev\/es\/wp-json\/wp\/v2\/pages\/85501\/revisions"}],"up":[{"embeddable":true,"href":"https:\/\/focus.s.nomatter.dev\/es\/wp-json\/wp\/v2\/pages\/177"}],"wp:featuredmedia":[{"embeddable":true,"href":"https:\/\/focus.s.nomatter.dev\/es\/wp-json\/wp\/v2\/media\/51300"}],"wp:attachment":[{"href":"https:\/\/focus.s.nomatter.dev\/es\/wp-json\/wp\/v2\/media?parent=85501"}],"curies":[{"name":"wp","href":"https:\/\/api.w.org\/{rel}","templated":true}]}}